{"id":1595,"date":"2026-04-22T13:46:46","date_gmt":"2026-04-22T10:46:46","guid":{"rendered":"https:\/\/hosting.testserver.fi\/?page_id=1595"},"modified":"2026-04-22T13:48:11","modified_gmt":"2026-04-22T10:48:11","slug":"ax","status":"publish","type":"page","link":"https:\/\/hostingfinland.fi\/en\/domain-name\/ax\/","title":{"rendered":"AX domain name"},"content":{"rendered":"\n<div class=\"gb-element-ac92a3d1\">\n<div class=\"gb-element-65894e89\">\n<div class=\"gb-element-53554ef9\">\n<div class=\"gb-element-5f1afb1d\">\n<h1 class=\"gb-text\"><strong>Register and buy .AX domain name<\/strong><\/h1>\n\n\n\n<p class=\"gb-text gb-text-1acbf48f\">An AX domain name is a domain ending in .ax. It is also the official top-level domain for \u00c5land. If you operate in \u00c5land, an .ax domain name is the natural choice. An AX domain name can be registered for 1, 3, or 5 years. Even individuals and organizations outside \u00c5land and Finland can register an AX domain.<\/p>\n<\/div>\n\n\n\n<div class=\"gb-element-27e0bca9\">\n<p class=\"gb-text-a74e12dd\"><span class=\"gb-shape\"><svg xmlns=\"http:\/\/www.w3.org\/2000\/svg\" width=\"800\" height=\"800\" aria-hidden=\"true\" class=\"iconify iconify--twemoji\" viewBox=\"0 0 36 36\"><path fill=\"#FFCE00\" d=\"M18 5h-2v11h20v-2H18zm-2 17v9h2v-9h18v-2H16zm-3-2H0v2h11v9h2v-9zm0-6V5h-2v9H0v2h13z\"><\/path><path fill=\"#D21034\" d=\"M16 5h-3v11H0v4h13v11h3V20h20v-4H16z\"><\/path><path fill=\"#0053A5\" d=\"M18 22v9h14a4 4 0 0 0 4-4v-5H18zM0 22v5a4 4 0 0 0 4 4h7v-9H0zM11 5H4a4 4 0 0 0-4 4v5h11V5zm21 0H18v9h18V9a4 4 0 0 0-4-4z\"><\/path><\/svg><\/span><\/p>\n<\/div>\n<\/div>\n<\/div>\n<\/div>\n\n\n\n<div class=\"gb-element-c51be40f\" id=\"doman\">\n<div class=\"gb-element-2af536c9\">\n<h1 class=\"gb-text gb-text-4f4379af\"><strong>Buy AX domain names in just a few minutes<\/strong><\/h1>\n\n\n\n<p class=\"gb-text gb-text-8b1ddeef\">You can easily check whether the domain name you want to register is available via our online store. The price is displayed after the domain name&#8217;s availability has been checked. If it is available, you can register it directly in a few minutes.<br><br>If you already have a domain name that you want to transfer to us, you do the same: enter the domain name in the search box and select to transfer it. You will need a transfer code (also known as an auth code or EPP code) to complete the transfer. When it is time to renew your domain name, you will receive a reminder via email. Please note that in order to use your domain name, you will also need to purchase <a href=\"https:\/\/hostingfinland.fi\/en\/web-hosting\/\" target=\"_blank\" rel=\"noopener\" title=\"Web Hosting\"><strong>web hosting<\/strong><\/a><a href=\"https:\/\/hostingfinland.fi\/en\/web-hosting\/\" title=\"Web Hosting\">.<\/a><\/p>\n\n\n\n<div class=\"gb-element-b2fe9927\">\n<a class=\"gb-text gb-text-456160d6 smooth-scroll\" href=\"https:\/\/my.hostingfinland.fi\/order\/config\/preconfig\/doman\" target=\"_blank\" rel=\"noopener\">Check availability<\/a>\n<\/div>\n<\/div>\n<\/div>\n\n\n\n<div class=\"gb-element-d3193179\">\n<div class=\"gb-element-79d2561a\">\n<h2 class=\"gb-text gb-text-bc75818a\"><strong>Tips for registering domain names<\/strong><\/h2>\n\n\n\n<div class=\"gb-element-c2a86b09\">\n<div>\n<p class=\"gb-text-8e51048c\"><span class=\"gb-shape\"><svg aria-hidden=\"true\" role=\"img\" height=\"1em\" width=\"1em\" viewBox=\"0 0 512 512\" xmlns=\"http:\/\/www.w3.org\/2000\/svg\"><path fill=\"currentColor\" d=\"M504 256c0 136.967-111.033 248-248 248S8 392.967 8 256 119.033 8 256 8s248 111.033 248 248zM227.314 387.314l184-184c6.248-6.248 6.248-16.379 0-22.627l-22.627-22.627c-6.248-6.249-16.379-6.249-22.628 0L216 308.118l-70.059-70.059c-6.248-6.248-16.379-6.248-22.628 0l-22.627 22.627c-6.248 6.248-6.248 16.379 0 22.627l104 104c6.249 6.249 16.379 6.249 22.628.001z\"><\/path><\/svg><\/span><span class=\"gb-text\"><strong>Choose a short name that is easy to remember:<\/strong><\/span><\/p>\n\n\n\n<p class=\"gb-text gb-text-ca2b1b04\">Shorter domain names are easier for visitors to type and remember. Avoid unnecessary numbers or hyphens.<\/p>\n<\/div>\n\n\n\n<div>\n<p class=\"gb-text-45a02faf\"><span class=\"gb-shape\"><svg aria-hidden=\"true\" role=\"img\" height=\"1em\" width=\"1em\" viewBox=\"0 0 512 512\" xmlns=\"http:\/\/www.w3.org\/2000\/svg\"><path fill=\"currentColor\" d=\"M504 256c0 136.967-111.033 248-248 248S8 392.967 8 256 119.033 8 256 8s248 111.033 248 248zM227.314 387.314l184-184c6.248-6.248 6.248-16.379 0-22.627l-22.627-22.627c-6.248-6.249-16.379-6.249-22.628 0L216 308.118l-70.059-70.059c-6.248-6.248-16.379-6.248-22.628 0l-22.627 22.627c-6.248 6.248-6.248 16.379 0 22.627l104 104c6.249 6.249 16.379 6.249 22.628.001z\"><\/path><\/svg><\/span><span class=\"gb-text\"><strong>Go for a relevant and clear name:<\/strong><\/span><\/p>\n\n\n\n<p class=\"gb-text gb-text-212cd076\">The name should reflect your company, brand, or business so that visitors immediately understand what the site is about.<\/p>\n<\/div>\n\n\n\n<div>\n<p class=\"gb-text-2a097785\"><span class=\"gb-shape\"><svg aria-hidden=\"true\" role=\"img\" height=\"1em\" width=\"1em\" viewBox=\"0 0 512 512\" xmlns=\"http:\/\/www.w3.org\/2000\/svg\"><path fill=\"currentColor\" d=\"M504 256c0 136.967-111.033 248-248 248S8 392.967 8 256 119.033 8 256 8s248 111.033 248 248zM227.314 387.314l184-184c6.248-6.248 6.248-16.379 0-22.627l-22.627-22.627c-6.248-6.249-16.379-6.249-22.628 0L216 308.118l-70.059-70.059c-6.248-6.248-16.379-6.248-22.628 0l-22.627 22.627c-6.248 6.248-6.248 16.379 0 22.627l104 104c6.249 6.249 16.379 6.249 22.628.001z\"><\/path><\/svg><\/span><span class=\"gb-text\"><strong>Check availability on social media:<\/strong><\/span><\/p>\n\n\n\n<p class=\"gb-text gb-text-a98b0fb5\">If you plan to use social media for marketing, make sure the same name is available there to maintain a consistent profile.<\/p>\n<\/div>\n\n\n\n<div>\n<p class=\"gb-text-1b36632d\"><span class=\"gb-shape\"><svg aria-hidden=\"true\" role=\"img\" height=\"1em\" width=\"1em\" viewBox=\"0 0 512 512\" xmlns=\"http:\/\/www.w3.org\/2000\/svg\"><path fill=\"currentColor\" d=\"M504 256c0 136.967-111.033 248-248 248S8 392.967 8 256 119.033 8 256 8s248 111.033 248 248zM227.314 387.314l184-184c6.248-6.248 6.248-16.379 0-22.627l-22.627-22.627c-6.248-6.249-16.379-6.249-22.628 0L216 308.118l-70.059-70.059c-6.248-6.248-16.379-6.248-22.628 0l-22.627 22.627c-6.248 6.248-6.248 16.379 0 22.627l104 104c6.249 6.249 16.379 6.249 22.628.001z\"><\/path><\/svg><\/span><span class=\"gb-text\"><strong>Select the appropriate top-level domain (.fi, .ax, .com, .eu, etc.)<\/strong><\/span><\/p>\n\n\n\n<p class=\"gb-text gb-text-9b000f9c\">Consider your target audience. For example, companies in Finland may prefer .fi, while international sites often use .com.<\/p>\n<\/div>\n\n\n\n<div>\n<p class=\"gb-text-a6e4de55\"><span class=\"gb-shape\"><svg aria-hidden=\"true\" role=\"img\" height=\"1em\" width=\"1em\" viewBox=\"0 0 512 512\" xmlns=\"http:\/\/www.w3.org\/2000\/svg\"><path fill=\"currentColor\" d=\"M504 256c0 136.967-111.033 248-248 248S8 392.967 8 256 119.033 8 256 8s248 111.033 248 248zM227.314 387.314l184-184c6.248-6.248 6.248-16.379 0-22.627l-22.627-22.627c-6.248-6.249-16.379-6.249-22.628 0L216 308.118l-70.059-70.059c-6.248-6.248-16.379-6.248-22.628 0l-22.627 22.627c-6.248 6.248-6.248 16.379 0 22.627l104 104c6.249 6.249 16.379 6.249 22.628.001z\"><\/path><\/svg><\/span><span class=\"gb-text\"><strong>Protect your brand<\/strong><\/span><\/p>\n\n\n\n<p class=\"gb-text gb-text-502b97ca\">Register multiple variations and common misspellings of your domain name to prevent competitors or fraudsters from taking them.<\/p>\n<\/div>\n\n\n\n<div>\n<p class=\"gb-text-a70c7e37\"><span class=\"gb-shape\"><svg aria-hidden=\"true\" role=\"img\" height=\"1em\" width=\"1em\" viewBox=\"0 0 512 512\" xmlns=\"http:\/\/www.w3.org\/2000\/svg\"><path fill=\"currentColor\" d=\"M504 256c0 136.967-111.033 248-248 248S8 392.967 8 256 119.033 8 256 8s248 111.033 248 248zM227.314 387.314l184-184c6.248-6.248 6.248-16.379 0-22.627l-22.627-22.627c-6.248-6.249-16.379-6.249-22.628 0L216 308.118l-70.059-70.059c-6.248-6.248-16.379-6.248-22.628 0l-22.627 22.627c-6.248 6.248-6.248 16.379 0 22.627l104 104c6.249 6.249 16.379 6.249 22.628.001z\"><\/path><\/svg><\/span><span class=\"gb-text\"><strong>Double-check the spelling<\/strong><\/span><\/p>\n\n\n\n<p class=\"gb-text gb-text-f326ffb3\">Please ensure that you have spelled the domain name correctly. Once the domain name is registered, it cannot be canceled.<\/p>\n<\/div>\n<\/div>\n<\/div>\n<\/div>\n\n\n\n<div class=\"gb-element-d5967276\">\n<div class=\"gb-element-d737c081\">\n<h3 class=\"gb-text gb-text-6e1fffc9\">Need help finding a suitable AX domain name? Contact us and we will be happy to help you.<\/h3>\n\n\n\n<div class=\"gb-element-3132d391\">\n<a class=\"gb-text gb-text-643cc267\" href=\"https:\/\/hostingfinland.fi\/en\/contact-us\/\">Contact us<\/a>\n<\/div>\n<\/div>\n<\/div>\n\n\n\n<div class=\"gb-element-aa9378f4\">\n<div class=\"gb-element-ac9f7979\">\n<h1 class=\"gb-text gb-text-004c80e1\"><strong><strong>Frequently asked questions<\/strong><\/strong><\/h1>\n\n\n\n<div class=\"gb-accordion\">\n<div class=\"gb-accordion__item gb-accordion__item-c69d2314\">\n<div role=\"button\" tabindex=\"0\" class=\"gb-accordion__toggle gb-accordion__toggle-26650278\" id=\"gb-accordion-toggle-26650278\">\n<span class=\"gb-text\">What is an AX domain name?<\/span>\n\n\n\n<span class=\"gb-accordion__toggle-icon gb-accordion__toggle-icon-3ca7d66c\"><span class=\"gb-accordion__toggle-icon-open\"><svg aria-hidden=\"true\" viewBox=\"0 0 256 256\"><rect width=\"256\" height=\"256\" fill=\"none\"><\/rect><line x1=\"40\" y1=\"128\" x2=\"216\" y2=\"128\" fill=\"none\" stroke=\"currentColor\" stroke-linecap=\"round\" stroke-linejoin=\"round\" stroke-width=\"16\"><\/line><line x1=\"128\" y1=\"40\" x2=\"128\" y2=\"216\" fill=\"none\" stroke=\"currentColor\" stroke-linecap=\"round\" stroke-linejoin=\"round\" stroke-width=\"16\"><\/line><\/svg><\/span><span class=\"gb-accordion__toggle-icon-close\"><svg aria-hidden=\"true\" viewBox=\"0 0 256 256\"><rect width=\"256\" height=\"256\" fill=\"none\"><\/rect><line x1=\"40\" y1=\"128\" x2=\"216\" y2=\"128\" fill=\"none\" stroke=\"currentColor\" stroke-linecap=\"round\" stroke-linejoin=\"round\" stroke-width=\"16\"><\/line><\/svg><\/span><\/span>\n<\/div>\n\n\n\n<div class=\"gb-accordion__content\" id=\"gb-accordion-content-7bac7326\">\n<div class=\"gb-element-e97d057f\">\n<p>An AX domain name is a domain ending in .ax and is the official top-level domain for \u00c5land. \u00c5land is an island group in the Baltic Sea that is part of Finland. An AX domain is the natural choice for companies and individuals in \u00c5land. Individuals and companies outside \u00c5land can also register an AX domain name.<\/p>\n<\/div>\n<\/div>\n<\/div>\n\n\n\n<div class=\"gb-accordion__item gb-accordion__item-80d3a75e\">\n<div role=\"button\" tabindex=\"0\" class=\"gb-accordion__toggle gb-accordion__toggle-13403d4c\" id=\"gb-accordion-toggle-13403d4c\">\n<span class=\"gb-text\">Hur registrerar jag ett AX-dom\u00e4nnamn?<\/span>\n\n\n\n<span class=\"gb-accordion__toggle-icon gb-accordion__toggle-icon-8c827295\"><span class=\"gb-accordion__toggle-icon-open\"><svg aria-hidden=\"true\" viewBox=\"0 0 256 256\"><rect width=\"256\" height=\"256\" fill=\"none\"><\/rect><line x1=\"40\" y1=\"128\" x2=\"216\" y2=\"128\" fill=\"none\" stroke=\"currentColor\" stroke-linecap=\"round\" stroke-linejoin=\"round\" stroke-width=\"16\"><\/line><line x1=\"128\" y1=\"40\" x2=\"128\" y2=\"216\" fill=\"none\" stroke=\"currentColor\" stroke-linecap=\"round\" stroke-linejoin=\"round\" stroke-width=\"16\"><\/line><\/svg><\/span><span class=\"gb-accordion__toggle-icon-close\"><svg aria-hidden=\"true\" viewBox=\"0 0 256 256\"><rect width=\"256\" height=\"256\" fill=\"none\"><\/rect><line x1=\"40\" y1=\"128\" x2=\"216\" y2=\"128\" fill=\"none\" stroke=\"currentColor\" stroke-linecap=\"round\" stroke-linejoin=\"round\" stroke-width=\"16\"><\/line><\/svg><\/span><\/span>\n<\/div>\n\n\n\n<div class=\"gb-accordion__content\" id=\"gb-accordion-content-5120f29b\">\n<div class=\"gb-element-aaf46c2d\">\n<p class=\"ticss-e2ba4087\">You can use the search box above to check if the AX domain name you want to register is available. If so, you can proceed&nbsp;<a href=\"https:\/\/my.hostingfinland.fi\/order\/config\/preconfig\/doman\" target=\"_blank\" rel=\"noreferrer noopener\">to our web shop<\/a>&nbsp;and register the domain name. Once payment has been completed, the domain will be registered. Please note that AX domains take longer to register than other domain names because they cannot be automated and must be handled manually.<\/p>\n<\/div>\n<\/div>\n<\/div>\n\n\n\n<div class=\"gb-accordion__item gb-accordion__item-342d3c9b\">\n<div role=\"button\" tabindex=\"0\" class=\"gb-accordion__toggle gb-accordion__toggle-f72d63d6\" id=\"gb-accordion-toggle-f72d63d6\">\n<span class=\"gb-text\">Why is an AX domain name the natural choice in \u00c5land?<\/span>\n\n\n\n<span class=\"gb-accordion__toggle-icon gb-accordion__toggle-icon-b4ef32f2\"><span class=\"gb-accordion__toggle-icon-open\"><svg aria-hidden=\"true\" viewBox=\"0 0 256 256\"><rect width=\"256\" height=\"256\" fill=\"none\"><\/rect><line x1=\"40\" y1=\"128\" x2=\"216\" y2=\"128\" fill=\"none\" stroke=\"currentColor\" stroke-linecap=\"round\" stroke-linejoin=\"round\" stroke-width=\"16\"><\/line><line x1=\"128\" y1=\"40\" x2=\"128\" y2=\"216\" fill=\"none\" stroke=\"currentColor\" stroke-linecap=\"round\" stroke-linejoin=\"round\" stroke-width=\"16\"><\/line><\/svg><\/span><span class=\"gb-accordion__toggle-icon-close\"><svg aria-hidden=\"true\" viewBox=\"0 0 256 256\"><rect width=\"256\" height=\"256\" fill=\"none\"><\/rect><line x1=\"40\" y1=\"128\" x2=\"216\" y2=\"128\" fill=\"none\" stroke=\"currentColor\" stroke-linecap=\"round\" stroke-linejoin=\"round\" stroke-width=\"16\"><\/line><\/svg><\/span><\/span>\n<\/div>\n\n\n\n<div class=\"gb-accordion__content\" id=\"gb-accordion-content-5a830f3e\">\n<div class=\"gb-element-037727a2\">\n<p>A top-level domain ending in .ax is the official top-level domain for \u00c5land. Therefore, it is also the natural choice for companies and individuals in \u00c5land to use this particular top-level domain. This clearly shows that you have a connection to \u00c5land.<\/p>\n<\/div>\n<\/div>\n<\/div>\n\n\n\n<div class=\"gb-accordion__item gb-accordion__item-1aff3a21\">\n<div role=\"button\" tabindex=\"0\" class=\"gb-accordion__toggle gb-accordion__toggle-b9c2b2e3\" id=\"gb-accordion-toggle-b9c2b2e3\">\n<span class=\"gb-text\">For how long can an AX domain name be registered?<\/span>\n\n\n\n<span class=\"gb-accordion__toggle-icon gb-accordion__toggle-icon-f9766ff8\"><span class=\"gb-accordion__toggle-icon-open\"><svg aria-hidden=\"true\" viewBox=\"0 0 256 256\"><rect width=\"256\" height=\"256\" fill=\"none\"><\/rect><line x1=\"40\" y1=\"128\" x2=\"216\" y2=\"128\" fill=\"none\" stroke=\"currentColor\" stroke-linecap=\"round\" stroke-linejoin=\"round\" stroke-width=\"16\"><\/line><line x1=\"128\" y1=\"40\" x2=\"128\" y2=\"216\" fill=\"none\" stroke=\"currentColor\" stroke-linecap=\"round\" stroke-linejoin=\"round\" stroke-width=\"16\"><\/line><\/svg><\/span><span class=\"gb-accordion__toggle-icon-close\"><svg aria-hidden=\"true\" viewBox=\"0 0 256 256\"><rect width=\"256\" height=\"256\" fill=\"none\"><\/rect><line x1=\"40\" y1=\"128\" x2=\"216\" y2=\"128\" fill=\"none\" stroke=\"currentColor\" stroke-linecap=\"round\" stroke-linejoin=\"round\" stroke-width=\"16\"><\/line><\/svg><\/span><\/span>\n<\/div>\n\n\n\n<div class=\"gb-accordion__content\" id=\"gb-accordion-content-d7669fe7\">\n<div class=\"gb-element-0a829754\">\n<p class=\"ticss-f671c2a1\">An AX domain name can be registered for 1, 3, or 5 years. Through&nbsp;<a href=\"https:\/\/my.hostingfinland.fi\/order\/config\/preconfig\/doman\" target=\"_blank\" rel=\"noreferrer noopener\">our web shop<\/a>&nbsp;you can choose how many years you want to register your domain name for. You will receive an email from us well in advance of the domain name renewal date.<\/p>\n<\/div>\n<\/div>\n<\/div>\n\n\n\n<div class=\"gb-accordion__item gb-accordion__item-d2df36ca\">\n<div role=\"button\" tabindex=\"0\" class=\"gb-accordion__toggle gb-accordion__toggle-d81691ec\" id=\"gb-accordion-toggle-d81691ec\">\n<span class=\"gb-text\">Who can register an AX domain name?<\/span>\n\n\n\n<span class=\"gb-accordion__toggle-icon gb-accordion__toggle-icon-78fb0c8e\"><span class=\"gb-accordion__toggle-icon-open\"><svg aria-hidden=\"true\" viewBox=\"0 0 256 256\"><rect width=\"256\" height=\"256\" fill=\"none\"><\/rect><line x1=\"40\" y1=\"128\" x2=\"216\" y2=\"128\" fill=\"none\" stroke=\"currentColor\" stroke-linecap=\"round\" stroke-linejoin=\"round\" stroke-width=\"16\"><\/line><line x1=\"128\" y1=\"40\" x2=\"128\" y2=\"216\" fill=\"none\" stroke=\"currentColor\" stroke-linecap=\"round\" stroke-linejoin=\"round\" stroke-width=\"16\"><\/line><\/svg><\/span><span class=\"gb-accordion__toggle-icon-close\"><svg aria-hidden=\"true\" viewBox=\"0 0 256 256\"><rect width=\"256\" height=\"256\" fill=\"none\"><\/rect><line x1=\"40\" y1=\"128\" x2=\"216\" y2=\"128\" fill=\"none\" stroke=\"currentColor\" stroke-linecap=\"round\" stroke-linejoin=\"round\" stroke-width=\"16\"><\/line><\/svg><\/span><\/span>\n<\/div>\n\n\n\n<div class=\"gb-accordion__content\" id=\"gb-accordion-content-bf54b785\">\n<div class=\"gb-element-f6d88469\">\n<p>An AX domain name can be registered by anyone, both companies and private individuals. This applies worldwide.<\/p>\n<\/div>\n<\/div>\n<\/div>\n\n\n\n<div class=\"gb-accordion__item gb-accordion__item-bf422b30\">\n<div role=\"button\" tabindex=\"0\" class=\"gb-accordion__toggle gb-accordion__toggle-457b1af9\" id=\"gb-accordion-toggle-457b1af9\">\n<span class=\"gb-text\">How long does it take to register an AX domain name?<\/span>\n\n\n\n<span class=\"gb-accordion__toggle-icon gb-accordion__toggle-icon-7527c21a\"><span class=\"gb-accordion__toggle-icon-open\"><svg aria-hidden=\"true\" viewBox=\"0 0 256 256\"><rect width=\"256\" height=\"256\" fill=\"none\"><\/rect><line x1=\"40\" y1=\"128\" x2=\"216\" y2=\"128\" fill=\"none\" stroke=\"currentColor\" stroke-linecap=\"round\" stroke-linejoin=\"round\" stroke-width=\"16\"><\/line><line x1=\"128\" y1=\"40\" x2=\"128\" y2=\"216\" fill=\"none\" stroke=\"currentColor\" stroke-linecap=\"round\" stroke-linejoin=\"round\" stroke-width=\"16\"><\/line><\/svg><\/span><span class=\"gb-accordion__toggle-icon-close\"><svg aria-hidden=\"true\" viewBox=\"0 0 256 256\"><rect width=\"256\" height=\"256\" fill=\"none\"><\/rect><line x1=\"40\" y1=\"128\" x2=\"216\" y2=\"128\" fill=\"none\" stroke=\"currentColor\" stroke-linecap=\"round\" stroke-linejoin=\"round\" stroke-width=\"16\"><\/line><\/svg><\/span><\/span>\n<\/div>\n\n\n\n<div class=\"gb-accordion__content\" id=\"gb-accordion-content-af4dbd2a\">\n<div class=\"gb-element-c7627e25\">\n<p>Since AX domain names cannot be automated at this time, registration takes longer than other top-level domains. Therefore, registration may take up to 48 hours. Once registration is complete, you will receive a confirmation email.<\/p>\n<\/div>\n<\/div>\n<\/div>\n\n\n\n<div class=\"gb-accordion__item gb-accordion__item-8f1e1c3a\">\n<div role=\"button\" tabindex=\"0\" class=\"gb-accordion__toggle gb-accordion__toggle-501c9f42\" id=\"gb-accordion-toggle-501c9f42\">\n<span class=\"gb-text\">Can I transfer my existing AX domain name to you?<\/span>\n\n\n\n<span class=\"gb-accordion__toggle-icon gb-accordion__toggle-icon-23d76a49\"><span class=\"gb-accordion__toggle-icon-open\"><svg aria-hidden=\"true\" viewBox=\"0 0 256 256\"><rect width=\"256\" height=\"256\" fill=\"none\"><\/rect><line x1=\"40\" y1=\"128\" x2=\"216\" y2=\"128\" fill=\"none\" stroke=\"currentColor\" stroke-linecap=\"round\" stroke-linejoin=\"round\" stroke-width=\"16\"><\/line><line x1=\"128\" y1=\"40\" x2=\"128\" y2=\"216\" fill=\"none\" stroke=\"currentColor\" stroke-linecap=\"round\" stroke-linejoin=\"round\" stroke-width=\"16\"><\/line><\/svg><\/span><span class=\"gb-accordion__toggle-icon-close\"><svg aria-hidden=\"true\" viewBox=\"0 0 256 256\"><rect width=\"256\" height=\"256\" fill=\"none\"><\/rect><line x1=\"40\" y1=\"128\" x2=\"216\" y2=\"128\" fill=\"none\" stroke=\"currentColor\" stroke-linecap=\"round\" stroke-linejoin=\"round\" stroke-width=\"16\"><\/line><\/svg><\/span><\/span>\n<\/div>\n\n\n\n<div class=\"gb-accordion__content\" id=\"gb-accordion-content-f7a7a6cc\">\n<div class=\"gb-element-837176ad\">\n<p class=\"ticss-3fe8037c\">To transfer your existing domain name to us, you need a transfer code from your current registrar. Go&nbsp;<a href=\"https:\/\/my.hostingfinland.fi\/order\/config\/preconfig\/doman\" target=\"_blank\" rel=\"noreferrer noopener\">to our web shop<\/a>&nbsp;and enter the domain name you want to transfer. Then enter the transfer code. The domain name will then be transferred to us. The transfer is completely free of charge. You only need to pay when the domain name is due for renewal.<\/p>\n<\/div>\n<\/div>\n<\/div>\n\n\n\n<div class=\"gb-accordion__item gb-accordion__item-e27cf558\">\n<div role=\"button\" tabindex=\"0\" class=\"gb-accordion__toggle gb-accordion__toggle-eca2b229\" id=\"gb-accordion-toggle-eca2b229\">\n<span class=\"gb-text\">How much does it cost to register an AX domain name?<\/span>\n\n\n\n<span class=\"gb-accordion__toggle-icon gb-accordion__toggle-icon-710bccdb\"><span class=\"gb-accordion__toggle-icon-open\"><svg aria-hidden=\"true\" viewBox=\"0 0 256 256\"><rect width=\"256\" height=\"256\" fill=\"none\"><\/rect><line x1=\"40\" y1=\"128\" x2=\"216\" y2=\"128\" fill=\"none\" stroke=\"currentColor\" stroke-linecap=\"round\" stroke-linejoin=\"round\" stroke-width=\"16\"><\/line><line x1=\"128\" y1=\"40\" x2=\"128\" y2=\"216\" fill=\"none\" stroke=\"currentColor\" stroke-linecap=\"round\" stroke-linejoin=\"round\" stroke-width=\"16\"><\/line><\/svg><\/span><span class=\"gb-accordion__toggle-icon-close\"><svg aria-hidden=\"true\" viewBox=\"0 0 256 256\"><rect width=\"256\" height=\"256\" fill=\"none\"><\/rect><line x1=\"40\" y1=\"128\" x2=\"216\" y2=\"128\" fill=\"none\" stroke=\"currentColor\" stroke-linecap=\"round\" stroke-linejoin=\"round\" stroke-width=\"16\"><\/line><\/svg><\/span><\/span>\n<\/div>\n\n\n\n<div class=\"gb-accordion__content\" id=\"gb-accordion-content-cb9e6e80\">\n<div class=\"gb-element-c886c3ab\">\n<p class=\"ticss-85c2063e\">The cost varies depending on how many years you register the domain name for. The easiest way is to go&nbsp;<a href=\"https:\/\/my.hostingfinland.fi\/order\/config\/preconfig\/doman\" target=\"_blank\" rel=\"noreferrer noopener\">to our web shop<\/a>&nbsp;and enter the domain name you want to register. The price for 1,3 and 5 years will then be clearly displayed.<\/p>\n<\/div>\n<\/div>\n<\/div>\n<\/div>\n<\/div>\n<\/div>\n","protected":false},"excerpt":{"rendered":"<p>Register and buy .AX domain name An AX domain name is a domain ending in .ax. It is also the official top-level domain for \u00c5land. If you operate in \u00c5land, an .ax domain name is the natural choice. An AX domain name can be registered for 1, 3, or 5 years. Even individuals and organizations &#8230; <a title=\"AX domain name\" class=\"read-more\" href=\"https:\/\/hostingfinland.fi\/en\/domain-name\/ax\/\" aria-label=\"Read more about AX domain name\">Read more<\/a><\/p>\n","protected":false},"author":1,"featured_media":0,"parent":1614,"menu_order":0,"comment_status":"closed","ping_status":"closed","template":"","meta":{"_seopress_robots_primary_cat":"","_seopress_titles_title":"Register and buy .AX domain name for 1, 3 or 5 years","_seopress_titles_desc":"An AX domain name is a domain ending in .ax. It is also the official top-level domain for \u00c5land. An AX domain can be registered for 1, 3, or 5 years.","_seopress_robots_index":"","footnotes":""},"class_list":["post-1595","page","type-page","status-publish"],"_links":{"self":[{"href":"https:\/\/hostingfinland.fi\/en\/wp-json\/wp\/v2\/pages\/1595","targetHints":{"allow":["GET"]}}],"collection":[{"href":"https:\/\/hostingfinland.fi\/en\/wp-json\/wp\/v2\/pages"}],"about":[{"href":"https:\/\/hostingfinland.fi\/en\/wp-json\/wp\/v2\/types\/page"}],"author":[{"embeddable":true,"href":"https:\/\/hostingfinland.fi\/en\/wp-json\/wp\/v2\/users\/1"}],"replies":[{"embeddable":true,"href":"https:\/\/hostingfinland.fi\/en\/wp-json\/wp\/v2\/comments?post=1595"}],"version-history":[{"count":1,"href":"https:\/\/hostingfinland.fi\/en\/wp-json\/wp\/v2\/pages\/1595\/revisions"}],"predecessor-version":[{"id":3994,"href":"https:\/\/hostingfinland.fi\/en\/wp-json\/wp\/v2\/pages\/1595\/revisions\/3994"}],"up":[{"embeddable":true,"href":"https:\/\/hostingfinland.fi\/en\/wp-json\/wp\/v2\/pages\/1614"}],"wp:attachment":[{"href":"https:\/\/hostingfinland.fi\/en\/wp-json\/wp\/v2\/media?parent=1595"}],"curies":[{"name":"wp","href":"https:\/\/api.w.org\/{rel}","templated":true}]}}