{"id":2292,"date":"2025-06-18T13:46:08","date_gmt":"2025-06-18T10:46:08","guid":{"rendered":"https:\/\/hostingfinland.fi\/?page_id=2292"},"modified":"2026-03-10T09:14:09","modified_gmt":"2026-03-10T07:14:09","slug":"kayttajaehdot","status":"publish","type":"page","link":"https:\/\/hostingfinland.fi\/fi\/kayttajaehdot\/","title":{"rendered":"K\u00e4ytt\u00e4j\u00e4ehdot"},"content":{"rendered":"\n<div class=\"gb-element-0598c8e8\">\n<div class=\"gb-element-0232cbdb\">\n<h1 class=\"gb-text\"><strong>K\u00e4ytt\u00e4j\u00e4ehdot<\/strong><\/h1>\n\n\n\n<p class=\"gb-text\"><strong><strong><strong>Ev\u00e4steet<\/strong><\/strong><\/strong><br>T\u00e4m\u00e4 verkkosivusto k\u00e4ytt\u00e4\u00e4 ev\u00e4steit\u00e4, pieni\u00e4 tekstitiedostoja, jotka sijoitetaan laitteellesi. Ev\u00e4steet eiv\u00e4t hidasta laitettasi eiv\u00e4tk\u00e4 voi levitt\u00e4\u00e4 mainontaa, viruksia, vakoiluohjelmia tai vastaavia, koska ev\u00e4steet ovat tekstitiedostoja. K\u00e4yt\u00e4mme ev\u00e4steit\u00e4 voidaksemme tilastoida vierailut, tehd\u00e4 verkkosivustosta mahdollisimman turvallisen ja seurata, ketk\u00e4 ovat kirjautuneet verkkosivustolle. Jos haluat est\u00e4\u00e4 ev\u00e4steet, voit tehd\u00e4 sen selaimen asetuksissa. Huomaa, ett\u00e4 ev\u00e4steiden est\u00e4minen voi vaikuttaa verkkosivuston toimintaan.<br><br><strong><strong><strong>Analytiikka<\/strong><\/strong><\/strong><br>Emme k\u00e4yt\u00e4 Google Analyticsia. Sen sijaan meill\u00e4 on oma is\u00e4nn\u00f6ity Matomo-instanssi asiakkaillemme. N\u00e4in varmistetaan, ett\u00e4 noudatamme yleist\u00e4 tietosuoja-asetusta ja ett\u00e4 tietoja ei jaeta kolmansien osapuolten kanssa.<br><br><strong><strong><strong>Varmuuskopiointi<\/strong><\/strong><\/strong><br>Emme tallenna varmuuskopioita t\u00e4st\u00e4 verkkosivustosta mihink\u00e4\u00e4n julkiseen pilvipalveluun. Sen sijaan meill\u00e4 on oma palvelin, johon tallennamme kaikki varmuuskopiot. T\u00e4m\u00e4 tarkoittaa sit\u00e4, ett\u00e4 hallitsemme tietoja, jotta ne eiv\u00e4t voi joutua v\u00e4\u00e4riin k\u00e4siin.<\/p>\n<\/div>\n<\/div>\n","protected":false},"excerpt":{"rendered":"<p>K\u00e4ytt\u00e4j\u00e4ehdot Ev\u00e4steetT\u00e4m\u00e4 verkkosivusto k\u00e4ytt\u00e4\u00e4 ev\u00e4steit\u00e4, pieni\u00e4 tekstitiedostoja, jotka sijoitetaan laitteellesi. Ev\u00e4steet eiv\u00e4t hidasta laitettasi eiv\u00e4tk\u00e4 voi levitt\u00e4\u00e4 mainontaa, viruksia, vakoiluohjelmia tai vastaavia, koska ev\u00e4steet ovat tekstitiedostoja. K\u00e4yt\u00e4mme ev\u00e4steit\u00e4 voidaksemme tilastoida vierailut, tehd\u00e4 verkkosivustosta mahdollisimman turvallisen ja seurata, ketk\u00e4 ovat kirjautuneet verkkosivustolle. Jos haluat est\u00e4\u00e4 ev\u00e4steet, voit tehd\u00e4 sen selaimen asetuksissa. Huomaa, ett\u00e4 ev\u00e4steiden est\u00e4minen voi &#8230; <a title=\"K\u00e4ytt\u00e4j\u00e4ehdot\" class=\"read-more\" href=\"https:\/\/hostingfinland.fi\/fi\/kayttajaehdot\/\" aria-label=\"Read more about K\u00e4ytt\u00e4j\u00e4ehdot\">Read more<\/a><\/p>\n","protected":false},"author":1,"featured_media":0,"parent":0,"menu_order":0,"comment_status":"closed","ping_status":"closed","template":"","meta":{"slim_seo":{"noindex":"1","title":"K\u00e4ytt\u00e4j\u00e4ehdot - Hosting Finland","description":"K\u00e4ytt\u00e4j\u00e4ehdot Ev\u00e4steet T\u00e4m\u00e4 verkkosivusto k\u00e4ytt\u00e4\u00e4 ev\u00e4steit\u00e4, pieni\u00e4 tekstitiedostoja, jotka sijoitetaan laitteellesi. Ev\u00e4steet eiv\u00e4t hidasta laitettasi eiv\u00e4tk\u00e4"},"footnotes":""},"class_list":["post-2292","page","type-page","status-publish"],"_links":{"self":[{"href":"https:\/\/hostingfinland.fi\/fi\/wp-json\/wp\/v2\/pages\/2292","targetHints":{"allow":["GET"]}}],"collection":[{"href":"https:\/\/hostingfinland.fi\/fi\/wp-json\/wp\/v2\/pages"}],"about":[{"href":"https:\/\/hostingfinland.fi\/fi\/wp-json\/wp\/v2\/types\/page"}],"author":[{"embeddable":true,"href":"https:\/\/hostingfinland.fi\/fi\/wp-json\/wp\/v2\/users\/1"}],"replies":[{"embeddable":true,"href":"https:\/\/hostingfinland.fi\/fi\/wp-json\/wp\/v2\/comments?post=2292"}],"version-history":[{"count":1,"href":"https:\/\/hostingfinland.fi\/fi\/wp-json\/wp\/v2\/pages\/2292\/revisions"}],"predecessor-version":[{"id":2293,"href":"https:\/\/hostingfinland.fi\/fi\/wp-json\/wp\/v2\/pages\/2292\/revisions\/2293"}],"wp:attachment":[{"href":"https:\/\/hostingfinland.fi\/fi\/wp-json\/wp\/v2\/media?parent=2292"}],"curies":[{"name":"wp","href":"https:\/\/api.w.org\/{rel}","templated":true}]}}