{"id":2295,"date":"2025-09-29T14:23:09","date_gmt":"2025-09-29T11:23:09","guid":{"rendered":"https:\/\/hostingfinland.fi\/?page_id=2295"},"modified":"2026-03-10T09:19:39","modified_gmt":"2026-03-10T07:19:39","slug":"tietosuojan-kuvaus","status":"publish","type":"page","link":"https:\/\/hostingfinland.fi\/fi\/tietosuojan-kuvaus\/","title":{"rendered":"Tietosuojan kuvaus"},"content":{"rendered":"\n<div class=\"gb-element-e168c9f2\">\n<div class=\"gb-element-54088d79\">\n<h1 class=\"gb-text\">Tietosuojan kuvaus<\/h1>\n\n\n\n<p class=\"gb-text gb-text-e32d7cd5\">Tietosuojaseloste Hosting Finlandin asiakasrekisteriin<br>Viimeksi p\u00e4ivitetty 29.09.2025<br><br>1. <strong><strong>Vastaava rekisterin pir\u00e4j\u00e4<\/strong>:<\/strong><br>Hosting Finland (3550469-8)<br>Niilontie 6<br>65610 Mustasaari<br>Finland<br>Kotisivu: hostingfinland.fi<br>S\u00e4hk\u00f6posti: support@hostingfinland.fi<br>Puhelin: +358 440 948 294<br><br><strong>2. <strong>Rekisterin nimi<\/strong>:<\/strong><br>Hosting Finlandin asiakasrekisteri<br><br><strong>3. <strong>Rekisterin tarkoitus<\/strong>:<\/strong><br>Rekisteriss\u00e4 olevia henkil\u00f6tietoja voidaan k\u00e4ytt\u00e4\u00e4 puhelin ja s\u00e4hk\u00f6postimyyntiin, tilausten k\u00e4sittelyyn, laskutukseen, toimituksiin ja verkkotunnusten rekister\u00f6intiin.<br><br><strong>4. <strong>Rekisteriss\u00e4 olevat tiedot<\/strong>:<\/strong><br>Rekisteri voi sis\u00e4lt\u00e4\u00e4 seuraavia tietoja: nimi, puhelinnumero, yhteyshenkil\u00f6, osoite, s\u00e4hk\u00f6postiosoite, tilaushistoria, asiakkaan kieli, ostohistoria, hintahistoria sek\u00e4 tiedot erityisj\u00e4rjestelyist\u00e4. Lis\u00e4ksi rekister\u00f6id\u00e4\u00e4n aiempien puhelu- ja s\u00e4hk\u00f6postikontaktien t\u00e4rkeimm\u00e4t sis\u00e4ll\u00f6t.<br><br><strong>5. <strong>S\u00e4\u00e4nn\u00f6lliset tietol\u00e4hteet<\/strong>:<\/strong><br>Rekisteriin tallennetut henkil\u00f6tiedot ovat yritystietojen (yhteystietojen) yhteydess\u00e4 olevia henkil\u00f6tietoja, jotka saadaan rekister\u00f6ityneelt\u00e4 henkil\u00f6lt\u00e4 itselt\u00e4\u00e4n tai h\u00e4nen ty\u00f6nantajaltaan tai ty\u00f6toveriltaan. Tietoja voidaan my\u00f6s ker\u00e4t\u00e4 ja p\u00e4ivitt\u00e4\u00e4 YTJ: n yritys- ja organisaatio-tietoj\u00e4rjestelm\u00e4n, julkisten hakemistokyselyjen tai muiden julkisten tietokanavien kautta sek\u00e4 yhti\u00f6n omien verkkosivustojen kautta.<br><br><strong>6. <strong>Tietojen luovuttaminen:<\/strong><\/strong><br>Annamme k\u00e4ytt\u00e4jien yhteystiedot yhteisty\u00f6kumppanillemme, kun rekister\u00f6imme verkkotunnuksia. T\u00e4m\u00e4 on v\u00e4ltt\u00e4m\u00e4t\u00f6nt\u00e4 verkkotunnusten hallinnoimiseksi. T\u00e4m\u00e4n lis\u00e4ksi tiedot siirret\u00e4\u00e4n WHOIS-rekisteriin.<br><br><strong>7. <strong>Tietojen siirt\u00e4minen EU:n tai ETA:n ulkopuolelle:<\/strong><\/strong><br>Hosting Finland ei siirr\u00e4 tietoja EU:n tai ETA:n ulkopuolelle.<br><br><strong>8. Rekisterin suojelun periaatteet:<\/strong><br>Vain muutamalla henkil\u00f6ll\u00e4 yrityksen sis\u00e4ll\u00e4 on p\u00e4\u00e4sy asiakasrekisteriin.<br><br><strong>9. <strong>Rekister\u00f6idyn oikeudet:<\/strong><\/strong><br>Asiakkaana sinulla on oikeus pyyt\u00e4\u00e4 tietoja, joita meill\u00e4 on sinusta. Tarvittaessa voit pyyt\u00e4\u00e4 meit\u00e4 poistamaan sinua koskevat tiedot. Huomaa, ett\u00e4 joidenkin tietojen poistaminen kokonaan j\u00e4rjestelm\u00e4st\u00e4mme saattaa kest\u00e4\u00e4 jonkin aikaa mm. varmuuskopioiden takia.<br><br><strong>10. <strong>Henkil\u00f6tietojen tallettaminen:<\/strong><\/strong><br>Henkil\u00f6tietoja s\u00e4ilytet\u00e4\u00e4n vain niin kauan kuin on tarpeen tai katsotaan tarpeelliseksi t\u00e4ss\u00e4 tietosuojaselostuksessa kuvattuihin tarkoituksiin, ellei laki salli tai vaadi tietojen s\u00e4ilytt\u00e4mist\u00e4 pidemp\u00e4\u00e4n.<br><br><strong>11. <strong>Automatisoitu p\u00e4\u00e4t\u00f6ksenteko ja profilointi:<\/strong><\/strong><br>Hosting Finland ei k\u00e4yt\u00e4 automaattista p\u00e4\u00e4t\u00f6ksentekoa tai profilointia.<br><br><strong>12. <strong>Muutokset tietosuojaselosteeseen:<\/strong><\/strong><br>N\u00e4et yll\u00e4, milloin t\u00e4t\u00e4 tietosuojaselostetta on muokattu viimeksi. Tietosuojaselosteeseen voidaan tehd\u00e4 ajoittain muutoksia, joten sinun on siksi tarkistettava tietosuojaselosteen uusin versio s\u00e4\u00e4nn\u00f6llisesti.<br><br><strong>13. <strong>Tietosuojaperiaatteet<\/strong>:<\/strong><br>EU:n yleinen tietosuoja-asetus 2016\/679 ja henkil\u00f6tietolaki 1999\/523.<\/p>\n<\/div>\n<\/div>\n","protected":false},"excerpt":{"rendered":"<p>Tietosuojan kuvaus Tietosuojaseloste Hosting Finlandin asiakasrekisteriinViimeksi p\u00e4ivitetty 29.09.2025 1. Vastaava rekisterin pir\u00e4j\u00e4:Hosting Finland (3550469-8)Niilontie 665610 MustasaariFinlandKotisivu: hostingfinland.fiS\u00e4hk\u00f6posti: support@hostingfinland.fiPuhelin: +358 440 948 294 2. Rekisterin nimi:Hosting Finlandin asiakasrekisteri 3. Rekisterin tarkoitus:Rekisteriss\u00e4 olevia henkil\u00f6tietoja voidaan k\u00e4ytt\u00e4\u00e4 puhelin ja s\u00e4hk\u00f6postimyyntiin, tilausten k\u00e4sittelyyn, laskutukseen, toimituksiin ja verkkotunnusten rekister\u00f6intiin. 4. Rekisteriss\u00e4 olevat tiedot:Rekisteri voi sis\u00e4lt\u00e4\u00e4 seuraavia tietoja: nimi, puhelinnumero, yhteyshenkil\u00f6, &#8230; <a title=\"Tietosuojan kuvaus\" class=\"read-more\" href=\"https:\/\/hostingfinland.fi\/fi\/tietosuojan-kuvaus\/\" aria-label=\"Read more about Tietosuojan kuvaus\">Read more<\/a><\/p>\n","protected":false},"author":1,"featured_media":0,"parent":0,"menu_order":0,"comment_status":"closed","ping_status":"closed","template":"","meta":{"slim_seo":{"noindex":"1","title":"Tietosuojan kuvaus - Hosting Finland","description":"Tietosuojan kuvaus Tietosuojaseloste Hosting Finlandin asiakasrekisteriin Viimeksi p\u00e4ivitetty 29.09.2025 1. Vastaava rekisterin pir\u00e4j\u00e4 : Hosting Finland (355046"},"footnotes":""},"class_list":["post-2295","page","type-page","status-publish"],"_links":{"self":[{"href":"https:\/\/hostingfinland.fi\/fi\/wp-json\/wp\/v2\/pages\/2295","targetHints":{"allow":["GET"]}}],"collection":[{"href":"https:\/\/hostingfinland.fi\/fi\/wp-json\/wp\/v2\/pages"}],"about":[{"href":"https:\/\/hostingfinland.fi\/fi\/wp-json\/wp\/v2\/types\/page"}],"author":[{"embeddable":true,"href":"https:\/\/hostingfinland.fi\/fi\/wp-json\/wp\/v2\/users\/1"}],"replies":[{"embeddable":true,"href":"https:\/\/hostingfinland.fi\/fi\/wp-json\/wp\/v2\/comments?post=2295"}],"version-history":[{"count":1,"href":"https:\/\/hostingfinland.fi\/fi\/wp-json\/wp\/v2\/pages\/2295\/revisions"}],"predecessor-version":[{"id":2302,"href":"https:\/\/hostingfinland.fi\/fi\/wp-json\/wp\/v2\/pages\/2295\/revisions\/2302"}],"wp:attachment":[{"href":"https:\/\/hostingfinland.fi\/fi\/wp-json\/wp\/v2\/media?parent=2295"}],"curies":[{"name":"wp","href":"https:\/\/api.w.org\/{rel}","templated":true}]}}