{"id":2303,"date":"2025-11-07T15:17:17","date_gmt":"2025-11-07T13:17:17","guid":{"rendered":"https:\/\/hostingfinland.fi\/?page_id=2303"},"modified":"2026-03-10T09:21:10","modified_gmt":"2026-03-10T07:21:10","slug":"verkkotunnus","status":"publish","type":"page","link":"https:\/\/hostingfinland.fi\/fi\/verkkotunnus\/","title":{"rendered":"Verkkotunnus"},"content":{"rendered":"\n<div class=\"gb-element-9bc85809\">\n<div class=\"gb-element-50a58428\">\n<div class=\"gb-element-4e883e6d\">\n<div class=\"gb-element-064c053a\">\n<h1 class=\"gb-text\"><strong>Rekister\u00f6i ja osta verkkotunnuksia<\/strong><\/h1>\n\n\n\n<p class=\"gb-text gb-text-5dec6c2d\">Verkkotunnus on yksil\u00f6llinen osoite internetiss\u00e4, kuten esimerkiksi minunyritys.fi. Verkkotunnuksen p\u00e4\u00e4te voi olla esimerkiksi .fi, .ax, .com tai .eu, muutamia mainitakseni. Verkkokaupassamme voit rekister\u00f6id\u00e4 verkkotunnuksen muutamassa minuutissa. Ennen kuin jatkat tilausta, tarkista oikeinkirjoitus huolellisesti, sill\u00e4 rekister\u00f6ity\u00e4 verkkotunnusta ei voi peruuttaa. Alla olevasta hakukent\u00e4st\u00e4 voit tarkistaa, onko haluamasi verkkotunnus vapaa.<\/p>\n<\/div>\n\n\n\n<div class=\"gb-element-4becbcc4\">\n<p class=\"gb-text-f8f89106\"><span class=\"gb-shape\"><svg xmlns=\"http:\/\/www.w3.org\/2000\/svg\" xml:space=\"preserve\" width=\"800\" height=\"800\" viewBox=\"0 0 472.615 472.615\"><path d=\"m147.25 194.145-14.029 47.73-7.644-24.279-18.789.01-7.634 24.269-14.039-47.73-18.884 5.557 23.153 78.769 18.837.173 7.962-25.307 7.971 25.317 18.837-.183 23.143-78.769zM267.375 194.145l-14.029 47.73-7.644-24.279h-18.789l-7.644 24.279-14.029-47.73-18.884 5.557 23.143 78.769 18.837.183 7.972-25.317 7.971 25.317 18.837-.183 23.143-78.769zM387.5 194.145l-14.039 47.73-7.634-24.269-18.789-.01-7.644 24.279-14.029-47.73-18.884 5.557 23.143 78.769 18.837.183 7.972-25.317 7.961 25.307 18.837-.173 23.153-78.769z\"><\/path><path d=\"M441.692 167.385c-9.361-27.847-24.473-53.592-44.195-75.521a236.01 236.01 0 0 1-45.723 33.598c3.864 13.214 7.028 27.238 9.471 41.923h-19.951c-1.998-11.459-4.451-22.437-7.33-32.884-27.338 12.442-57.012 19.574-87.81 20.825v12.06h-19.692v-12.06c-30.798-1.25-60.472-8.383-87.81-20.825-2.879 10.447-5.333 21.425-7.33 32.884H111.37c2.443-14.685 5.607-28.709 9.471-41.923a236.081 236.081 0 0 1-45.723-33.6c-19.735 21.941-34.839 47.687-44.195 75.523H0v137.846h472.615V167.385h-30.923zm11.231 118.153H19.692v-98.462h433.231v98.462zM345.502 366.491c-11.776 32.32-27.769 58.784-46.437 77.199 31.25-9.421 59.896-26.088 84.31-48.853-11.705-10.916-24.37-20.404-37.873-28.346zM246.154 305.241v12.051c30.795 1.25 60.47 8.387 87.809 20.832 2.878-10.446 5.333-21.424 7.33-32.883h-95.139zM361.243 305.241c-2.443 14.686-5.607 28.709-9.472 41.923a236.16 236.16 0 0 1 45.725 33.599c19.733-21.95 34.83-47.693 44.196-75.522h-80.449zM111.371 305.241H30.923c9.369 27.836 24.473 53.587 44.199 75.519a236.066 236.066 0 0 1 45.72-33.595c-3.864-13.215-7.028-27.238-9.471-41.924zM127.113 366.491c-13.502 7.942-26.166 17.428-37.867 28.341 24.416 22.768 53.059 39.434 84.3 48.854-18.667-18.413-34.661-44.877-46.433-77.195zM131.321 305.241c1.999 11.459 4.451 22.437 7.33 32.883 27.34-12.445 57.015-19.582 87.81-20.832v-12.051h-95.14zM144.542 357.315c18.513 53.226 48.514 88.794 81.92 94.692V337.226c-28.797 1.283-56.475 8.131-81.92 20.089zM246.154 337.226v114.782c33.41-5.897 63.409-41.463 81.92-94.692-25.446-11.959-53.124-18.807-81.92-20.09z\"><\/path><path d=\"M89.24 77.789c11.704 10.913 24.369 20.396 37.872 28.34 11.774-32.321 27.769-58.784 46.436-77.2-31.249 9.422-59.895 26.09-84.308 48.86zM299.067 28.929c18.666 18.413 34.661 44.879 46.435 77.2 13.503-7.944 26.168-17.427 37.872-28.34-24.412-22.77-53.058-39.438-84.307-48.86zM246.154 20.608V135.39c28.798-1.282 56.475-8.131 81.919-20.086-18.512-53.231-48.513-88.796-81.919-94.696zM144.542 115.303c25.443 11.955 53.121 18.804 81.919 20.086V20.608c-33.406 5.9-63.407 41.465-81.919 94.695z\"><\/path><\/svg><\/span><\/p>\n<\/div>\n<\/div>\n<\/div>\n<\/div>\n\n\n\n<div class=\"gb-element-c51be40f\" id=\"doman\">\n<div class=\"gb-element-2af536c9\">\n<h1 class=\"gb-text gb-text-4f4379af\"><strong>Rekister\u00f6i verkkotunnus muutamassa minuutissa<\/strong><\/h1>\n\n\n\n<p class=\"gb-text gb-text-69c8ccee\">Verkkokaupastamme voit helposti tarkistaa, onko haluamasi verkkotunnus vapaa. Hinta n\u00e4kyy, kun verkkotunnuksen saatavuus on tarkistettu. Jos se on vapaa, voit rekister\u00f6id\u00e4 sen suoraan muutamassa minuutissa.<br><br>Jos sinulla on jo verkkotunnus, jonka haluat siirt\u00e4\u00e4 meille, toimi samalla tavalla: kirjoita verkkotunnus hakukentt\u00e4\u00e4n ja valitse sen siirto. Tarvitset siirtokoodin (jota kutsutaan my\u00f6s auth-koodiksi tai EPP-koodiksi), jotta siirto voidaan suorittaa. Kun on aika uusia domainnimi, saat muistutuksen s\u00e4hk\u00f6postitse. Huomaa, ett\u00e4 voidaksesi k\u00e4ytt\u00e4\u00e4 domainnime\u00e4si, sinun on ostettava my\u00f6s <a href=\"https:\/\/hostingfinland.fi\/fi\/webhotelli\/\" target=\"_blank\" rel=\"noopener\" title=\"Webhotelli\"><strong>webhotelli<\/strong><\/a>.<\/p>\n\n\n\n<div class=\"gb-element-d20a3816\">\n<a class=\"gb-text gb-text-e448dcf4 smooth-scroll\" href=\"https:\/\/my.hostingfinland.fi\/order\/config\/preconfig\/doman\" target=\"_blank\" rel=\"noopener\">Tarkista saatavuus<\/a>\n<\/div>\n<\/div>\n<\/div>\n\n\n\n<div class=\"gb-element-0ec0bbdf\">\n<div class=\"gb-element-3fd725df\">\n<h2 class=\"gb-text gb-text-5fcad46a\"><strong>Vinkkej\u00e4 verkkotunnuksen rekister\u00f6intiin<\/strong><\/h2>\n\n\n\n<div class=\"gb-element-31b7b1d5\">\n<div>\n<p class=\"gb-text-11056f34\"><span class=\"gb-shape\"><svg aria-hidden=\"true\" role=\"img\" height=\"1em\" width=\"1em\" viewBox=\"0 0 512 512\" xmlns=\"http:\/\/www.w3.org\/2000\/svg\"><path fill=\"currentColor\" d=\"M504 256c0 136.967-111.033 248-248 248S8 392.967 8 256 119.033 8 256 8s248 111.033 248 248zM227.314 387.314l184-184c6.248-6.248 6.248-16.379 0-22.627l-22.627-22.627c-6.248-6.249-16.379-6.249-22.628 0L216 308.118l-70.059-70.059c-6.248-6.248-16.379-6.248-22.628 0l-22.627 22.627c-6.248 6.248-6.248 16.379 0 22.627l104 104c6.249 6.249 16.379 6.249 22.628.001z\"><\/path><\/svg><\/span><span class=\"gb-text\"><strong>Valitse lyhyt nimi, joka on helppo muistaa:<\/strong><\/span><\/p>\n\n\n\n<p class=\"gb-text gb-text-f18dd183\">Lyhyemm\u00e4t verkkotunnukset ovat k\u00e4vij\u00f6iden helpompi kirjoittaa ja muistaa. V\u00e4lt\u00e4 tarpeettomia numeroita tai yhdysmerkkej\u00e4.<\/p>\n<\/div>\n\n\n\n<div>\n<p class=\"gb-text-90dcb070\"><span class=\"gb-shape\"><svg aria-hidden=\"true\" role=\"img\" height=\"1em\" width=\"1em\" viewBox=\"0 0 512 512\" xmlns=\"http:\/\/www.w3.org\/2000\/svg\"><path fill=\"currentColor\" d=\"M504 256c0 136.967-111.033 248-248 248S8 392.967 8 256 119.033 8 256 8s248 111.033 248 248zM227.314 387.314l184-184c6.248-6.248 6.248-16.379 0-22.627l-22.627-22.627c-6.248-6.249-16.379-6.249-22.628 0L216 308.118l-70.059-70.059c-6.248-6.248-16.379-6.248-22.628 0l-22.627 22.627c-6.248 6.248-6.248 16.379 0 22.627l104 104c6.249 6.249 16.379 6.249 22.628.001z\"><\/path><\/svg><\/span><span class=\"gb-text\"><strong>K\u00e4yt\u00e4 relevanttia ja selke\u00e4\u00e4 nime\u00e4:<\/strong><\/span><\/p>\n\n\n\n<p class=\"gb-text gb-text-f87416fd\">Nimen tulisi kuvastaa yrityst\u00e4si, br\u00e4ndi\u00e4si tai toimintaasi, jotta k\u00e4vij\u00e4t ymm\u00e4rt\u00e4v\u00e4t heti, mist\u00e4 sivulla on kyse.<\/p>\n<\/div>\n\n\n\n<div>\n<p class=\"gb-text-63e837b0\"><span class=\"gb-shape\"><svg aria-hidden=\"true\" role=\"img\" height=\"1em\" width=\"1em\" viewBox=\"0 0 512 512\" xmlns=\"http:\/\/www.w3.org\/2000\/svg\"><path fill=\"currentColor\" d=\"M504 256c0 136.967-111.033 248-248 248S8 392.967 8 256 119.033 8 256 8s248 111.033 248 248zM227.314 387.314l184-184c6.248-6.248 6.248-16.379 0-22.627l-22.627-22.627c-6.248-6.249-16.379-6.249-22.628 0L216 308.118l-70.059-70.059c-6.248-6.248-16.379-6.248-22.628 0l-22.627 22.627c-6.248 6.248-6.248 16.379 0 22.627l104 104c6.249 6.249 16.379 6.249 22.628.001z\"><\/path><\/svg><\/span><span class=\"gb-text\"><strong>Tarkista saatavuus sosiaalisessa mediassa:<\/strong><\/span><\/p>\n\n\n\n<p class=\"gb-text gb-text-e4532295\">Jos aiot k\u00e4ytt\u00e4\u00e4 sosiaalista mediaa markkinointiin, varmista, ett\u00e4 sama nimi on vapaana siell\u00e4, jotta profiilisi on yhdenmukainen.<\/p>\n<\/div>\n\n\n\n<div>\n<p class=\"gb-text-b621dfd1\"><span class=\"gb-shape\"><svg aria-hidden=\"true\" role=\"img\" height=\"1em\" width=\"1em\" viewBox=\"0 0 512 512\" xmlns=\"http:\/\/www.w3.org\/2000\/svg\"><path fill=\"currentColor\" d=\"M504 256c0 136.967-111.033 248-248 248S8 392.967 8 256 119.033 8 256 8s248 111.033 248 248zM227.314 387.314l184-184c6.248-6.248 6.248-16.379 0-22.627l-22.627-22.627c-6.248-6.249-16.379-6.249-22.628 0L216 308.118l-70.059-70.059c-6.248-6.248-16.379-6.248-22.628 0l-22.627 22.627c-6.248 6.248-6.248 16.379 0 22.627l104 104c6.249 6.249 16.379 6.249 22.628.001z\"><\/path><\/svg><\/span><span class=\"gb-text\"><strong>Valitse oikea verkkotunnus (.fi, .ax, .com, .eu jne.)<\/strong><\/span><\/p>\n\n\n\n<p class=\"gb-text gb-text-6c00448a\">Ajattele kohderyhm\u00e4\u00e4si. Esimerkiksi suomalaiset yritykset saattavat suosia .fi-p\u00e4\u00e4tett\u00e4, kun taas kansainv\u00e4liset sivustot k\u00e4ytt\u00e4v\u00e4t usein .com-p\u00e4\u00e4tett\u00e4.<\/p>\n<\/div>\n\n\n\n<div>\n<p class=\"gb-text-457db41c\"><span class=\"gb-shape\"><svg aria-hidden=\"true\" role=\"img\" height=\"1em\" width=\"1em\" viewBox=\"0 0 512 512\" xmlns=\"http:\/\/www.w3.org\/2000\/svg\"><path fill=\"currentColor\" d=\"M504 256c0 136.967-111.033 248-248 248S8 392.967 8 256 119.033 8 256 8s248 111.033 248 248zM227.314 387.314l184-184c6.248-6.248 6.248-16.379 0-22.627l-22.627-22.627c-6.248-6.249-16.379-6.249-22.628 0L216 308.118l-70.059-70.059c-6.248-6.248-16.379-6.248-22.628 0l-22.627 22.627c-6.248 6.248-6.248 16.379 0 22.627l104 104c6.249 6.249 16.379 6.249 22.628.001z\"><\/path><\/svg><\/span><span class=\"gb-text\"><strong>Suojaa br\u00e4ndi\u00e4si<\/strong><\/span><\/p>\n\n\n\n<p class=\"gb-text gb-text-b0bbeede\">Rekister\u00f6i useita muunnelmia ja yleisi\u00e4 kirjoitusvirheit\u00e4 domain-nimest\u00e4si, jotta kilpailijat tai huijarit eiv\u00e4t voi kaapata niit\u00e4.<\/p>\n<\/div>\n\n\n\n<div>\n<p class=\"gb-text-7bbca8d6\"><span class=\"gb-shape\"><svg aria-hidden=\"true\" role=\"img\" height=\"1em\" width=\"1em\" viewBox=\"0 0 512 512\" xmlns=\"http:\/\/www.w3.org\/2000\/svg\"><path fill=\"currentColor\" d=\"M504 256c0 136.967-111.033 248-248 248S8 392.967 8 256 119.033 8 256 8s248 111.033 248 248zM227.314 387.314l184-184c6.248-6.248 6.248-16.379 0-22.627l-22.627-22.627c-6.248-6.249-16.379-6.249-22.628 0L216 308.118l-70.059-70.059c-6.248-6.248-16.379-6.248-22.628 0l-22.627 22.627c-6.248 6.248-6.248 16.379 0 22.627l104 104c6.249 6.249 16.379 6.249 22.628.001z\"><\/path><\/svg><\/span><span class=\"gb-text\"><strong>Tarkista oikeinkirjoitus kahdesti<\/strong><\/span><\/p>\n\n\n\n<p class=\"gb-text gb-text-25f47f8a\">Varmista, ett\u00e4 olet kirjoittanut verkkotunnuksen oikein. Kun verkkotunnus on rekister\u00f6ity, sit\u00e4 ei voi peruuttaa.<\/p>\n<\/div>\n<\/div>\n<\/div>\n<\/div>\n\n\n\n<div class=\"gb-element-d5967276\">\n<div class=\"gb-element-d737c081\">\n<h3 class=\"gb-text gb-text-6e1fffc9\">Tarvitsetko apua sopivan verkkotunnuksen l\u00f6yt\u00e4misess\u00e4? Ota meihin yhteytt\u00e4, autamme mielell\u00e4mme.<\/h3>\n\n\n\n<div class=\"gb-element-3132d391\">\n<a class=\"gb-text gb-text-643cc267\" href=\"https:\/\/hostingfinland.fi\/fi\/ota-yhteytta\/\">Ota yhteytt\u00e4<\/a>\n<\/div>\n<\/div>\n<\/div>\n\n\n\n<div class=\"gb-element-68d0aa2f\">\n<div class=\"gb-element-2833ba85\">\n<h1 class=\"gb-text gb-text-9f302985\"><strong><strong>Kysymyksi\u00e4 ja vastauksia<\/strong><\/strong><\/h1>\n\n\n\n<div class=\"gb-accordion\">\n<div class=\"gb-accordion__item gb-accordion__item-8d22b5c8\">\n<div role=\"button\" tabindex=\"0\" class=\"gb-accordion__toggle gb-accordion__toggle-bbf2b99f\" id=\"gb-accordion-toggle-bbf2b99f\">\n<span class=\"gb-text gb-text-53d0f442\">Mik\u00e4 on verkkotunnus?<\/span>\n\n\n\n<span class=\"gb-accordion__toggle-icon gb-accordion__toggle-icon-94be574f\"><span class=\"gb-accordion__toggle-icon-open\"><svg aria-hidden=\"true\" viewBox=\"0 0 256 256\"><rect width=\"256\" height=\"256\" fill=\"none\"><\/rect><line x1=\"40\" y1=\"128\" x2=\"216\" y2=\"128\" fill=\"none\" stroke=\"currentColor\" stroke-linecap=\"round\" stroke-linejoin=\"round\" stroke-width=\"16\"><\/line><line x1=\"128\" y1=\"40\" x2=\"128\" y2=\"216\" fill=\"none\" stroke=\"currentColor\" stroke-linecap=\"round\" stroke-linejoin=\"round\" stroke-width=\"16\"><\/line><\/svg><\/span><span class=\"gb-accordion__toggle-icon-close\"><svg aria-hidden=\"true\" viewBox=\"0 0 256 256\"><rect width=\"256\" height=\"256\" fill=\"none\"><\/rect><line x1=\"40\" y1=\"128\" x2=\"216\" y2=\"128\" fill=\"none\" stroke=\"currentColor\" stroke-linecap=\"round\" stroke-linejoin=\"round\" stroke-width=\"16\"><\/line><\/svg><\/span><\/span>\n<\/div>\n\n\n\n<div class=\"gb-accordion__content\" id=\"gb-accordion-content-23cbf3ee\">\n<div class=\"gb-element-125427b4\">\n<p>Verkkotunnus on internetiss\u00e4 k\u00e4ytett\u00e4v\u00e4 osoite, jonka avulla p\u00e4\u00e4see verkkosivustolle, esimerkiksi hostingfinland.fi. Jotta verkkotunnus toimisi, tarvitaan my\u00f6s <strong><a href=\"https:\/\/hostingfinland.fi\/fi\/webhotelli\/\" title=\"Webhotelli\">webhotelli<\/a><\/strong>.<\/p>\n<\/div>\n<\/div>\n<\/div>\n\n\n\n<div class=\"gb-accordion__item gb-accordion__item-56f7cebd\">\n<div role=\"button\" tabindex=\"0\" class=\"gb-accordion__toggle gb-accordion__toggle-aead548f\" id=\"gb-accordion-toggle-aead548f\">\n<span class=\"gb-text gb-text-b69b76f3\">Mik\u00e4 yl\u00e4tason verkkotunnus minun pit\u00e4isi valita?<\/span>\n\n\n\n<span class=\"gb-accordion__toggle-icon gb-accordion__toggle-icon-8d06f33d\"><span class=\"gb-accordion__toggle-icon-open\"><svg aria-hidden=\"true\" viewBox=\"0 0 256 256\"><rect width=\"256\" height=\"256\" fill=\"none\"><\/rect><line x1=\"40\" y1=\"128\" x2=\"216\" y2=\"128\" fill=\"none\" stroke=\"currentColor\" stroke-linecap=\"round\" stroke-linejoin=\"round\" stroke-width=\"16\"><\/line><line x1=\"128\" y1=\"40\" x2=\"128\" y2=\"216\" fill=\"none\" stroke=\"currentColor\" stroke-linecap=\"round\" stroke-linejoin=\"round\" stroke-width=\"16\"><\/line><\/svg><\/span><span class=\"gb-accordion__toggle-icon-close\"><svg aria-hidden=\"true\" viewBox=\"0 0 256 256\"><rect width=\"256\" height=\"256\" fill=\"none\"><\/rect><line x1=\"40\" y1=\"128\" x2=\"216\" y2=\"128\" fill=\"none\" stroke=\"currentColor\" stroke-linecap=\"round\" stroke-linejoin=\"round\" stroke-width=\"16\"><\/line><\/svg><\/span><\/span>\n<\/div>\n\n\n\n<div class=\"gb-accordion__content\" id=\"gb-accordion-content-42987101\">\n<div class=\"gb-element-2f65dd1d\">\n<p>Useimmille Suomessa toimiville yrityksille <a href=\"https:\/\/hostingfinland.fi\/fi\/verkkotunnus\/fi\/\" title=\"FI-verkkotunnus\">.fi-verkkotunnus<\/a> on suositeltavin vaihtoehto. Jos taas toimit Ahvenanmaalla, <a href=\"https:\/\/hostingfinland.fi\/fi\/verkkotunnus\/ax\/\" title=\"AX-verkkotunnus\">.ax-verkkotunnus<\/a> on usein paras valinta. T\u00e4st\u00e4 huolimatta <a href=\"https:\/\/hostingfinland.fi\/fi\/verkkotunnus\/com\/\" title=\"COM-verkkotunnus\">.com<\/a>&#8211; tai <a href=\"https:\/\/hostingfinland.fi\/fi\/verkkotunnus\/eu\/\" title=\"EU-verkkotunnus\">.eu<\/a>-verkkotunnus voi olla hyv\u00e4 vaihtoehto yrityksille, joilla on kansainv\u00e4lisi\u00e4 asiakkaita.<\/p>\n<\/div>\n<\/div>\n<\/div>\n\n\n\n<div class=\"gb-accordion__item gb-accordion__item-077a6003\">\n<div role=\"button\" tabindex=\"0\" class=\"gb-accordion__toggle gb-accordion__toggle-e5269de0\" id=\"gb-accordion-toggle-e5269de0\">\n<div>\n<span class=\"gb-text gb-text-cb484d8b\">Mik\u00e4 yl\u00e4tason verkkotunnus minun pit\u00e4isi valita?<\/span>\n<\/div>\n\n\n\n<span class=\"gb-accordion__toggle-icon gb-accordion__toggle-icon-4efecccd\"><span class=\"gb-accordion__toggle-icon-open\"><svg aria-hidden=\"true\" viewBox=\"0 0 256 256\"><rect width=\"256\" height=\"256\" fill=\"none\"><\/rect><line x1=\"40\" y1=\"128\" x2=\"216\" y2=\"128\" fill=\"none\" stroke=\"currentColor\" stroke-linecap=\"round\" stroke-linejoin=\"round\" stroke-width=\"16\"><\/line><line x1=\"128\" y1=\"40\" x2=\"128\" y2=\"216\" fill=\"none\" stroke=\"currentColor\" stroke-linecap=\"round\" stroke-linejoin=\"round\" stroke-width=\"16\"><\/line><\/svg><\/span><span class=\"gb-accordion__toggle-icon-close\"><svg aria-hidden=\"true\" viewBox=\"0 0 256 256\"><rect width=\"256\" height=\"256\" fill=\"none\"><\/rect><line x1=\"40\" y1=\"128\" x2=\"216\" y2=\"128\" fill=\"none\" stroke=\"currentColor\" stroke-linecap=\"round\" stroke-linejoin=\"round\" stroke-width=\"16\"><\/line><\/svg><\/span><\/span>\n<\/div>\n\n\n\n<div class=\"gb-accordion__content\" id=\"gb-accordion-content-63850ba3\">\n<div class=\"gb-element-2cd6b2a3\">\n<p>Tarjoamme useita erilaisia verkkotunnuksia, kuten <a href=\"https:\/\/hostingfinland.fi\/fi\/verkkotunnus\/fi\/\" title=\"FI-verkkotunnus\">.fi<\/a>, <a href=\"https:\/\/hostingfinland.fi\/fi\/verkkotunnus\/ax\/\" title=\"AX-verkkotunnus\">.ax<\/a>, <a href=\"https:\/\/hostingfinland.fi\/fi\/verkkotunnus\/se\/\" title=\"SE-verkkotunnus\">.se<\/a>, <a href=\"https:\/\/hostingfinland.fi\/fi\/verkkotunnus\/no\/\" title=\"NO-verkkotunnus\">.no<\/a>, <a href=\"https:\/\/hostingfinland.fi\/fi\/verkkotunnus\/dk\/\" title=\"DK-verkkotunnus\">.dk<\/a>, <a href=\"https:\/\/hostingfinland.fi\/fi\/verkkotunnus\/com\/\" title=\"COM-verkkotunnus\">.com<\/a>, <a href=\"https:\/\/hostingfinland.fi\/fi\/verkkotunnus\/net\/\" title=\"NET-verkkotunnus\">.net<\/a>, <a href=\"https:\/\/hostingfinland.fi\/fi\/verkkotunnus\/org\/\" title=\"ORG-verkkotunnus\">.org<\/a> ja <a href=\"https:\/\/hostingfinland.fi\/fi\/verkkotunnus\/eu\/\" title=\"EU-verkkotunnus\">.eu<\/a>. Helpoin tapa on k\u00e4yd\u00e4 asiakaspalveluportaalissamme, jossa n\u00e4et koko luettelon tarjoamistamme verkkotunnuksista. Jos haluamaasi verkkotunnusta ei ole luettelossa, ota meihin yhteytt\u00e4.<\/p>\n<\/div>\n<\/div>\n<\/div>\n<\/div>\n<\/div>\n<\/div>\n","protected":false},"excerpt":{"rendered":"<p>Rekister\u00f6i ja osta verkkotunnuksia Verkkotunnus on yksil\u00f6llinen osoite internetiss\u00e4, kuten esimerkiksi minunyritys.fi. Verkkotunnuksen p\u00e4\u00e4te voi olla esimerkiksi .fi, .ax, .com tai .eu, muutamia mainitakseni. Verkkokaupassamme voit rekister\u00f6id\u00e4 verkkotunnuksen muutamassa minuutissa. Ennen kuin jatkat tilausta, tarkista oikeinkirjoitus huolellisesti, sill\u00e4 rekister\u00f6ity\u00e4 verkkotunnusta ei voi peruuttaa. Alla olevasta hakukent\u00e4st\u00e4 voit tarkistaa, onko haluamasi verkkotunnus vapaa. Rekister\u00f6i verkkotunnus muutamassa &#8230; <a title=\"Verkkotunnus\" class=\"read-more\" href=\"https:\/\/hostingfinland.fi\/fi\/verkkotunnus\/\" aria-label=\"Read more about Verkkotunnus\">Read more<\/a><\/p>\n","protected":false},"author":1,"featured_media":0,"parent":0,"menu_order":0,"comment_status":"closed","ping_status":"closed","template":"","meta":{"slim_seo":{"title":"Rekister\u00f6i ja osta verkkotunnuksia - Hosting Finland","description":"Rekister\u00f6i ja osta verkkotunnuksia Verkkotunnus on yksil\u00f6llinen osoite internetiss\u00e4, kuten esimerkiksi minunyritys.fi. Verkkotunnuksen p\u00e4\u00e4te voi olla esimerkiks"},"footnotes":""},"class_list":["post-2303","page","type-page","status-publish"],"_links":{"self":[{"href":"https:\/\/hostingfinland.fi\/fi\/wp-json\/wp\/v2\/pages\/2303","targetHints":{"allow":["GET"]}}],"collection":[{"href":"https:\/\/hostingfinland.fi\/fi\/wp-json\/wp\/v2\/pages"}],"about":[{"href":"https:\/\/hostingfinland.fi\/fi\/wp-json\/wp\/v2\/types\/page"}],"author":[{"embeddable":true,"href":"https:\/\/hostingfinland.fi\/fi\/wp-json\/wp\/v2\/users\/1"}],"replies":[{"embeddable":true,"href":"https:\/\/hostingfinland.fi\/fi\/wp-json\/wp\/v2\/comments?post=2303"}],"version-history":[{"count":1,"href":"https:\/\/hostingfinland.fi\/fi\/wp-json\/wp\/v2\/pages\/2303\/revisions"}],"predecessor-version":[{"id":3474,"href":"https:\/\/hostingfinland.fi\/fi\/wp-json\/wp\/v2\/pages\/2303\/revisions\/3474"}],"wp:attachment":[{"href":"https:\/\/hostingfinland.fi\/fi\/wp-json\/wp\/v2\/media?parent=2303"}],"curies":[{"name":"wp","href":"https:\/\/api.w.org\/{rel}","templated":true}]}}