{"id":2335,"date":"2026-04-15T12:55:36","date_gmt":"2026-04-15T09:55:36","guid":{"rendered":"https:\/\/hostingfinland.fi\/?page_id=2335"},"modified":"2026-04-15T12:56:44","modified_gmt":"2026-04-15T09:56:44","slug":"ax","status":"publish","type":"page","link":"https:\/\/hostingfinland.fi\/fi\/verkkotunnus\/ax\/","title":{"rendered":"AX-verkkotunnus"},"content":{"rendered":"\n<div class=\"gb-element-ac92a3d1\">\n<div class=\"gb-element-65894e89\">\n<div class=\"gb-element-53554ef9\">\n<div class=\"gb-element-5f1afb1d\">\n<h1 class=\"gb-text\"><strong>Rekister\u00f6i ja osta .AX-verkkotunnus<\/strong><\/h1>\n\n\n\n<p class=\"gb-text gb-text-1acbf48f\">AX-verkkotunnus on verkkotunnus, joka p\u00e4\u00e4ttyy .ax. Se on my\u00f6s Ahvenanmaan virallinen p\u00e4\u00e4verkkotunnus. Jos toimit Ahvenanmaalla, .ax-verkkotunnus on luonnollinen valinta. AX-verkkotunnuksen voi rekister\u00f6id\u00e4 1, 3 tai 5 vuodeksi. My\u00f6s yksityishenkil\u00f6t ja organisaatiot Ahvenanmaan ja Suomen ulkopuolella voivat rekister\u00f6id\u00e4 AX-verkkotunnuksen.<\/p>\n<\/div>\n\n\n\n<div class=\"gb-element-27e0bca9\">\n<p class=\"gb-text-a74e12dd\"><span class=\"gb-shape\"><svg xmlns=\"http:\/\/www.w3.org\/2000\/svg\" width=\"800\" height=\"800\" aria-hidden=\"true\" class=\"iconify iconify--twemoji\" viewBox=\"0 0 36 36\"><path fill=\"#FFCE00\" d=\"M18 5h-2v11h20v-2H18zm-2 17v9h2v-9h18v-2H16zm-3-2H0v2h11v9h2v-9zm0-6V5h-2v9H0v2h13z\"><\/path><path fill=\"#D21034\" d=\"M16 5h-3v11H0v4h13v11h3V20h20v-4H16z\"><\/path><path fill=\"#0053A5\" d=\"M18 22v9h14a4 4 0 0 0 4-4v-5H18zM0 22v5a4 4 0 0 0 4 4h7v-9H0zM11 5H4a4 4 0 0 0-4 4v5h11V5zm21 0H18v9h18V9a4 4 0 0 0-4-4z\"><\/path><\/svg><\/span><\/p>\n<\/div>\n<\/div>\n<\/div>\n<\/div>\n\n\n\n<div class=\"gb-element-c51be40f\" id=\"doman\">\n<div class=\"gb-element-2af536c9\">\n<h1 class=\"gb-text gb-text-4f4379af\"><strong>Osta AX-verkkotunnus muutamassa minuutissa<\/strong><\/h1>\n\n\n\n<p class=\"gb-text gb-text-69c8ccee\">Verkkokaupastamme voit helposti tarkistaa, onko haluamasi verkkotunnus vapaa. Hinta n\u00e4kyy, kun verkkotunnuksen saatavuus on tarkistettu. Jos se on vapaa, voit rekister\u00f6id\u00e4 sen suoraan muutamassa minuutissa.<br><br>Jos sinulla on jo verkkotunnus, jonka haluat siirt\u00e4\u00e4 meille, toimi samalla tavalla: kirjoita verkkotunnus hakukentt\u00e4\u00e4n ja valitse sen siirto. Tarvitset siirtokoodin (jota kutsutaan my\u00f6s auth-koodiksi tai EPP-koodiksi), jotta siirto voidaan suorittaa. Kun on aika uusia domainnimi, saat muistutuksen s\u00e4hk\u00f6postitse. Huomaa, ett\u00e4 voidaksesi k\u00e4ytt\u00e4\u00e4 domainnime\u00e4si, sinun on ostettava my\u00f6s <a href=\"https:\/\/hostingfinland.fi\/fi\/webhotelli\/\" target=\"_blank\" rel=\"noopener\" title=\"Webhotelli\"><strong>webhotelli<\/strong><\/a>.<\/p>\n\n\n\n<div class=\"gb-element-d20a3816\">\n<a class=\"gb-text gb-text-e448dcf4 smooth-scroll\" href=\"https:\/\/my.hostingfinland.fi\/order\/config\/preconfig\/doman\" target=\"_blank\" rel=\"noopener\">Tarkista saatavuus<\/a>\n<\/div>\n<\/div>\n<\/div>\n\n\n\n<div class=\"gb-element-0ec0bbdf\">\n<div class=\"gb-element-3fd725df\">\n<h2 class=\"gb-text gb-text-5fcad46a\"><strong>Vinkkej\u00e4 verkkotunnuksen rekister\u00f6intiin<\/strong><\/h2>\n\n\n\n<div class=\"gb-element-31b7b1d5\">\n<div>\n<p class=\"gb-text-11056f34\"><span class=\"gb-shape\"><svg aria-hidden=\"true\" role=\"img\" height=\"1em\" width=\"1em\" viewBox=\"0 0 512 512\" xmlns=\"http:\/\/www.w3.org\/2000\/svg\"><path fill=\"currentColor\" d=\"M504 256c0 136.967-111.033 248-248 248S8 392.967 8 256 119.033 8 256 8s248 111.033 248 248zM227.314 387.314l184-184c6.248-6.248 6.248-16.379 0-22.627l-22.627-22.627c-6.248-6.249-16.379-6.249-22.628 0L216 308.118l-70.059-70.059c-6.248-6.248-16.379-6.248-22.628 0l-22.627 22.627c-6.248 6.248-6.248 16.379 0 22.627l104 104c6.249 6.249 16.379 6.249 22.628.001z\"><\/path><\/svg><\/span><span class=\"gb-text\"><strong>Valitse lyhyt nimi, joka on helppo muistaa:<\/strong><\/span><\/p>\n\n\n\n<p class=\"gb-text gb-text-f18dd183\">Lyhyemm\u00e4t verkkotunnukset ovat k\u00e4vij\u00f6iden helpompi kirjoittaa ja muistaa. V\u00e4lt\u00e4 tarpeettomia numeroita tai yhdysmerkkej\u00e4.<\/p>\n<\/div>\n\n\n\n<div>\n<p class=\"gb-text-90dcb070\"><span class=\"gb-shape\"><svg aria-hidden=\"true\" role=\"img\" height=\"1em\" width=\"1em\" viewBox=\"0 0 512 512\" xmlns=\"http:\/\/www.w3.org\/2000\/svg\"><path fill=\"currentColor\" d=\"M504 256c0 136.967-111.033 248-248 248S8 392.967 8 256 119.033 8 256 8s248 111.033 248 248zM227.314 387.314l184-184c6.248-6.248 6.248-16.379 0-22.627l-22.627-22.627c-6.248-6.249-16.379-6.249-22.628 0L216 308.118l-70.059-70.059c-6.248-6.248-16.379-6.248-22.628 0l-22.627 22.627c-6.248 6.248-6.248 16.379 0 22.627l104 104c6.249 6.249 16.379 6.249 22.628.001z\"><\/path><\/svg><\/span><span class=\"gb-text\"><strong>K\u00e4yt\u00e4 relevanttia ja selke\u00e4\u00e4 nime\u00e4:<\/strong><\/span><\/p>\n\n\n\n<p class=\"gb-text gb-text-f87416fd\">Nimen tulisi kuvastaa yrityst\u00e4si, br\u00e4ndi\u00e4si tai toimintaasi, jotta k\u00e4vij\u00e4t ymm\u00e4rt\u00e4v\u00e4t heti, mist\u00e4 sivulla on kyse.<\/p>\n<\/div>\n\n\n\n<div>\n<p class=\"gb-text-63e837b0\"><span class=\"gb-shape\"><svg aria-hidden=\"true\" role=\"img\" height=\"1em\" width=\"1em\" viewBox=\"0 0 512 512\" xmlns=\"http:\/\/www.w3.org\/2000\/svg\"><path fill=\"currentColor\" d=\"M504 256c0 136.967-111.033 248-248 248S8 392.967 8 256 119.033 8 256 8s248 111.033 248 248zM227.314 387.314l184-184c6.248-6.248 6.248-16.379 0-22.627l-22.627-22.627c-6.248-6.249-16.379-6.249-22.628 0L216 308.118l-70.059-70.059c-6.248-6.248-16.379-6.248-22.628 0l-22.627 22.627c-6.248 6.248-6.248 16.379 0 22.627l104 104c6.249 6.249 16.379 6.249 22.628.001z\"><\/path><\/svg><\/span><span class=\"gb-text\"><strong>Tarkista saatavuus sosiaalisessa mediassa:<\/strong><\/span><\/p>\n\n\n\n<p class=\"gb-text gb-text-e4532295\">Jos aiot k\u00e4ytt\u00e4\u00e4 sosiaalista mediaa markkinointiin, varmista, ett\u00e4 sama nimi on vapaana siell\u00e4, jotta profiilisi on yhdenmukainen.<\/p>\n<\/div>\n\n\n\n<div>\n<p class=\"gb-text-b621dfd1\"><span class=\"gb-shape\"><svg aria-hidden=\"true\" role=\"img\" height=\"1em\" width=\"1em\" viewBox=\"0 0 512 512\" xmlns=\"http:\/\/www.w3.org\/2000\/svg\"><path fill=\"currentColor\" d=\"M504 256c0 136.967-111.033 248-248 248S8 392.967 8 256 119.033 8 256 8s248 111.033 248 248zM227.314 387.314l184-184c6.248-6.248 6.248-16.379 0-22.627l-22.627-22.627c-6.248-6.249-16.379-6.249-22.628 0L216 308.118l-70.059-70.059c-6.248-6.248-16.379-6.248-22.628 0l-22.627 22.627c-6.248 6.248-6.248 16.379 0 22.627l104 104c6.249 6.249 16.379 6.249 22.628.001z\"><\/path><\/svg><\/span><span class=\"gb-text\"><strong>Valitse oikea verkkotunnus (.fi, .ax, .com, .eu jne.)<\/strong><\/span><\/p>\n\n\n\n<p class=\"gb-text gb-text-6c00448a\">Ajattele kohderyhm\u00e4\u00e4si. Esimerkiksi suomalaiset yritykset saattavat suosia .fi-p\u00e4\u00e4tett\u00e4, kun taas kansainv\u00e4liset sivustot k\u00e4ytt\u00e4v\u00e4t usein .com-p\u00e4\u00e4tett\u00e4.<\/p>\n<\/div>\n\n\n\n<div>\n<p class=\"gb-text-457db41c\"><span class=\"gb-shape\"><svg aria-hidden=\"true\" role=\"img\" height=\"1em\" width=\"1em\" viewBox=\"0 0 512 512\" xmlns=\"http:\/\/www.w3.org\/2000\/svg\"><path fill=\"currentColor\" d=\"M504 256c0 136.967-111.033 248-248 248S8 392.967 8 256 119.033 8 256 8s248 111.033 248 248zM227.314 387.314l184-184c6.248-6.248 6.248-16.379 0-22.627l-22.627-22.627c-6.248-6.249-16.379-6.249-22.628 0L216 308.118l-70.059-70.059c-6.248-6.248-16.379-6.248-22.628 0l-22.627 22.627c-6.248 6.248-6.248 16.379 0 22.627l104 104c6.249 6.249 16.379 6.249 22.628.001z\"><\/path><\/svg><\/span><span class=\"gb-text\"><strong>Suojaa br\u00e4ndi\u00e4si<\/strong><\/span><\/p>\n\n\n\n<p class=\"gb-text gb-text-b0bbeede\">Rekister\u00f6i useita muunnelmia ja yleisi\u00e4 kirjoitusvirheit\u00e4 domain-nimest\u00e4si, jotta kilpailijat tai huijarit eiv\u00e4t voi kaapata niit\u00e4.<\/p>\n<\/div>\n\n\n\n<div>\n<p class=\"gb-text-7bbca8d6\"><span class=\"gb-shape\"><svg aria-hidden=\"true\" role=\"img\" height=\"1em\" width=\"1em\" viewBox=\"0 0 512 512\" xmlns=\"http:\/\/www.w3.org\/2000\/svg\"><path fill=\"currentColor\" d=\"M504 256c0 136.967-111.033 248-248 248S8 392.967 8 256 119.033 8 256 8s248 111.033 248 248zM227.314 387.314l184-184c6.248-6.248 6.248-16.379 0-22.627l-22.627-22.627c-6.248-6.249-16.379-6.249-22.628 0L216 308.118l-70.059-70.059c-6.248-6.248-16.379-6.248-22.628 0l-22.627 22.627c-6.248 6.248-6.248 16.379 0 22.627l104 104c6.249 6.249 16.379 6.249 22.628.001z\"><\/path><\/svg><\/span><span class=\"gb-text\"><strong>Tarkista oikeinkirjoitus kahdesti<\/strong><\/span><\/p>\n\n\n\n<p class=\"gb-text gb-text-25f47f8a\">Varmista, ett\u00e4 olet kirjoittanut verkkotunnuksen oikein. Kun verkkotunnus on rekister\u00f6ity, sit\u00e4 ei voi peruuttaa.<\/p>\n<\/div>\n<\/div>\n<\/div>\n<\/div>\n\n\n\n<div class=\"gb-element-d5967276\">\n<div class=\"gb-element-d737c081\">\n<h3 class=\"gb-text gb-text-6e1fffc9\">Tarvitsetko apua sopivan AX-verkkotunnuksen l\u00f6yt\u00e4misess\u00e4? Ota meihin yhteytt\u00e4, autamme mielell\u00e4mme.<\/h3>\n\n\n\n<div class=\"gb-element-3132d391\">\n<a class=\"gb-text gb-text-643cc267\" href=\"https:\/\/hostingfinland.fi\/fi\/ota-yhteytta\/\">Ota yhteytt\u00e4<\/a>\n<\/div>\n<\/div>\n<\/div>\n\n\n\n<div class=\"gb-element-aa9378f4\">\n<div class=\"gb-element-ac9f7979\">\n<h1 class=\"gb-text gb-text-004c80e1\"><strong>Kysymyksi\u00e4 ja vastauksia<\/strong><\/h1>\n\n\n\n<div class=\"gb-accordion\">\n<div class=\"gb-accordion__item gb-accordion__item-8f1e1c3a\">\n<div role=\"button\" tabindex=\"0\" class=\"gb-accordion__toggle gb-accordion__toggle-501c9f42\" id=\"gb-accordion-toggle-501c9f42\">\n<span class=\"gb-text\">Voinko siirt\u00e4\u00e4 nykyisen AX-verkkotunnukseni teille?<\/span>\n\n\n\n<span class=\"gb-accordion__toggle-icon gb-accordion__toggle-icon-23d76a49\"><span class=\"gb-accordion__toggle-icon-open\"><svg aria-hidden=\"true\" viewBox=\"0 0 256 256\"><rect width=\"256\" height=\"256\" fill=\"none\"><\/rect><line x1=\"40\" y1=\"128\" x2=\"216\" y2=\"128\" fill=\"none\" stroke=\"currentColor\" stroke-linecap=\"round\" stroke-linejoin=\"round\" stroke-width=\"16\"><\/line><line x1=\"128\" y1=\"40\" x2=\"128\" y2=\"216\" fill=\"none\" stroke=\"currentColor\" stroke-linecap=\"round\" stroke-linejoin=\"round\" stroke-width=\"16\"><\/line><\/svg><\/span><span class=\"gb-accordion__toggle-icon-close\"><svg aria-hidden=\"true\" viewBox=\"0 0 256 256\"><rect width=\"256\" height=\"256\" fill=\"none\"><\/rect><line x1=\"40\" y1=\"128\" x2=\"216\" y2=\"128\" fill=\"none\" stroke=\"currentColor\" stroke-linecap=\"round\" stroke-linejoin=\"round\" stroke-width=\"16\"><\/line><\/svg><\/span><\/span>\n<\/div>\n\n\n\n<div class=\"gb-accordion__content\" id=\"gb-accordion-content-f7a7a6cc\">\n<div class=\"gb-element-837176ad\">\n<p class=\"ticss-3fe8037c\">F\u00f6r att kunna flytta ditt befintliga dom\u00e4nnamn till oss s\u00e5 beh\u00f6ver du en \u00f6verf\u00f6ringskod fr\u00e5n din nuvarande registrar. G\u00e5 <a href=\"https:\/\/my.hostingfinland.fi\/order\/config\/preconfig\/doman\" target=\"_blank\" rel=\"noopener\" title=\"till v\u00e5r webbutik\">till v\u00e5r webbutik<\/a> och skriva in det dom\u00e4nnamn du vill \u00f6verf\u00f6ra. Skriv sedan in \u00f6verf\u00f6ringskoden i samband med detta. Sedan kommer dom\u00e4nnamnet att \u00f6verf\u00f6ras till oss. \u00d6verf\u00f6ringen \u00e4r helt gratis. F\u00f6rst n\u00e4r dom\u00e4nnamnet skall f\u00f6rnyas m\u00e5ste du betala.  <\/p>\n<\/div>\n<\/div>\n<\/div>\n\n\n\n<div class=\"gb-accordion__item gb-accordion__item-c69d2314\">\n<div role=\"button\" tabindex=\"0\" class=\"gb-accordion__toggle gb-accordion__toggle-26650278\" id=\"gb-accordion-toggle-26650278\">\n<span class=\"gb-text\">Mik\u00e4 on AX-verkkotunnus?<\/span>\n\n\n\n<span class=\"gb-accordion__toggle-icon gb-accordion__toggle-icon-3ca7d66c\"><span class=\"gb-accordion__toggle-icon-open\"><svg aria-hidden=\"true\" viewBox=\"0 0 256 256\"><rect width=\"256\" height=\"256\" fill=\"none\"><\/rect><line x1=\"40\" y1=\"128\" x2=\"216\" y2=\"128\" fill=\"none\" stroke=\"currentColor\" stroke-linecap=\"round\" stroke-linejoin=\"round\" stroke-width=\"16\"><\/line><line x1=\"128\" y1=\"40\" x2=\"128\" y2=\"216\" fill=\"none\" stroke=\"currentColor\" stroke-linecap=\"round\" stroke-linejoin=\"round\" stroke-width=\"16\"><\/line><\/svg><\/span><span class=\"gb-accordion__toggle-icon-close\"><svg aria-hidden=\"true\" viewBox=\"0 0 256 256\"><rect width=\"256\" height=\"256\" fill=\"none\"><\/rect><line x1=\"40\" y1=\"128\" x2=\"216\" y2=\"128\" fill=\"none\" stroke=\"currentColor\" stroke-linecap=\"round\" stroke-linejoin=\"round\" stroke-width=\"16\"><\/line><\/svg><\/span><\/span>\n<\/div>\n\n\n\n<div class=\"gb-accordion__content\" id=\"gb-accordion-content-7bac7326\">\n<div class=\"gb-element-e97d057f\">\n<p>AX-verkkotunnus on .ax-p\u00e4\u00e4tteinen verkkotunnus, joka on Ahvenanmaan virallinen p\u00e4\u00e4verkkotunnus. AX-verkkotunnus on luonnollinen valinta Ahvenanmaan yrityksille ja yksityishenkil\u00f6ille. My\u00f6s Ahvenanmaan ulkopuolella asuvat yksityishenkil\u00f6t ja yritykset voivat rekister\u00f6id\u00e4 AX-verkkotunnuksen.<\/p>\n<\/div>\n<\/div>\n<\/div>\n\n\n\n<div class=\"gb-accordion__item gb-accordion__item-80d3a75e\">\n<div role=\"button\" tabindex=\"0\" class=\"gb-accordion__toggle gb-accordion__toggle-13403d4c\" id=\"gb-accordion-toggle-13403d4c\">\n<span class=\"gb-text\">Kuinka rekister\u00f6in AX-verkkotunnuksen?<\/span>\n\n\n\n<span class=\"gb-accordion__toggle-icon gb-accordion__toggle-icon-8c827295\"><span class=\"gb-accordion__toggle-icon-open\"><svg aria-hidden=\"true\" viewBox=\"0 0 256 256\"><rect width=\"256\" height=\"256\" fill=\"none\"><\/rect><line x1=\"40\" y1=\"128\" x2=\"216\" y2=\"128\" fill=\"none\" stroke=\"currentColor\" stroke-linecap=\"round\" stroke-linejoin=\"round\" stroke-width=\"16\"><\/line><line x1=\"128\" y1=\"40\" x2=\"128\" y2=\"216\" fill=\"none\" stroke=\"currentColor\" stroke-linecap=\"round\" stroke-linejoin=\"round\" stroke-width=\"16\"><\/line><\/svg><\/span><span class=\"gb-accordion__toggle-icon-close\"><svg aria-hidden=\"true\" viewBox=\"0 0 256 256\"><rect width=\"256\" height=\"256\" fill=\"none\"><\/rect><line x1=\"40\" y1=\"128\" x2=\"216\" y2=\"128\" fill=\"none\" stroke=\"currentColor\" stroke-linecap=\"round\" stroke-linejoin=\"round\" stroke-width=\"16\"><\/line><\/svg><\/span><\/span>\n<\/div>\n\n\n\n<div class=\"gb-accordion__content\" id=\"gb-accordion-content-5120f29b\">\n<div class=\"gb-element-aaf46c2d\">\n<p class=\"ticss-e2ba4087\">Voit k\u00e4ytt\u00e4\u00e4 yll\u00e4 olevaa hakukentt\u00e4\u00e4 tarkistaaksesi, onko haluamasi AX-verkkotunnus vapaa. Jos se on, voit siirty\u00e4 <a href=\"https:\/\/my.hostingfinland.fi\/order\/config\/preconfig\/doman\" title=\"verkkokauppaamme\">verkkokauppaamme<\/a> ja rekister\u00f6id\u00e4 verkkotunnuksen. Maksun suorittamisen j\u00e4lkeen verkkotunnus rekister\u00f6id\u00e4\u00e4n. Huomaa, ett\u00e4 AX-verkkotunnusten rekister\u00f6inti kest\u00e4\u00e4 kauemmin kuin muiden verkkotunnusten, koska niit\u00e4 ei voida automatisoida, vaan ne on k\u00e4sitelt\u00e4v\u00e4 manuaalisesti.<\/p>\n<\/div>\n<\/div>\n<\/div>\n\n\n\n<div class=\"gb-accordion__item gb-accordion__item-342d3c9b\">\n<div role=\"button\" tabindex=\"0\" class=\"gb-accordion__toggle gb-accordion__toggle-f72d63d6\" id=\"gb-accordion-toggle-f72d63d6\">\n<span class=\"gb-text\">Miksi AX-verkkotunnus on luonnollinen valinta Ahvenanmaalla?<\/span>\n\n\n\n<span class=\"gb-accordion__toggle-icon gb-accordion__toggle-icon-b4ef32f2\"><span class=\"gb-accordion__toggle-icon-open\"><svg aria-hidden=\"true\" viewBox=\"0 0 256 256\"><rect width=\"256\" height=\"256\" fill=\"none\"><\/rect><line x1=\"40\" y1=\"128\" x2=\"216\" y2=\"128\" fill=\"none\" stroke=\"currentColor\" stroke-linecap=\"round\" stroke-linejoin=\"round\" stroke-width=\"16\"><\/line><line x1=\"128\" y1=\"40\" x2=\"128\" y2=\"216\" fill=\"none\" stroke=\"currentColor\" stroke-linecap=\"round\" stroke-linejoin=\"round\" stroke-width=\"16\"><\/line><\/svg><\/span><span class=\"gb-accordion__toggle-icon-close\"><svg aria-hidden=\"true\" viewBox=\"0 0 256 256\"><rect width=\"256\" height=\"256\" fill=\"none\"><\/rect><line x1=\"40\" y1=\"128\" x2=\"216\" y2=\"128\" fill=\"none\" stroke=\"currentColor\" stroke-linecap=\"round\" stroke-linejoin=\"round\" stroke-width=\"16\"><\/line><\/svg><\/span><\/span>\n<\/div>\n\n\n\n<div class=\"gb-accordion__content\" id=\"gb-accordion-content-5a830f3e\">\n<div class=\"gb-element-037727a2\">\n<p>.ax-p\u00e4\u00e4tteinen verkkotunnus on Ahvenanmaan virallinen verkkotunnus. Siksi se on luonnollinen valinta Ahvenanmaan yrityksille ja yksityishenkil\u00f6ille. N\u00e4in osoitat selv\u00e4sti, ett\u00e4 sinulla on yhteys Ahvenanmaahan.<\/p>\n<\/div>\n<\/div>\n<\/div>\n\n\n\n<div class=\"gb-accordion__item gb-accordion__item-1aff3a21\">\n<div role=\"button\" tabindex=\"0\" class=\"gb-accordion__toggle gb-accordion__toggle-b9c2b2e3\" id=\"gb-accordion-toggle-b9c2b2e3\">\n<span class=\"gb-text\">Mille ajalle AX-verkkotunnus voidaan rekister\u00f6id\u00e4?<\/span>\n\n\n\n<span class=\"gb-accordion__toggle-icon gb-accordion__toggle-icon-f9766ff8\"><span class=\"gb-accordion__toggle-icon-open\"><svg aria-hidden=\"true\" viewBox=\"0 0 256 256\"><rect width=\"256\" height=\"256\" fill=\"none\"><\/rect><line x1=\"40\" y1=\"128\" x2=\"216\" y2=\"128\" fill=\"none\" stroke=\"currentColor\" stroke-linecap=\"round\" stroke-linejoin=\"round\" stroke-width=\"16\"><\/line><line x1=\"128\" y1=\"40\" x2=\"128\" y2=\"216\" fill=\"none\" stroke=\"currentColor\" stroke-linecap=\"round\" stroke-linejoin=\"round\" stroke-width=\"16\"><\/line><\/svg><\/span><span class=\"gb-accordion__toggle-icon-close\"><svg aria-hidden=\"true\" viewBox=\"0 0 256 256\"><rect width=\"256\" height=\"256\" fill=\"none\"><\/rect><line x1=\"40\" y1=\"128\" x2=\"216\" y2=\"128\" fill=\"none\" stroke=\"currentColor\" stroke-linecap=\"round\" stroke-linejoin=\"round\" stroke-width=\"16\"><\/line><\/svg><\/span><\/span>\n<\/div>\n\n\n\n<div class=\"gb-accordion__content\" id=\"gb-accordion-content-d7669fe7\">\n<div class=\"gb-element-0a829754\">\n<p class=\"ticss-f671c2a1\">AX-verkkotunnuksen voi rekister\u00f6id\u00e4 1, 3 tai 5 vuodeksi. <a href=\"https:\/\/my.hostingfinland.fi\/order\/config\/preconfig\/doman\" title=\"Verkkokaupastamme\">Verkkokaupastamme<\/a> voit itse valita, kuinka moneksi vuodeksi haluat rekister\u00f6id\u00e4 verkkotunnuksesi. Saat meilt\u00e4 s\u00e4hk\u00f6postiviestin hyviss\u00e4 ajoin ennen verkkotunnuksen uusimista.<\/p>\n<\/div>\n<\/div>\n<\/div>\n\n\n\n<div class=\"gb-accordion__item gb-accordion__item-d2df36ca\">\n<div role=\"button\" tabindex=\"0\" class=\"gb-accordion__toggle gb-accordion__toggle-d81691ec\" id=\"gb-accordion-toggle-d81691ec\">\n<span class=\"gb-text\">Kuka voi rekister\u00f6id\u00e4 AX-verkkotunnuksen?<\/span>\n\n\n\n<span class=\"gb-accordion__toggle-icon gb-accordion__toggle-icon-78fb0c8e\"><span class=\"gb-accordion__toggle-icon-open\"><svg aria-hidden=\"true\" viewBox=\"0 0 256 256\"><rect width=\"256\" height=\"256\" fill=\"none\"><\/rect><line x1=\"40\" y1=\"128\" x2=\"216\" y2=\"128\" fill=\"none\" stroke=\"currentColor\" stroke-linecap=\"round\" stroke-linejoin=\"round\" stroke-width=\"16\"><\/line><line x1=\"128\" y1=\"40\" x2=\"128\" y2=\"216\" fill=\"none\" stroke=\"currentColor\" stroke-linecap=\"round\" stroke-linejoin=\"round\" stroke-width=\"16\"><\/line><\/svg><\/span><span class=\"gb-accordion__toggle-icon-close\"><svg aria-hidden=\"true\" viewBox=\"0 0 256 256\"><rect width=\"256\" height=\"256\" fill=\"none\"><\/rect><line x1=\"40\" y1=\"128\" x2=\"216\" y2=\"128\" fill=\"none\" stroke=\"currentColor\" stroke-linecap=\"round\" stroke-linejoin=\"round\" stroke-width=\"16\"><\/line><\/svg><\/span><\/span>\n<\/div>\n\n\n\n<div class=\"gb-accordion__content\" id=\"gb-accordion-content-bf54b785\">\n<div class=\"gb-element-f6d88469\">\n<p>Kaikki halukkaat yritykset ja yksityishenkil\u00f6t voivat rekister\u00f6id\u00e4 AX-verkkotunnuksen. T\u00e4m\u00e4 koskee koko maailmaa.<\/p>\n<\/div>\n<\/div>\n<\/div>\n\n\n\n<div class=\"gb-accordion__item gb-accordion__item-bf422b30\">\n<div role=\"button\" tabindex=\"0\" class=\"gb-accordion__toggle gb-accordion__toggle-457b1af9\" id=\"gb-accordion-toggle-457b1af9\">\n<span class=\"gb-text\">Kuinka kauan AX-verkkotunnuksen rekister\u00f6inti kest\u00e4\u00e4?<\/span>\n\n\n\n<span class=\"gb-accordion__toggle-icon gb-accordion__toggle-icon-7527c21a\"><span class=\"gb-accordion__toggle-icon-open\"><svg aria-hidden=\"true\" viewBox=\"0 0 256 256\"><rect width=\"256\" height=\"256\" fill=\"none\"><\/rect><line x1=\"40\" y1=\"128\" x2=\"216\" y2=\"128\" fill=\"none\" stroke=\"currentColor\" stroke-linecap=\"round\" stroke-linejoin=\"round\" stroke-width=\"16\"><\/line><line x1=\"128\" y1=\"40\" x2=\"128\" y2=\"216\" fill=\"none\" stroke=\"currentColor\" stroke-linecap=\"round\" stroke-linejoin=\"round\" stroke-width=\"16\"><\/line><\/svg><\/span><span class=\"gb-accordion__toggle-icon-close\"><svg aria-hidden=\"true\" viewBox=\"0 0 256 256\"><rect width=\"256\" height=\"256\" fill=\"none\"><\/rect><line x1=\"40\" y1=\"128\" x2=\"216\" y2=\"128\" fill=\"none\" stroke=\"currentColor\" stroke-linecap=\"round\" stroke-linejoin=\"round\" stroke-width=\"16\"><\/line><\/svg><\/span><\/span>\n<\/div>\n\n\n\n<div class=\"gb-accordion__content\" id=\"gb-accordion-content-af4dbd2a\">\n<div class=\"gb-element-c7627e25\">\n<p>Jotta voit siirt\u00e4\u00e4 nykyisen verkkotunnuksesi meille, tarvitset siirtokoodin nykyiselt\u00e4 rekister\u00f6ij\u00e4lt\u00e4si. Siirry verkkokauppaamme ja kirjoita sinne verkkotunnus, jonka haluat siirt\u00e4\u00e4. Kirjoita sitten siirtokoodi. T\u00e4m\u00e4n j\u00e4lkeen verkkotunnus siirret\u00e4\u00e4n meille. Siirto on t\u00e4ysin ilmainen. Maksu perit\u00e4\u00e4n vasta, kun verkkotunnus on uusittava.<\/p>\n<\/div>\n<\/div>\n<\/div>\n\n\n\n<div class=\"gb-accordion__item gb-accordion__item-e27cf558\">\n<div role=\"button\" tabindex=\"0\" class=\"gb-accordion__toggle gb-accordion__toggle-eca2b229\" id=\"gb-accordion-toggle-eca2b229\">\n<span class=\"gb-text\">Mit\u00e4 AX-verkkotunnuksen rekister\u00f6inti maksaa?<\/span>\n\n\n\n<span class=\"gb-accordion__toggle-icon gb-accordion__toggle-icon-710bccdb\"><span class=\"gb-accordion__toggle-icon-open\"><svg aria-hidden=\"true\" viewBox=\"0 0 256 256\"><rect width=\"256\" height=\"256\" fill=\"none\"><\/rect><line x1=\"40\" y1=\"128\" x2=\"216\" y2=\"128\" fill=\"none\" stroke=\"currentColor\" stroke-linecap=\"round\" stroke-linejoin=\"round\" stroke-width=\"16\"><\/line><line x1=\"128\" y1=\"40\" x2=\"128\" y2=\"216\" fill=\"none\" stroke=\"currentColor\" stroke-linecap=\"round\" stroke-linejoin=\"round\" stroke-width=\"16\"><\/line><\/svg><\/span><span class=\"gb-accordion__toggle-icon-close\"><svg aria-hidden=\"true\" viewBox=\"0 0 256 256\"><rect width=\"256\" height=\"256\" fill=\"none\"><\/rect><line x1=\"40\" y1=\"128\" x2=\"216\" y2=\"128\" fill=\"none\" stroke=\"currentColor\" stroke-linecap=\"round\" stroke-linejoin=\"round\" stroke-width=\"16\"><\/line><\/svg><\/span><\/span>\n<\/div>\n\n\n\n<div class=\"gb-accordion__content\" id=\"gb-accordion-content-cb9e6e80\">\n<div class=\"gb-element-c886c3ab\">\n<p class=\"ticss-85c2063e\">Hinta vaihtelee sen mukaan, kuinka moneksi vuodeksi rekister\u00f6it domainnimen. Helpoin tapa on menn\u00e4 <a href=\"https:\/\/my.hostingfinland.fi\/order\/config\/preconfig\/doman\" title=\"verkkokauppaamme\">verkkokauppaamme<\/a> ja kirjoittaa sinne domainnimi, jonka haluat rekister\u00f6id\u00e4. Silloin hinta n\u00e4kyy selv\u00e4sti 1,3 ja 5 vuodeksi.<\/p>\n<\/div>\n<\/div>\n<\/div>\n<\/div>\n<\/div>\n<\/div>\n","protected":false},"excerpt":{"rendered":"<p>Rekister\u00f6i ja osta .AX-verkkotunnus AX-verkkotunnus on verkkotunnus, joka p\u00e4\u00e4ttyy .ax. Se on my\u00f6s Ahvenanmaan virallinen p\u00e4\u00e4verkkotunnus. Jos toimit Ahvenanmaalla, .ax-verkkotunnus on luonnollinen valinta. AX-verkkotunnuksen voi rekister\u00f6id\u00e4 1, 3 tai 5 vuodeksi. My\u00f6s yksityishenkil\u00f6t ja organisaatiot Ahvenanmaan ja Suomen ulkopuolella voivat rekister\u00f6id\u00e4 AX-verkkotunnuksen. Osta AX-verkkotunnus muutamassa minuutissa Tarvitsetko apua sopivan AX-verkkotunnuksen l\u00f6yt\u00e4misess\u00e4? Ota meihin yhteytt\u00e4, autamme &#8230; <a title=\"AX-verkkotunnus\" class=\"read-more\" href=\"https:\/\/hostingfinland.fi\/fi\/verkkotunnus\/ax\/\" aria-label=\"Read more about AX-verkkotunnus\">Read more<\/a><\/p>\n","protected":false},"author":1,"featured_media":0,"parent":2303,"menu_order":0,"comment_status":"closed","ping_status":"closed","template":"","meta":{"slim_seo":{"title":"Rekister\u00f6i ja osta .AX-verkkotunnus - Hosting Finland","description":"AX-verkkotunnus on verkkotunnus, joka p\u00e4\u00e4ttyy .ax. Se on my\u00f6s Ahvenanmaan virallinen p\u00e4\u00e4verkkotunnus. AX-verkkotunnuksen voi rekister\u00f6id\u00e4 1, 3 tai 5 vuodeksi."},"footnotes":""},"class_list":["post-2335","page","type-page","status-publish"],"_links":{"self":[{"href":"https:\/\/hostingfinland.fi\/fi\/wp-json\/wp\/v2\/pages\/2335","targetHints":{"allow":["GET"]}}],"collection":[{"href":"https:\/\/hostingfinland.fi\/fi\/wp-json\/wp\/v2\/pages"}],"about":[{"href":"https:\/\/hostingfinland.fi\/fi\/wp-json\/wp\/v2\/types\/page"}],"author":[{"embeddable":true,"href":"https:\/\/hostingfinland.fi\/fi\/wp-json\/wp\/v2\/users\/1"}],"replies":[{"embeddable":true,"href":"https:\/\/hostingfinland.fi\/fi\/wp-json\/wp\/v2\/comments?post=2335"}],"version-history":[{"count":1,"href":"https:\/\/hostingfinland.fi\/fi\/wp-json\/wp\/v2\/pages\/2335\/revisions"}],"predecessor-version":[{"id":3886,"href":"https:\/\/hostingfinland.fi\/fi\/wp-json\/wp\/v2\/pages\/2335\/revisions\/3886"}],"up":[{"embeddable":true,"href":"https:\/\/hostingfinland.fi\/fi\/wp-json\/wp\/v2\/pages\/2303"}],"wp:attachment":[{"href":"https:\/\/hostingfinland.fi\/fi\/wp-json\/wp\/v2\/media?parent=2335"}],"curies":[{"name":"wp","href":"https:\/\/api.w.org\/{rel}","templated":true}]}}