{"id":2343,"date":"2025-11-07T15:14:33","date_gmt":"2025-11-07T13:14:33","guid":{"rendered":"https:\/\/hostingfinland.fi\/?page_id=2343"},"modified":"2026-03-10T09:23:40","modified_gmt":"2026-03-10T07:23:40","slug":"com","status":"publish","type":"page","link":"https:\/\/hostingfinland.fi\/fi\/verkkotunnus\/com\/","title":{"rendered":"COM-verkkotunnus"},"content":{"rendered":"\n<div class=\"gb-element-ac92a3d1\">\n<div class=\"gb-element-65894e89\">\n<div class=\"gb-element-53554ef9\">\n<div class=\"gb-element-5f1afb1d\">\n<h1 class=\"gb-text\"><strong>Rekister\u00f6i ja osta COM-verkkotunnus<\/strong><\/h1>\n\n\n\n<p class=\"gb-text gb-text-1acbf48f\">COM-verkkotunnus on verkkotunnus, joka p\u00e4\u00e4ttyy .com. Se on my\u00f6s maailman suosituin verkkotunnus, joka kattaa l\u00e4hes 50 % maailman verkkotunnuksista. Jos sinulla on kansainv\u00e4lisempi liiketoiminta, .com-verkkotunnus voi olla hyv\u00e4 vaihtoehto. COM-verkkotunnuksen voi rekister\u00f6id\u00e4 1\u201310 vuodeksi. COM-verkkotunnuksen rekister\u00f6innille ei ole rajoituksia. Sek\u00e4 yksityishenkil\u00f6t ett\u00e4 organisaatiot voivat rekister\u00f6id\u00e4 com-verkkotunnuksen.<\/p>\n<\/div>\n\n\n\n<div class=\"gb-element-27e0bca9\">\n<p class=\"gb-text-a74e12dd\"><span class=\"gb-shape\"><svg xmlns=\"http:\/\/www.w3.org\/2000\/svg\" xmlns:xlink=\"http:\/\/www.w3.org\/1999\/xlink\" xml:space=\"preserve\" id=\"katman_1\" x=\"0\" y=\"0\" viewBox=\"0 0 600 450\"><style>.st0{fill:#1463a6}.st1{fill:#83cff3}<\/style><g id=\"Layer_2\"><g id=\"art\"><path d=\"M239.6 239.5c-6.3 26.5-29.7 48.2-61.3 48.2-35.4 0-62.5-27.8-62.5-62.5 0-34.3 26.8-62.1 61.7-62.1 30.9 0 56 20.4 61.9 49H204c-3.7-8-10.7-16.4-25.3-16.4-7.6-.5-15.1 2.5-20.2 8.2-4.8 5.5-7.6 13-7.6 21.5 0 17 11.2 29.7 27.8 29.7 14.5 0 21.5-8.4 25.3-15.6zM246.6 225.2c0-28.4 20.4-61.9 62.9-61.9s62.9 33.5 62.9 62.1-20.4 62.1-62.9 62.1-62.9-33.5-62.9-62.1zm34.9.4c0 16.8 12.8 29.3 28 29.3s28-12.4 28-29.5-12.8-29.5-28-29.5-28 12.4-28 29.5zM381.7 167.1h32.6v12.4c1.8-3.2 4.2-6 7.1-8.2 5.2-4.2 13.4-8.2 25.6-8.2 8 0 18.1 2.1 26.7 11.2 2.8 2.9 5.1 6.1 6.9 9.7 2.3-3.7 5.2-7.1 8.4-10.1 7.1-6.4 16.5-10.8 28.7-10.8 8.2 0 21.3 1.9 30.7 11.8 10.9 11.6 12.6 19.4 12.6 45.2v63.8h-34.9v-62c0-4.8 0-11.1-2.3-16.4-2.1-5.5-6.5-9.5-15.6-9.5-9.7 0-14.5 4.4-16.8 9.7-2.5 5.3-2.5 11.2-2.5 14.5V284h-35v-63.6c0-3.2 0-9.3-2.1-14.5-2.3-5.5-6.5-9.9-15.4-9.9-9.9 0-14.7 4.6-17.3 10.3s-2.5 12-2.5 15.6V284h-35z\" class=\"st0\"><\/path><path d=\"M39.3 226.2c0 14.8 12 26.8 26.8 26.8s26.8-12 26.8-26.8-12-26.8-26.8-26.8-26.8 12-26.8 26.8\" class=\"st1\"><\/path><defs><path id=\"SVGID_1_\" d=\"M39.3 226.2c0 14.8 12 26.8 26.8 26.8s26.8-12 26.8-26.8-12-26.8-26.8-26.8-26.8 12-26.8 26.8\"><\/path><\/defs><clipPath id=\"SVGID_00000158750179569333914280000010326192757412425603_\"><use xlink:href=\"#SVGID_1_\" style=\"overflow:visible\"><\/use><\/clipPath><path d=\"M39.3 199.4h53.5v53.5H39.3z\" class=\"st1\" style=\"clip-path:url(#SVGID_00000158750179569333914280000010326192757412425603_)\"><\/path><\/g><\/g><\/svg><\/span><\/p>\n<\/div>\n<\/div>\n<\/div>\n<\/div>\n\n\n\n<div class=\"gb-element-c51be40f\" id=\"doman\">\n<div class=\"gb-element-2af536c9\">\n<h1 class=\"gb-text gb-text-4f4379af\"><strong>Rekister\u00f6i COM-verkkotunnus muutamassa minuutissa<\/strong><\/h1>\n\n\n\n<p class=\"gb-text gb-text-69c8ccee\">Verkkokaupastamme voit helposti tarkistaa, onko haluamasi verkkotunnus vapaa. Hinta n\u00e4kyy, kun verkkotunnuksen saatavuus on tarkistettu. Jos se on vapaa, voit rekister\u00f6id\u00e4 sen suoraan muutamassa minuutissa.<br><br>Jos sinulla on jo verkkotunnus, jonka haluat siirt\u00e4\u00e4 meille, toimi samalla tavalla: kirjoita verkkotunnus hakukentt\u00e4\u00e4n ja valitse sen siirto. Tarvitset siirtokoodin (jota kutsutaan my\u00f6s auth-koodiksi tai EPP-koodiksi), jotta siirto voidaan suorittaa. Kun on aika uusia domainnimi, saat muistutuksen s\u00e4hk\u00f6postitse. Huomaa, ett\u00e4 voidaksesi k\u00e4ytt\u00e4\u00e4 domainnime\u00e4si, sinun on ostettava my\u00f6s <a href=\"https:\/\/hostingfinland.fi\/fi\/webhotelli\/\" target=\"_blank\" rel=\"noopener\" title=\"Webhotelli\"><strong>webhotelli<\/strong><\/a>.<\/p>\n\n\n\n<div class=\"gb-element-d20a3816\">\n<a class=\"gb-text gb-text-e448dcf4 smooth-scroll\" href=\"https:\/\/my.hostingfinland.fi\/order\/config\/preconfig\/doman\" target=\"_blank\" rel=\"noopener\">Tarkista saatavuus<\/a>\n<\/div>\n<\/div>\n<\/div>\n\n\n\n<div class=\"gb-element-0ec0bbdf\">\n<div class=\"gb-element-3fd725df\">\n<h2 class=\"gb-text gb-text-5fcad46a\"><strong>Vinkkej\u00e4 verkkotunnuksen rekister\u00f6intiin<\/strong><\/h2>\n\n\n\n<div class=\"gb-element-31b7b1d5\">\n<div>\n<p class=\"gb-text-11056f34\"><span class=\"gb-shape\"><svg aria-hidden=\"true\" role=\"img\" height=\"1em\" width=\"1em\" viewBox=\"0 0 512 512\" xmlns=\"http:\/\/www.w3.org\/2000\/svg\"><path fill=\"currentColor\" d=\"M504 256c0 136.967-111.033 248-248 248S8 392.967 8 256 119.033 8 256 8s248 111.033 248 248zM227.314 387.314l184-184c6.248-6.248 6.248-16.379 0-22.627l-22.627-22.627c-6.248-6.249-16.379-6.249-22.628 0L216 308.118l-70.059-70.059c-6.248-6.248-16.379-6.248-22.628 0l-22.627 22.627c-6.248 6.248-6.248 16.379 0 22.627l104 104c6.249 6.249 16.379 6.249 22.628.001z\"><\/path><\/svg><\/span><span class=\"gb-text\"><strong>Valitse lyhyt nimi, joka on helppo muistaa:<\/strong><\/span><\/p>\n\n\n\n<p class=\"gb-text gb-text-f18dd183\">Lyhyemm\u00e4t verkkotunnukset ovat k\u00e4vij\u00f6iden helpompi kirjoittaa ja muistaa. V\u00e4lt\u00e4 tarpeettomia numeroita tai yhdysmerkkej\u00e4.<\/p>\n<\/div>\n\n\n\n<div>\n<p class=\"gb-text-90dcb070\"><span class=\"gb-shape\"><svg aria-hidden=\"true\" role=\"img\" height=\"1em\" width=\"1em\" viewBox=\"0 0 512 512\" xmlns=\"http:\/\/www.w3.org\/2000\/svg\"><path fill=\"currentColor\" d=\"M504 256c0 136.967-111.033 248-248 248S8 392.967 8 256 119.033 8 256 8s248 111.033 248 248zM227.314 387.314l184-184c6.248-6.248 6.248-16.379 0-22.627l-22.627-22.627c-6.248-6.249-16.379-6.249-22.628 0L216 308.118l-70.059-70.059c-6.248-6.248-16.379-6.248-22.628 0l-22.627 22.627c-6.248 6.248-6.248 16.379 0 22.627l104 104c6.249 6.249 16.379 6.249 22.628.001z\"><\/path><\/svg><\/span><span class=\"gb-text\"><strong>K\u00e4yt\u00e4 relevanttia ja selke\u00e4\u00e4 nime\u00e4:<\/strong><\/span><\/p>\n\n\n\n<p class=\"gb-text gb-text-f87416fd\">Nimen tulisi kuvastaa yrityst\u00e4si, br\u00e4ndi\u00e4si tai toimintaasi, jotta k\u00e4vij\u00e4t ymm\u00e4rt\u00e4v\u00e4t heti, mist\u00e4 sivulla on kyse.<\/p>\n<\/div>\n\n\n\n<div>\n<p class=\"gb-text-63e837b0\"><span class=\"gb-shape\"><svg aria-hidden=\"true\" role=\"img\" height=\"1em\" width=\"1em\" viewBox=\"0 0 512 512\" xmlns=\"http:\/\/www.w3.org\/2000\/svg\"><path fill=\"currentColor\" d=\"M504 256c0 136.967-111.033 248-248 248S8 392.967 8 256 119.033 8 256 8s248 111.033 248 248zM227.314 387.314l184-184c6.248-6.248 6.248-16.379 0-22.627l-22.627-22.627c-6.248-6.249-16.379-6.249-22.628 0L216 308.118l-70.059-70.059c-6.248-6.248-16.379-6.248-22.628 0l-22.627 22.627c-6.248 6.248-6.248 16.379 0 22.627l104 104c6.249 6.249 16.379 6.249 22.628.001z\"><\/path><\/svg><\/span><span class=\"gb-text\"><strong>Tarkista saatavuus sosiaalisessa mediassa:<\/strong><\/span><\/p>\n\n\n\n<p class=\"gb-text gb-text-e4532295\">Jos aiot k\u00e4ytt\u00e4\u00e4 sosiaalista mediaa markkinointiin, varmista, ett\u00e4 sama nimi on vapaana siell\u00e4, jotta profiilisi on yhdenmukainen.<\/p>\n<\/div>\n\n\n\n<div>\n<p class=\"gb-text-b621dfd1\"><span class=\"gb-shape\"><svg aria-hidden=\"true\" role=\"img\" height=\"1em\" width=\"1em\" viewBox=\"0 0 512 512\" xmlns=\"http:\/\/www.w3.org\/2000\/svg\"><path fill=\"currentColor\" d=\"M504 256c0 136.967-111.033 248-248 248S8 392.967 8 256 119.033 8 256 8s248 111.033 248 248zM227.314 387.314l184-184c6.248-6.248 6.248-16.379 0-22.627l-22.627-22.627c-6.248-6.249-16.379-6.249-22.628 0L216 308.118l-70.059-70.059c-6.248-6.248-16.379-6.248-22.628 0l-22.627 22.627c-6.248 6.248-6.248 16.379 0 22.627l104 104c6.249 6.249 16.379 6.249 22.628.001z\"><\/path><\/svg><\/span><span class=\"gb-text\"><strong>Valitse oikea verkkotunnus (.fi, .ax, .com, .eu jne.)<\/strong><\/span><\/p>\n\n\n\n<p class=\"gb-text gb-text-6c00448a\">Ajattele kohderyhm\u00e4\u00e4si. Esimerkiksi suomalaiset yritykset saattavat suosia .fi-p\u00e4\u00e4tett\u00e4, kun taas kansainv\u00e4liset sivustot k\u00e4ytt\u00e4v\u00e4t usein .com-p\u00e4\u00e4tett\u00e4.<\/p>\n<\/div>\n\n\n\n<div>\n<p class=\"gb-text-457db41c\"><span class=\"gb-shape\"><svg aria-hidden=\"true\" role=\"img\" height=\"1em\" width=\"1em\" viewBox=\"0 0 512 512\" xmlns=\"http:\/\/www.w3.org\/2000\/svg\"><path fill=\"currentColor\" d=\"M504 256c0 136.967-111.033 248-248 248S8 392.967 8 256 119.033 8 256 8s248 111.033 248 248zM227.314 387.314l184-184c6.248-6.248 6.248-16.379 0-22.627l-22.627-22.627c-6.248-6.249-16.379-6.249-22.628 0L216 308.118l-70.059-70.059c-6.248-6.248-16.379-6.248-22.628 0l-22.627 22.627c-6.248 6.248-6.248 16.379 0 22.627l104 104c6.249 6.249 16.379 6.249 22.628.001z\"><\/path><\/svg><\/span><span class=\"gb-text\"><strong>Suojaa br\u00e4ndi\u00e4si<\/strong><\/span><\/p>\n\n\n\n<p class=\"gb-text gb-text-b0bbeede\">Rekister\u00f6i useita muunnelmia ja yleisi\u00e4 kirjoitusvirheit\u00e4 domain-nimest\u00e4si, jotta kilpailijat tai huijarit eiv\u00e4t voi kaapata niit\u00e4.<\/p>\n<\/div>\n\n\n\n<div>\n<p class=\"gb-text-7bbca8d6\"><span class=\"gb-shape\"><svg aria-hidden=\"true\" role=\"img\" height=\"1em\" width=\"1em\" viewBox=\"0 0 512 512\" xmlns=\"http:\/\/www.w3.org\/2000\/svg\"><path fill=\"currentColor\" d=\"M504 256c0 136.967-111.033 248-248 248S8 392.967 8 256 119.033 8 256 8s248 111.033 248 248zM227.314 387.314l184-184c6.248-6.248 6.248-16.379 0-22.627l-22.627-22.627c-6.248-6.249-16.379-6.249-22.628 0L216 308.118l-70.059-70.059c-6.248-6.248-16.379-6.248-22.628 0l-22.627 22.627c-6.248 6.248-6.248 16.379 0 22.627l104 104c6.249 6.249 16.379 6.249 22.628.001z\"><\/path><\/svg><\/span><span class=\"gb-text\"><strong>Tarkista oikeinkirjoitus kahdesti<\/strong><\/span><\/p>\n\n\n\n<p class=\"gb-text gb-text-25f47f8a\">Varmista, ett\u00e4 olet kirjoittanut verkkotunnuksen oikein. Kun verkkotunnus on rekister\u00f6ity, sit\u00e4 ei voi peruuttaa.<\/p>\n<\/div>\n<\/div>\n<\/div>\n<\/div>\n\n\n\n<div class=\"gb-element-d5967276\">\n<div class=\"gb-element-d737c081\">\n<h3 class=\"gb-text gb-text-6e1fffc9\">Tarvitsetko apua sopivan COM-verkkotunnuksen l\u00f6yt\u00e4misess\u00e4? Ota meihin yhteytt\u00e4, autamme mielell\u00e4mme.<\/h3>\n\n\n\n<div class=\"gb-element-3132d391\">\n<a class=\"gb-text gb-text-643cc267\" href=\"https:\/\/hostingfinland.fi\/fi\/ota-yhteytta\/\">Ota yhteytt\u00e4<\/a>\n<\/div>\n<\/div>\n<\/div>\n","protected":false},"excerpt":{"rendered":"<p>Rekister\u00f6i ja osta COM-verkkotunnus COM-verkkotunnus on verkkotunnus, joka p\u00e4\u00e4ttyy .com. Se on my\u00f6s maailman suosituin verkkotunnus, joka kattaa l\u00e4hes 50 % maailman verkkotunnuksista. Jos sinulla on kansainv\u00e4lisempi liiketoiminta, .com-verkkotunnus voi olla hyv\u00e4 vaihtoehto. COM-verkkotunnuksen voi rekister\u00f6id\u00e4 1\u201310 vuodeksi. COM-verkkotunnuksen rekister\u00f6innille ei ole rajoituksia. Sek\u00e4 yksityishenkil\u00f6t ett\u00e4 organisaatiot voivat rekister\u00f6id\u00e4 com-verkkotunnuksen. Rekister\u00f6i COM-verkkotunnus muutamassa minuutissa Tarvitsetko &#8230; <a title=\"COM-verkkotunnus\" class=\"read-more\" href=\"https:\/\/hostingfinland.fi\/fi\/verkkotunnus\/com\/\" aria-label=\"Read more about COM-verkkotunnus\">Read more<\/a><\/p>\n","protected":false},"author":1,"featured_media":0,"parent":2303,"menu_order":0,"comment_status":"closed","ping_status":"closed","template":"","meta":{"slim_seo":{"title":"Rekister\u00f6i ja osta COM-verkkotunnus - Hosting Finland","description":"COM-verkkotunnus on verkkotunnus, joka p\u00e4\u00e4ttyy .com-p\u00e4\u00e4tteeseen. Se on my\u00f6s maailman suosituin verkkotunnus. COM-verkkotunnuksen voi rekister\u00f6id\u00e4 1\u201310 vuodeksi."},"footnotes":""},"class_list":["post-2343","page","type-page","status-publish"],"_links":{"self":[{"href":"https:\/\/hostingfinland.fi\/fi\/wp-json\/wp\/v2\/pages\/2343","targetHints":{"allow":["GET"]}}],"collection":[{"href":"https:\/\/hostingfinland.fi\/fi\/wp-json\/wp\/v2\/pages"}],"about":[{"href":"https:\/\/hostingfinland.fi\/fi\/wp-json\/wp\/v2\/types\/page"}],"author":[{"embeddable":true,"href":"https:\/\/hostingfinland.fi\/fi\/wp-json\/wp\/v2\/users\/1"}],"replies":[{"embeddable":true,"href":"https:\/\/hostingfinland.fi\/fi\/wp-json\/wp\/v2\/comments?post=2343"}],"version-history":[{"count":1,"href":"https:\/\/hostingfinland.fi\/fi\/wp-json\/wp\/v2\/pages\/2343\/revisions"}],"predecessor-version":[{"id":3379,"href":"https:\/\/hostingfinland.fi\/fi\/wp-json\/wp\/v2\/pages\/2343\/revisions\/3379"}],"up":[{"embeddable":true,"href":"https:\/\/hostingfinland.fi\/fi\/wp-json\/wp\/v2\/pages\/2303"}],"wp:attachment":[{"href":"https:\/\/hostingfinland.fi\/fi\/wp-json\/wp\/v2\/media?parent=2343"}],"curies":[{"name":"wp","href":"https:\/\/api.w.org\/{rel}","templated":true}]}}