{"id":2360,"date":"2025-11-07T15:18:43","date_gmt":"2025-11-07T13:18:43","guid":{"rendered":"https:\/\/hostingfinland.fi\/?page_id=2360"},"modified":"2026-03-10T09:28:23","modified_gmt":"2026-03-10T07:28:23","slug":"net","status":"publish","type":"page","link":"https:\/\/hostingfinland.fi\/fi\/verkkotunnus\/net\/","title":{"rendered":"NET-verkkotunnus"},"content":{"rendered":"\n<div class=\"gb-element-f6f6dc89\">\n<div class=\"gb-element-66705e5e\">\n<div class=\"gb-element-b5b4458d\">\n<div class=\"gb-element-5e617b49\">\n<h1 class=\"gb-text\"><strong>Rekister\u00f6i ja osta NET-verkkotunnus<\/strong><\/h1>\n\n\n\n<p class=\"gb-text gb-text-11b1903b\">NET-verkkotunnus on verkkotunnus, joka p\u00e4\u00e4ttyy .net. Se oli yksi ensimm\u00e4isist\u00e4 vuonna 1985 luoduista verkkotunnuksista yhdess\u00e4 .com- ja .org-verkkotunnusten kanssa. NET-verkkotunnus voi olla vaihtoehto, jos vastaava com- tai org-verkkotunnus on jo rekister\u00f6ity. NET-verkkotunnuksen voi rekister\u00f6id\u00e4 1\u201310 vuodeksi. NET-verkkotunnuksen rekister\u00f6innille ei ole rajoituksia. Sek\u00e4 yksityishenkil\u00f6t ett\u00e4 organisaatiot voivat rekister\u00f6id\u00e4 NET-verkkotunnuksen.<\/p>\n<\/div>\n\n\n\n<div class=\"gb-element-22d80355\">\n<p class=\"gb-text-6f21d39e\"><span class=\"gb-shape\"><svg xmlns=\"http:\/\/www.w3.org\/2000\/svg\" width=\"916.85\" height=\"368.273\" viewBox=\"0 0 183.37 73.655\"><path d=\"M24.42 61.124a12.21 12.21 0 1 1-12.21-12.22 12.21 12.21 0 0 1 12.21 12.22\" style=\"fill:#fdcc0f\"><\/path><g style=\"fill:#231f20\"><path d=\"M82.47 66.774c0 3.56-1.72 5.28-5.28 5.28h-7.8c-3.56 0-5.28-1.72-5.28-5.28v-31.67c0-4.24-1.49-7.11-6.42-7.11a20 20 0 0 0-10.21 3v35.8c0 3.56-1.72 5.28-5.28 5.28h-7.8c-3.56 0-5.28-1.72-5.28-5.28v-46.79c0-3.55 1.72-5.28 5.28-5.28h2.87c2.53 0 3.56 1.26 5.16 4.13a39.31 39.31 0 0 1 20-5.74c15.6 0 20.08 8.26 20.08 19.27zM134.33 49.454h-28.57c-.46 7.46 3.44 9.64 12.39 9.64a43.16 43.16 0 0 0 12.84-1.61c4.59-1 7.22 1.72 7.22 5.16v2.18c0 3.1-1.15 5-4.13 6.08a61.67 61.67 0 0 1-18.36 2.75c-18.93 0-28.11-9.64-28.11-30.29s9.06-30.29 26.85-30.29c22.14 0 25.58 14.91 25.13 31.09 0 3.44-1.72 5.28-5.28 5.28m-28.55-11.24h16.29c1-6.31-.34-11.36-7.34-11.36-6.19 0-8.95 4.13-8.95 11.36M150.73 7.684c0-3.33 1.37-4.59 5.51-5.74l6-1.61c4.75-1.25 6.85 1.16 6.85 4.67v9.64h9c3.56 0 5.28 1.72 5.28 5.28v4.71c0 3.56-1.72 5.28-5.28 5.28h-9v21.94c0 4.48 1.72 7 7.57 7h1.15a4.73 4.73 0 0 1 4.93 4.82v3.78a5.65 5.65 0 0 1-4.7 5.74 27.42 27.42 0 0 1-5.16.46c-16.29 0-22.14-6.77-22.14-20.31v-23.4h-4.47c-3.56 0-5.28-1.72-5.28-5.28v-2.66c0-3 1.26-4.47 4.59-5.39l5.16-1.38z\"><\/path><\/g><\/svg><\/span><\/p>\n<\/div>\n<\/div>\n<\/div>\n<\/div>\n\n\n\n<div class=\"gb-element-33d5ff0c\" id=\"doman\">\n<div class=\"gb-element-7071d872\">\n<h1 class=\"gb-text gb-text-f5fcaf2c\"><strong>Rekister\u00f6i NET-verkkotunnus muutamassa minuutissa<\/strong><\/h1>\n\n\n\n<p class=\"gb-text gb-text-69c8ccee\">Verkkokaupastamme voit helposti tarkistaa, onko haluamasi verkkotunnus vapaa. Hinta n\u00e4kyy, kun verkkotunnuksen saatavuus on tarkistettu. Jos se on vapaa, voit rekister\u00f6id\u00e4 sen suoraan muutamassa minuutissa.<br><br>Jos sinulla on jo verkkotunnus, jonka haluat siirt\u00e4\u00e4 meille, toimi samalla tavalla: kirjoita verkkotunnus hakukentt\u00e4\u00e4n ja valitse sen siirto. Tarvitset siirtokoodin (jota kutsutaan my\u00f6s auth-koodiksi tai EPP-koodiksi), jotta siirto voidaan suorittaa. Kun on aika uusia domainnimi, saat muistutuksen s\u00e4hk\u00f6postitse. Huomaa, ett\u00e4 voidaksesi k\u00e4ytt\u00e4\u00e4 domainnime\u00e4si, sinun on ostettava my\u00f6s <a href=\"https:\/\/hostingfinland.fi\/fi\/webhotelli\/\" target=\"_blank\" rel=\"noopener\" title=\"Webhotelli\"><strong>webhotelli<\/strong><\/a>.<\/p>\n\n\n\n<div class=\"gb-element-d20a3816\">\n<a class=\"gb-text gb-text-e448dcf4 smooth-scroll\" href=\"https:\/\/my.hostingfinland.fi\/order\/config\/preconfig\/doman\" target=\"_blank\" rel=\"noopener\">Tarkista saatavuus<\/a>\n<\/div>\n<\/div>\n<\/div>\n\n\n\n<div class=\"gb-element-0ec0bbdf\">\n<div class=\"gb-element-3fd725df\">\n<h2 class=\"gb-text gb-text-5fcad46a\"><strong>Vinkkej\u00e4 verkkotunnuksen rekister\u00f6intiin<\/strong><\/h2>\n\n\n\n<div class=\"gb-element-31b7b1d5\">\n<div>\n<p class=\"gb-text-11056f34\"><span class=\"gb-shape\"><svg aria-hidden=\"true\" role=\"img\" height=\"1em\" width=\"1em\" viewBox=\"0 0 512 512\" xmlns=\"http:\/\/www.w3.org\/2000\/svg\"><path fill=\"currentColor\" d=\"M504 256c0 136.967-111.033 248-248 248S8 392.967 8 256 119.033 8 256 8s248 111.033 248 248zM227.314 387.314l184-184c6.248-6.248 6.248-16.379 0-22.627l-22.627-22.627c-6.248-6.249-16.379-6.249-22.628 0L216 308.118l-70.059-70.059c-6.248-6.248-16.379-6.248-22.628 0l-22.627 22.627c-6.248 6.248-6.248 16.379 0 22.627l104 104c6.249 6.249 16.379 6.249 22.628.001z\"><\/path><\/svg><\/span><span class=\"gb-text\"><strong>Valitse lyhyt nimi, joka on helppo muistaa:<\/strong><\/span><\/p>\n\n\n\n<p class=\"gb-text gb-text-f18dd183\">Lyhyemm\u00e4t verkkotunnukset ovat k\u00e4vij\u00f6iden helpompi kirjoittaa ja muistaa. V\u00e4lt\u00e4 tarpeettomia numeroita tai yhdysmerkkej\u00e4.<\/p>\n<\/div>\n\n\n\n<div>\n<p class=\"gb-text-90dcb070\"><span class=\"gb-shape\"><svg aria-hidden=\"true\" role=\"img\" height=\"1em\" width=\"1em\" viewBox=\"0 0 512 512\" xmlns=\"http:\/\/www.w3.org\/2000\/svg\"><path fill=\"currentColor\" d=\"M504 256c0 136.967-111.033 248-248 248S8 392.967 8 256 119.033 8 256 8s248 111.033 248 248zM227.314 387.314l184-184c6.248-6.248 6.248-16.379 0-22.627l-22.627-22.627c-6.248-6.249-16.379-6.249-22.628 0L216 308.118l-70.059-70.059c-6.248-6.248-16.379-6.248-22.628 0l-22.627 22.627c-6.248 6.248-6.248 16.379 0 22.627l104 104c6.249 6.249 16.379 6.249 22.628.001z\"><\/path><\/svg><\/span><span class=\"gb-text\"><strong>K\u00e4yt\u00e4 relevanttia ja selke\u00e4\u00e4 nime\u00e4:<\/strong><\/span><\/p>\n\n\n\n<p class=\"gb-text gb-text-f87416fd\">Nimen tulisi kuvastaa yrityst\u00e4si, br\u00e4ndi\u00e4si tai toimintaasi, jotta k\u00e4vij\u00e4t ymm\u00e4rt\u00e4v\u00e4t heti, mist\u00e4 sivulla on kyse.<\/p>\n<\/div>\n\n\n\n<div>\n<p class=\"gb-text-63e837b0\"><span class=\"gb-shape\"><svg aria-hidden=\"true\" role=\"img\" height=\"1em\" width=\"1em\" viewBox=\"0 0 512 512\" xmlns=\"http:\/\/www.w3.org\/2000\/svg\"><path fill=\"currentColor\" d=\"M504 256c0 136.967-111.033 248-248 248S8 392.967 8 256 119.033 8 256 8s248 111.033 248 248zM227.314 387.314l184-184c6.248-6.248 6.248-16.379 0-22.627l-22.627-22.627c-6.248-6.249-16.379-6.249-22.628 0L216 308.118l-70.059-70.059c-6.248-6.248-16.379-6.248-22.628 0l-22.627 22.627c-6.248 6.248-6.248 16.379 0 22.627l104 104c6.249 6.249 16.379 6.249 22.628.001z\"><\/path><\/svg><\/span><span class=\"gb-text\"><strong>Tarkista saatavuus sosiaalisessa mediassa:<\/strong><\/span><\/p>\n\n\n\n<p class=\"gb-text gb-text-e4532295\">Jos aiot k\u00e4ytt\u00e4\u00e4 sosiaalista mediaa markkinointiin, varmista, ett\u00e4 sama nimi on vapaana siell\u00e4, jotta profiilisi on yhdenmukainen.<\/p>\n<\/div>\n\n\n\n<div>\n<p class=\"gb-text-b621dfd1\"><span class=\"gb-shape\"><svg aria-hidden=\"true\" role=\"img\" height=\"1em\" width=\"1em\" viewBox=\"0 0 512 512\" xmlns=\"http:\/\/www.w3.org\/2000\/svg\"><path fill=\"currentColor\" d=\"M504 256c0 136.967-111.033 248-248 248S8 392.967 8 256 119.033 8 256 8s248 111.033 248 248zM227.314 387.314l184-184c6.248-6.248 6.248-16.379 0-22.627l-22.627-22.627c-6.248-6.249-16.379-6.249-22.628 0L216 308.118l-70.059-70.059c-6.248-6.248-16.379-6.248-22.628 0l-22.627 22.627c-6.248 6.248-6.248 16.379 0 22.627l104 104c6.249 6.249 16.379 6.249 22.628.001z\"><\/path><\/svg><\/span><span class=\"gb-text\"><strong>Valitse oikea verkkotunnus (.fi, .ax, .com, .eu jne.)<\/strong><\/span><\/p>\n\n\n\n<p class=\"gb-text gb-text-6c00448a\">Ajattele kohderyhm\u00e4\u00e4si. Esimerkiksi suomalaiset yritykset saattavat suosia .fi-p\u00e4\u00e4tett\u00e4, kun taas kansainv\u00e4liset sivustot k\u00e4ytt\u00e4v\u00e4t usein .com-p\u00e4\u00e4tett\u00e4.<\/p>\n<\/div>\n\n\n\n<div>\n<p class=\"gb-text-457db41c\"><span class=\"gb-shape\"><svg aria-hidden=\"true\" role=\"img\" height=\"1em\" width=\"1em\" viewBox=\"0 0 512 512\" xmlns=\"http:\/\/www.w3.org\/2000\/svg\"><path fill=\"currentColor\" d=\"M504 256c0 136.967-111.033 248-248 248S8 392.967 8 256 119.033 8 256 8s248 111.033 248 248zM227.314 387.314l184-184c6.248-6.248 6.248-16.379 0-22.627l-22.627-22.627c-6.248-6.249-16.379-6.249-22.628 0L216 308.118l-70.059-70.059c-6.248-6.248-16.379-6.248-22.628 0l-22.627 22.627c-6.248 6.248-6.248 16.379 0 22.627l104 104c6.249 6.249 16.379 6.249 22.628.001z\"><\/path><\/svg><\/span><span class=\"gb-text\"><strong>Suojaa br\u00e4ndi\u00e4si<\/strong><\/span><\/p>\n\n\n\n<p class=\"gb-text gb-text-b0bbeede\">Rekister\u00f6i useita muunnelmia ja yleisi\u00e4 kirjoitusvirheit\u00e4 domain-nimest\u00e4si, jotta kilpailijat tai huijarit eiv\u00e4t voi kaapata niit\u00e4.<\/p>\n<\/div>\n\n\n\n<div>\n<p class=\"gb-text-7bbca8d6\"><span class=\"gb-shape\"><svg aria-hidden=\"true\" role=\"img\" height=\"1em\" width=\"1em\" viewBox=\"0 0 512 512\" xmlns=\"http:\/\/www.w3.org\/2000\/svg\"><path fill=\"currentColor\" d=\"M504 256c0 136.967-111.033 248-248 248S8 392.967 8 256 119.033 8 256 8s248 111.033 248 248zM227.314 387.314l184-184c6.248-6.248 6.248-16.379 0-22.627l-22.627-22.627c-6.248-6.249-16.379-6.249-22.628 0L216 308.118l-70.059-70.059c-6.248-6.248-16.379-6.248-22.628 0l-22.627 22.627c-6.248 6.248-6.248 16.379 0 22.627l104 104c6.249 6.249 16.379 6.249 22.628.001z\"><\/path><\/svg><\/span><span class=\"gb-text\"><strong>Tarkista oikeinkirjoitus kahdesti<\/strong><\/span><\/p>\n\n\n\n<p class=\"gb-text gb-text-25f47f8a\">Varmista, ett\u00e4 olet kirjoittanut verkkotunnuksen oikein. Kun verkkotunnus on rekister\u00f6ity, sit\u00e4 ei voi peruuttaa.<\/p>\n<\/div>\n<\/div>\n<\/div>\n<\/div>\n\n\n\n<div class=\"gb-element-5276af39\">\n<div class=\"gb-element-10831dce\">\n<h3 class=\"gb-text gb-text-47457b0b\">Tarvitsetko apua sopivan NET-verkkotunnuksen l\u00f6yt\u00e4misess\u00e4? Ota meihin yhteytt\u00e4, autamme mielell\u00e4mme.<\/h3>\n\n\n\n<div class=\"gb-element-3132d391\">\n<a class=\"gb-text gb-text-643cc267\" href=\"https:\/\/hostingfinland.fi\/fi\/ota-yhteytta\/\">Ota yhteytt\u00e4<\/a>\n<\/div>\n<\/div>\n<\/div>\n","protected":false},"excerpt":{"rendered":"<p>Rekister\u00f6i ja osta NET-verkkotunnus NET-verkkotunnus on verkkotunnus, joka p\u00e4\u00e4ttyy .net. Se oli yksi ensimm\u00e4isist\u00e4 vuonna 1985 luoduista verkkotunnuksista yhdess\u00e4 .com- ja .org-verkkotunnusten kanssa. NET-verkkotunnus voi olla vaihtoehto, jos vastaava com- tai org-verkkotunnus on jo rekister\u00f6ity. NET-verkkotunnuksen voi rekister\u00f6id\u00e4 1\u201310 vuodeksi. NET-verkkotunnuksen rekister\u00f6innille ei ole rajoituksia. Sek\u00e4 yksityishenkil\u00f6t ett\u00e4 organisaatiot voivat rekister\u00f6id\u00e4 NET-verkkotunnuksen. Rekister\u00f6i NET-verkkotunnus muutamassa &#8230; <a title=\"NET-verkkotunnus\" class=\"read-more\" href=\"https:\/\/hostingfinland.fi\/fi\/verkkotunnus\/net\/\" aria-label=\"Read more about NET-verkkotunnus\">Read more<\/a><\/p>\n","protected":false},"author":1,"featured_media":0,"parent":2303,"menu_order":0,"comment_status":"closed","ping_status":"closed","template":"","meta":{"slim_seo":{"title":"Rekister\u00f6i ja osta NET-verkkotunnus - Hosting Finland","description":"Rekister\u00f6i ja osta NET-verkkotunnus NET-verkkotunnus on verkkotunnus, joka p\u00e4\u00e4ttyy .net. Se oli yksi ensimm\u00e4isist\u00e4 vuonna 1985 luoduista verkkotunnuksista yhdes"},"footnotes":""},"class_list":["post-2360","page","type-page","status-publish"],"_links":{"self":[{"href":"https:\/\/hostingfinland.fi\/fi\/wp-json\/wp\/v2\/pages\/2360","targetHints":{"allow":["GET"]}}],"collection":[{"href":"https:\/\/hostingfinland.fi\/fi\/wp-json\/wp\/v2\/pages"}],"about":[{"href":"https:\/\/hostingfinland.fi\/fi\/wp-json\/wp\/v2\/types\/page"}],"author":[{"embeddable":true,"href":"https:\/\/hostingfinland.fi\/fi\/wp-json\/wp\/v2\/users\/1"}],"replies":[{"embeddable":true,"href":"https:\/\/hostingfinland.fi\/fi\/wp-json\/wp\/v2\/comments?post=2360"}],"version-history":[{"count":1,"href":"https:\/\/hostingfinland.fi\/fi\/wp-json\/wp\/v2\/pages\/2360\/revisions"}],"predecessor-version":[{"id":3393,"href":"https:\/\/hostingfinland.fi\/fi\/wp-json\/wp\/v2\/pages\/2360\/revisions\/3393"}],"up":[{"embeddable":true,"href":"https:\/\/hostingfinland.fi\/fi\/wp-json\/wp\/v2\/pages\/2303"}],"wp:attachment":[{"href":"https:\/\/hostingfinland.fi\/fi\/wp-json\/wp\/v2\/media?parent=2360"}],"curies":[{"name":"wp","href":"https:\/\/api.w.org\/{rel}","templated":true}]}}