{"id":2363,"date":"2025-11-28T13:36:08","date_gmt":"2025-11-28T11:36:08","guid":{"rendered":"https:\/\/hostingfinland.fi\/?page_id=2363"},"modified":"2026-03-10T09:29:31","modified_gmt":"2026-03-10T07:29:31","slug":"no","status":"publish","type":"page","link":"https:\/\/hostingfinland.fi\/fi\/verkkotunnus\/no\/","title":{"rendered":"NO-verkkotunnus"},"content":{"rendered":"\n<div class=\"gb-element-ac92a3d1\">\n<div class=\"gb-element-65894e89\">\n<div class=\"gb-element-53554ef9\">\n<div class=\"gb-element-5f1afb1d\">\n<h1 class=\"gb-text\"><strong>Rekister\u00f6i ja osta NO-verkkotunnus<\/strong><\/h1>\n\n\n\n<p class=\"gb-text gb-text-1acbf48f\">NO-verkkotunnus on verkkotunnus, joka p\u00e4\u00e4ttyy .no. Se on my\u00f6s Norjan virallinen yl\u00e4tason verkkotunnus. Jos toimit Norjassa, .no-verkkotunnus on luonnollinen valinta. NO-verkkotunnuksen voi rekister\u00f6id\u00e4 vuodeksi. <strong>Norjan ulkopuolella asuvat yksityishenkil\u00f6t ja organisaatiot eiv\u00e4t voi rekister\u00f6id\u00e4 NO-verkkotunnusta. Rekister\u00f6innin yhteydess\u00e4 saatetaan vaatia todistus kansalaisuudesta.<\/strong><\/p>\n<\/div>\n\n\n\n<div class=\"gb-element-27e0bca9\">\n<p class=\"gb-text-a74e12dd\"><span class=\"gb-shape\"><svg xmlns=\"http:\/\/www.w3.org\/2000\/svg\" width=\"800\" height=\"800\" aria-hidden=\"true\" class=\"iconify iconify--twemoji\" viewBox=\"0 0 36 36\"><path fill=\"#EF2B2D\" d=\"M10 5H4a4 4 0 0 0-4 4v6h10V5zm22 0H16v10h20V9a4 4 0 0 0-4-4zM10 31H4a4 4 0 0 1-4-4v-6h10v10zm22 0H16V21h20v6a4 4 0 0 1-4 4z\"><\/path><path fill=\"#002868\" d=\"M14.5 5h-2.944l-.025 11.5H0v3h11.525L11.5 31h3V19.5H36v-3H14.5z\"><\/path><path fill=\"#EEE\" d=\"M14.5 31H16V21h20v-1.5H14.5zM16 5h-1.5v11.5H36V15H16zm-4.5 0H10v10H0v1.5h11.5zM0 19.5V21h10v10h1.5V19.5z\"><\/path><\/svg><\/span><\/p>\n<\/div>\n<\/div>\n<\/div>\n<\/div>\n\n\n\n<div class=\"gb-element-c51be40f\" id=\"doman\">\n<div class=\"gb-element-2af536c9\">\n<h1 class=\"gb-text gb-text-4f4379af\"><strong>Rekister\u00f6i NO-verkkotunnus muutamassa minuutissa<\/strong><\/h1>\n\n\n\n<p class=\"gb-text gb-text-69c8ccee\">Verkkokaupastamme voit helposti tarkistaa, onko haluamasi verkkotunnus vapaa. Hinta n\u00e4kyy, kun verkkotunnuksen saatavuus on tarkistettu. Jos se on vapaa, voit rekister\u00f6id\u00e4 sen suoraan muutamassa minuutissa.<br><br>Jos sinulla on jo verkkotunnus, jonka haluat siirt\u00e4\u00e4 meille, toimi samalla tavalla: kirjoita verkkotunnus hakukentt\u00e4\u00e4n ja valitse sen siirto. Tarvitset siirtokoodin (jota kutsutaan my\u00f6s auth-koodiksi tai EPP-koodiksi), jotta siirto voidaan suorittaa. Kun on aika uusia domainnimi, saat muistutuksen s\u00e4hk\u00f6postitse. Huomaa, ett\u00e4 voidaksesi k\u00e4ytt\u00e4\u00e4 domainnime\u00e4si, sinun on ostettava my\u00f6s <a href=\"https:\/\/hostingfinland.fi\/fi\/webhotelli\/\" target=\"_blank\" rel=\"noopener\" title=\"Webhotelli\"><strong>webhotelli<\/strong><\/a>.<\/p>\n\n\n\n<div class=\"gb-element-d20a3816\">\n<a class=\"gb-text gb-text-e448dcf4 smooth-scroll\" href=\"https:\/\/my.hostingfinland.fi\/order\/config\/preconfig\/doman\" target=\"_blank\" rel=\"noopener\">Tarkista saatavuus<\/a>\n<\/div>\n<\/div>\n<\/div>\n\n\n\n<div class=\"gb-element-0ec0bbdf\">\n<div class=\"gb-element-3fd725df\">\n<h2 class=\"gb-text gb-text-5fcad46a\"><strong>Vinkkej\u00e4 verkkotunnuksen rekister\u00f6intiin<\/strong><\/h2>\n\n\n\n<div class=\"gb-element-31b7b1d5\">\n<div>\n<p class=\"gb-text-11056f34\"><span class=\"gb-shape\"><svg aria-hidden=\"true\" role=\"img\" height=\"1em\" width=\"1em\" viewBox=\"0 0 512 512\" xmlns=\"http:\/\/www.w3.org\/2000\/svg\"><path fill=\"currentColor\" d=\"M504 256c0 136.967-111.033 248-248 248S8 392.967 8 256 119.033 8 256 8s248 111.033 248 248zM227.314 387.314l184-184c6.248-6.248 6.248-16.379 0-22.627l-22.627-22.627c-6.248-6.249-16.379-6.249-22.628 0L216 308.118l-70.059-70.059c-6.248-6.248-16.379-6.248-22.628 0l-22.627 22.627c-6.248 6.248-6.248 16.379 0 22.627l104 104c6.249 6.249 16.379 6.249 22.628.001z\"><\/path><\/svg><\/span><span class=\"gb-text\"><strong>Valitse lyhyt nimi, joka on helppo muistaa:<\/strong><\/span><\/p>\n\n\n\n<p class=\"gb-text gb-text-f18dd183\">Lyhyemm\u00e4t verkkotunnukset ovat k\u00e4vij\u00f6iden helpompi kirjoittaa ja muistaa. V\u00e4lt\u00e4 tarpeettomia numeroita tai yhdysmerkkej\u00e4.<\/p>\n<\/div>\n\n\n\n<div>\n<p class=\"gb-text-90dcb070\"><span class=\"gb-shape\"><svg aria-hidden=\"true\" role=\"img\" height=\"1em\" width=\"1em\" viewBox=\"0 0 512 512\" xmlns=\"http:\/\/www.w3.org\/2000\/svg\"><path fill=\"currentColor\" d=\"M504 256c0 136.967-111.033 248-248 248S8 392.967 8 256 119.033 8 256 8s248 111.033 248 248zM227.314 387.314l184-184c6.248-6.248 6.248-16.379 0-22.627l-22.627-22.627c-6.248-6.249-16.379-6.249-22.628 0L216 308.118l-70.059-70.059c-6.248-6.248-16.379-6.248-22.628 0l-22.627 22.627c-6.248 6.248-6.248 16.379 0 22.627l104 104c6.249 6.249 16.379 6.249 22.628.001z\"><\/path><\/svg><\/span><span class=\"gb-text\"><strong>K\u00e4yt\u00e4 relevanttia ja selke\u00e4\u00e4 nime\u00e4:<\/strong><\/span><\/p>\n\n\n\n<p class=\"gb-text gb-text-f87416fd\">Nimen tulisi kuvastaa yrityst\u00e4si, br\u00e4ndi\u00e4si tai toimintaasi, jotta k\u00e4vij\u00e4t ymm\u00e4rt\u00e4v\u00e4t heti, mist\u00e4 sivulla on kyse.<\/p>\n<\/div>\n\n\n\n<div>\n<p class=\"gb-text-63e837b0\"><span class=\"gb-shape\"><svg aria-hidden=\"true\" role=\"img\" height=\"1em\" width=\"1em\" viewBox=\"0 0 512 512\" xmlns=\"http:\/\/www.w3.org\/2000\/svg\"><path fill=\"currentColor\" d=\"M504 256c0 136.967-111.033 248-248 248S8 392.967 8 256 119.033 8 256 8s248 111.033 248 248zM227.314 387.314l184-184c6.248-6.248 6.248-16.379 0-22.627l-22.627-22.627c-6.248-6.249-16.379-6.249-22.628 0L216 308.118l-70.059-70.059c-6.248-6.248-16.379-6.248-22.628 0l-22.627 22.627c-6.248 6.248-6.248 16.379 0 22.627l104 104c6.249 6.249 16.379 6.249 22.628.001z\"><\/path><\/svg><\/span><span class=\"gb-text\"><strong>Tarkista saatavuus sosiaalisessa mediassa:<\/strong><\/span><\/p>\n\n\n\n<p class=\"gb-text gb-text-e4532295\">Jos aiot k\u00e4ytt\u00e4\u00e4 sosiaalista mediaa markkinointiin, varmista, ett\u00e4 sama nimi on vapaana siell\u00e4, jotta profiilisi on yhdenmukainen.<\/p>\n<\/div>\n\n\n\n<div>\n<p class=\"gb-text-b621dfd1\"><span class=\"gb-shape\"><svg aria-hidden=\"true\" role=\"img\" height=\"1em\" width=\"1em\" viewBox=\"0 0 512 512\" xmlns=\"http:\/\/www.w3.org\/2000\/svg\"><path fill=\"currentColor\" d=\"M504 256c0 136.967-111.033 248-248 248S8 392.967 8 256 119.033 8 256 8s248 111.033 248 248zM227.314 387.314l184-184c6.248-6.248 6.248-16.379 0-22.627l-22.627-22.627c-6.248-6.249-16.379-6.249-22.628 0L216 308.118l-70.059-70.059c-6.248-6.248-16.379-6.248-22.628 0l-22.627 22.627c-6.248 6.248-6.248 16.379 0 22.627l104 104c6.249 6.249 16.379 6.249 22.628.001z\"><\/path><\/svg><\/span><span class=\"gb-text\"><strong>Valitse oikea verkkotunnus (.fi, .ax, .com, .eu jne.)<\/strong><\/span><\/p>\n\n\n\n<p class=\"gb-text gb-text-6c00448a\">Ajattele kohderyhm\u00e4\u00e4si. Esimerkiksi suomalaiset yritykset saattavat suosia .fi-p\u00e4\u00e4tett\u00e4, kun taas kansainv\u00e4liset sivustot k\u00e4ytt\u00e4v\u00e4t usein .com-p\u00e4\u00e4tett\u00e4.<\/p>\n<\/div>\n\n\n\n<div>\n<p class=\"gb-text-457db41c\"><span class=\"gb-shape\"><svg aria-hidden=\"true\" role=\"img\" height=\"1em\" width=\"1em\" viewBox=\"0 0 512 512\" xmlns=\"http:\/\/www.w3.org\/2000\/svg\"><path fill=\"currentColor\" d=\"M504 256c0 136.967-111.033 248-248 248S8 392.967 8 256 119.033 8 256 8s248 111.033 248 248zM227.314 387.314l184-184c6.248-6.248 6.248-16.379 0-22.627l-22.627-22.627c-6.248-6.249-16.379-6.249-22.628 0L216 308.118l-70.059-70.059c-6.248-6.248-16.379-6.248-22.628 0l-22.627 22.627c-6.248 6.248-6.248 16.379 0 22.627l104 104c6.249 6.249 16.379 6.249 22.628.001z\"><\/path><\/svg><\/span><span class=\"gb-text\"><strong>Suojaa br\u00e4ndi\u00e4si<\/strong><\/span><\/p>\n\n\n\n<p class=\"gb-text gb-text-b0bbeede\">Rekister\u00f6i useita muunnelmia ja yleisi\u00e4 kirjoitusvirheit\u00e4 domain-nimest\u00e4si, jotta kilpailijat tai huijarit eiv\u00e4t voi kaapata niit\u00e4.<\/p>\n<\/div>\n\n\n\n<div>\n<p class=\"gb-text-7bbca8d6\"><span class=\"gb-shape\"><svg aria-hidden=\"true\" role=\"img\" height=\"1em\" width=\"1em\" viewBox=\"0 0 512 512\" xmlns=\"http:\/\/www.w3.org\/2000\/svg\"><path fill=\"currentColor\" d=\"M504 256c0 136.967-111.033 248-248 248S8 392.967 8 256 119.033 8 256 8s248 111.033 248 248zM227.314 387.314l184-184c6.248-6.248 6.248-16.379 0-22.627l-22.627-22.627c-6.248-6.249-16.379-6.249-22.628 0L216 308.118l-70.059-70.059c-6.248-6.248-16.379-6.248-22.628 0l-22.627 22.627c-6.248 6.248-6.248 16.379 0 22.627l104 104c6.249 6.249 16.379 6.249 22.628.001z\"><\/path><\/svg><\/span><span class=\"gb-text\"><strong>Tarkista oikeinkirjoitus kahdesti<\/strong><\/span><\/p>\n\n\n\n<p class=\"gb-text gb-text-25f47f8a\">Varmista, ett\u00e4 olet kirjoittanut verkkotunnuksen oikein. Kun verkkotunnus on rekister\u00f6ity, sit\u00e4 ei voi peruuttaa.<\/p>\n<\/div>\n<\/div>\n<\/div>\n<\/div>\n\n\n\n<div class=\"gb-element-d5967276\">\n<div class=\"gb-element-d737c081\">\n<h3 class=\"gb-text gb-text-6e1fffc9\">Tarvitsetko apua sopivan NO-verkkotunnuksen l\u00f6yt\u00e4misess\u00e4? Ota meihin yhteytt\u00e4, autamme mielell\u00e4mme.<\/h3>\n\n\n\n<div class=\"gb-element-3132d391\">\n<a class=\"gb-text gb-text-643cc267\" href=\"https:\/\/hostingfinland.fi\/fi\/ota-yhteytta\/\">Ota yhteytt\u00e4<\/a>\n<\/div>\n<\/div>\n<\/div>\n","protected":false},"excerpt":{"rendered":"<p>Rekister\u00f6i ja osta NO-verkkotunnus NO-verkkotunnus on verkkotunnus, joka p\u00e4\u00e4ttyy .no. Se on my\u00f6s Norjan virallinen yl\u00e4tason verkkotunnus. Jos toimit Norjassa, .no-verkkotunnus on luonnollinen valinta. NO-verkkotunnuksen voi rekister\u00f6id\u00e4 vuodeksi. Norjan ulkopuolella asuvat yksityishenkil\u00f6t ja organisaatiot eiv\u00e4t voi rekister\u00f6id\u00e4 NO-verkkotunnusta. Rekister\u00f6innin yhteydess\u00e4 saatetaan vaatia todistus kansalaisuudesta. Rekister\u00f6i NO-verkkotunnus muutamassa minuutissa Tarvitsetko apua sopivan NO-verkkotunnuksen l\u00f6yt\u00e4misess\u00e4? Ota meihin &#8230; <a title=\"NO-verkkotunnus\" class=\"read-more\" href=\"https:\/\/hostingfinland.fi\/fi\/verkkotunnus\/no\/\" aria-label=\"Read more about NO-verkkotunnus\">Read more<\/a><\/p>\n","protected":false},"author":1,"featured_media":0,"parent":2303,"menu_order":0,"comment_status":"closed","ping_status":"closed","template":"","meta":{"slim_seo":{"title":"Rekister\u00f6i ja osta NO-verkkotunnus - Hosting Finland","description":"Rekister\u00f6i ja osta NO-verkkotunnus NO-verkkotunnus on verkkotunnus, joka p\u00e4\u00e4ttyy .no. Se on my\u00f6s Norjan virallinen yl\u00e4tason verkkotunnus. Jos toimit Norjassa, ."},"footnotes":""},"class_list":["post-2363","page","type-page","status-publish"],"_links":{"self":[{"href":"https:\/\/hostingfinland.fi\/fi\/wp-json\/wp\/v2\/pages\/2363","targetHints":{"allow":["GET"]}}],"collection":[{"href":"https:\/\/hostingfinland.fi\/fi\/wp-json\/wp\/v2\/pages"}],"about":[{"href":"https:\/\/hostingfinland.fi\/fi\/wp-json\/wp\/v2\/types\/page"}],"author":[{"embeddable":true,"href":"https:\/\/hostingfinland.fi\/fi\/wp-json\/wp\/v2\/users\/1"}],"replies":[{"embeddable":true,"href":"https:\/\/hostingfinland.fi\/fi\/wp-json\/wp\/v2\/comments?post=2363"}],"version-history":[{"count":1,"href":"https:\/\/hostingfinland.fi\/fi\/wp-json\/wp\/v2\/pages\/2363\/revisions"}],"predecessor-version":[{"id":3650,"href":"https:\/\/hostingfinland.fi\/fi\/wp-json\/wp\/v2\/pages\/2363\/revisions\/3650"}],"up":[{"embeddable":true,"href":"https:\/\/hostingfinland.fi\/fi\/wp-json\/wp\/v2\/pages\/2303"}],"wp:attachment":[{"href":"https:\/\/hostingfinland.fi\/fi\/wp-json\/wp\/v2\/media?parent=2363"}],"curies":[{"name":"wp","href":"https:\/\/api.w.org\/{rel}","templated":true}]}}