{"id":2367,"date":"2025-11-07T15:20:49","date_gmt":"2025-11-07T13:20:49","guid":{"rendered":"https:\/\/hostingfinland.fi\/?page_id=2367"},"modified":"2026-03-10T09:31:28","modified_gmt":"2026-03-10T07:31:28","slug":"org","status":"publish","type":"page","link":"https:\/\/hostingfinland.fi\/fi\/verkkotunnus\/org\/","title":{"rendered":"ORG-verkkotunnus"},"content":{"rendered":"\n<div class=\"gb-element-ac92a3d1\">\n<div class=\"gb-element-65894e89\">\n<div class=\"gb-element-53554ef9\">\n<div class=\"gb-element-5f1afb1d\">\n<h1 class=\"gb-text\"><strong>Rekister\u00f6i ja osta ORG-verkkotunnus<\/strong><\/h1>\n\n\n\n<p class=\"gb-text gb-text-1acbf48f\">ORG-verkkotunnus on verkkotunnus, joka p\u00e4\u00e4ttyy .org. Verkkotunnus .org luotiin alun perin voittoa tavoittelemattomille organisaatioille, mutta my\u00f6hemmin sen k\u00e4ytt\u00f6 laajennettiin koskemaan kaikenlaisia organisaatioita. NET-verkkotunnus voi olla vaihtoehto, jos vastaava com- tai net-verkkotunnus on jo rekister\u00f6ity. ORG-verkkotunnuksen voi rekister\u00f6id\u00e4 1\u201310 vuodeksi. ORG-verkkotunnuksen rekister\u00f6imiseen ei ole rajoituksia. Sek\u00e4 yksityishenkil\u00f6t ett\u00e4 organisaatiot voivat rekister\u00f6id\u00e4 ORG-verkkotunnuksen.<\/p>\n<\/div>\n\n\n\n<div class=\"gb-element-27e0bca9\">\n<p class=\"gb-text-a74e12dd\"><span class=\"gb-shape\"><svg xmlns=\"http:\/\/www.w3.org\/2000\/svg\" xml:space=\"preserve\" id=\"svg30\" x=\"0\" y=\"0\" viewBox=\"0 0 425.4 299.8\"><style>.st0{fill:#f58420}.st1{fill:#163b4f}<\/style><g id=\"_Group_\"><path id=\"path8\" d=\"M60.1 153.3c0 2.3.6 4.6 1.7 6.7l-10.4-10.4c-6.6-6.6-6.6-17.3 0-23.9l10.4-10.4c-1.1 2-1.7 4.3-1.7 6.7z\" class=\"st0\"><\/path><path id=\"path10\" d=\"M112.3 109.4c-2.1-1.1-4.4-1.7-6.7-1.7H74.2c-2.3 0-4.6.6-6.7 1.7L78 99c6.6-6.6 17.3-6.6 23.9 0z\" class=\"st0\"><\/path><path id=\"path12\" d=\"M128.5 149.5 118 160c1.1-2.1 1.7-4.4 1.7-6.7v-31.4c0-2.3-.6-4.6-1.7-6.7l10.5 10.5c6.6 6.5 6.6 17.2 0 23.8\" class=\"st0\"><\/path><path id=\"path14\" d=\"m112.3 165.7-10.4 10.4c-6.6 6.6-17.3 6.6-23.9 0l-10.4-10.4c2.1 1.1 4.4 1.7 6.7 1.7h31.4c2.3 0 4.6-.6 6.6-1.7\" class=\"st0\"><\/path><\/g><g id=\"_Group_2\"><path id=\"rect17\" d=\"m67 130.5 15.8-15.8c3.9-3.9 10.3-3.9 14.2 0l15.8 15.8c3.9 3.9 3.9 10.3 0 14.2L97 160.5c-3.9 3.9-10.3 3.9-14.2 0L67 144.7c-3.9-4-3.9-10.3 0-14.2\" class=\"st0\"><\/path><\/g><path id=\"path20\" d=\"M379 166.7v-.5zm-24.1 0v-.5z\" class=\"st1\"><\/path><path id=\"path22\" d=\"M354.9 94.9v9.5c-6.4-6.1-14.8-9.5-23.6-9.5-20.1 0-36.3 17.8-36.3 39.7s16.2 39.7 36.3 39.7c8.8 0 17.2-3.4 23.6-9.5v1.9c.1 13.8-7.9 19.4-26.8 19.1-11.2-1.8-14.6-4.1-22-7.9l-9.7 17.5c16 10.3 34.7 13.4 56.5 7.9 16.6-5.4 25.6-17.3 26.1-36.7V94.9zm-17.3 59.4c-10 0-18.2-8.9-18.2-19.9s8.1-19.9 18.2-19.9c8.1 0 15 5.9 17.3 14 1.1 3.9 1.1 8 0 11.9-2.3 8.1-9.2 13.9-17.3 13.9\" class=\"st1\"><\/path><path id=\"path24\" d=\"M235.4 138c0 23.9-19.4 43.3-43.3 43.3s-43.3-19.4-43.3-43.3c0-24.4 19.4-44.1 43.3-44.1s43.3 19.7 43.3 44.1m-43.6-23.2c-9.6 0-17.3 10.2-17.3 22.7s7.8 22.7 17.3 22.7 17.3-10.2 17.3-22.7-7.7-22.7-17.3-22.7\" class=\"st1\"><\/path><path id=\"path26\" d=\"m293.4 96.2-4 24.2c-1.8-.8-3.5-1.5-9.3-1-8.7 1.7-12.8 7.6-14.1 15.9v43.1h-24v-82h24.1v8.4c5.7-8.1 14.6-11.7 27.3-8.6\" class=\"st1\"><\/path><\/svg><\/span><\/p>\n<\/div>\n<\/div>\n<\/div>\n<\/div>\n\n\n\n<div class=\"gb-element-c51be40f\" id=\"doman\">\n<div class=\"gb-element-2af536c9\">\n<h1 class=\"gb-text gb-text-4f4379af\"><strong>Rekister\u00f6i ORG-verkkotunnus muutamassa minuutissa<\/strong><\/h1>\n\n\n\n<p class=\"gb-text gb-text-69c8ccee\">Verkkokaupastamme voit helposti tarkistaa, onko haluamasi verkkotunnus vapaa. Hinta n\u00e4kyy, kun verkkotunnuksen saatavuus on tarkistettu. Jos se on vapaa, voit rekister\u00f6id\u00e4 sen suoraan muutamassa minuutissa.<br><br>Jos sinulla on jo verkkotunnus, jonka haluat siirt\u00e4\u00e4 meille, toimi samalla tavalla: kirjoita verkkotunnus hakukentt\u00e4\u00e4n ja valitse sen siirto. Tarvitset siirtokoodin (jota kutsutaan my\u00f6s auth-koodiksi tai EPP-koodiksi), jotta siirto voidaan suorittaa. Kun on aika uusia domainnimi, saat muistutuksen s\u00e4hk\u00f6postitse. Huomaa, ett\u00e4 voidaksesi k\u00e4ytt\u00e4\u00e4 domainnime\u00e4si, sinun on ostettava my\u00f6s <a href=\"https:\/\/hostingfinland.fi\/fi\/webhotelli\/\" target=\"_blank\" rel=\"noopener\" title=\"Webhotelli\"><strong>webhotelli<\/strong><\/a>.<\/p>\n\n\n\n<div class=\"gb-element-d20a3816\">\n<a class=\"gb-text gb-text-e448dcf4 smooth-scroll\" href=\"https:\/\/my.hostingfinland.fi\/order\/config\/preconfig\/doman\" target=\"_blank\" rel=\"noopener\">Tarkista saatavuus<\/a>\n<\/div>\n<\/div>\n<\/div>\n\n\n\n<div class=\"gb-element-0ec0bbdf\">\n<div class=\"gb-element-3fd725df\">\n<h2 class=\"gb-text gb-text-5fcad46a\"><strong>Vinkkej\u00e4 verkkotunnuksen rekister\u00f6intiin<\/strong><\/h2>\n\n\n\n<div class=\"gb-element-31b7b1d5\">\n<div>\n<p class=\"gb-text-11056f34\"><span class=\"gb-shape\"><svg aria-hidden=\"true\" role=\"img\" height=\"1em\" width=\"1em\" viewBox=\"0 0 512 512\" xmlns=\"http:\/\/www.w3.org\/2000\/svg\"><path fill=\"currentColor\" d=\"M504 256c0 136.967-111.033 248-248 248S8 392.967 8 256 119.033 8 256 8s248 111.033 248 248zM227.314 387.314l184-184c6.248-6.248 6.248-16.379 0-22.627l-22.627-22.627c-6.248-6.249-16.379-6.249-22.628 0L216 308.118l-70.059-70.059c-6.248-6.248-16.379-6.248-22.628 0l-22.627 22.627c-6.248 6.248-6.248 16.379 0 22.627l104 104c6.249 6.249 16.379 6.249 22.628.001z\"><\/path><\/svg><\/span><span class=\"gb-text\"><strong>Valitse lyhyt nimi, joka on helppo muistaa:<\/strong><\/span><\/p>\n\n\n\n<p class=\"gb-text gb-text-f18dd183\">Lyhyemm\u00e4t verkkotunnukset ovat k\u00e4vij\u00f6iden helpompi kirjoittaa ja muistaa. V\u00e4lt\u00e4 tarpeettomia numeroita tai yhdysmerkkej\u00e4.<\/p>\n<\/div>\n\n\n\n<div>\n<p class=\"gb-text-90dcb070\"><span class=\"gb-shape\"><svg aria-hidden=\"true\" role=\"img\" height=\"1em\" width=\"1em\" viewBox=\"0 0 512 512\" xmlns=\"http:\/\/www.w3.org\/2000\/svg\"><path fill=\"currentColor\" d=\"M504 256c0 136.967-111.033 248-248 248S8 392.967 8 256 119.033 8 256 8s248 111.033 248 248zM227.314 387.314l184-184c6.248-6.248 6.248-16.379 0-22.627l-22.627-22.627c-6.248-6.249-16.379-6.249-22.628 0L216 308.118l-70.059-70.059c-6.248-6.248-16.379-6.248-22.628 0l-22.627 22.627c-6.248 6.248-6.248 16.379 0 22.627l104 104c6.249 6.249 16.379 6.249 22.628.001z\"><\/path><\/svg><\/span><span class=\"gb-text\"><strong>K\u00e4yt\u00e4 relevanttia ja selke\u00e4\u00e4 nime\u00e4:<\/strong><\/span><\/p>\n\n\n\n<p class=\"gb-text gb-text-f87416fd\">Nimen tulisi kuvastaa yrityst\u00e4si, br\u00e4ndi\u00e4si tai toimintaasi, jotta k\u00e4vij\u00e4t ymm\u00e4rt\u00e4v\u00e4t heti, mist\u00e4 sivulla on kyse.<\/p>\n<\/div>\n\n\n\n<div>\n<p class=\"gb-text-63e837b0\"><span class=\"gb-shape\"><svg aria-hidden=\"true\" role=\"img\" height=\"1em\" width=\"1em\" viewBox=\"0 0 512 512\" xmlns=\"http:\/\/www.w3.org\/2000\/svg\"><path fill=\"currentColor\" d=\"M504 256c0 136.967-111.033 248-248 248S8 392.967 8 256 119.033 8 256 8s248 111.033 248 248zM227.314 387.314l184-184c6.248-6.248 6.248-16.379 0-22.627l-22.627-22.627c-6.248-6.249-16.379-6.249-22.628 0L216 308.118l-70.059-70.059c-6.248-6.248-16.379-6.248-22.628 0l-22.627 22.627c-6.248 6.248-6.248 16.379 0 22.627l104 104c6.249 6.249 16.379 6.249 22.628.001z\"><\/path><\/svg><\/span><span class=\"gb-text\"><strong>Tarkista saatavuus sosiaalisessa mediassa:<\/strong><\/span><\/p>\n\n\n\n<p class=\"gb-text gb-text-e4532295\">Jos aiot k\u00e4ytt\u00e4\u00e4 sosiaalista mediaa markkinointiin, varmista, ett\u00e4 sama nimi on vapaana siell\u00e4, jotta profiilisi on yhdenmukainen.<\/p>\n<\/div>\n\n\n\n<div>\n<p class=\"gb-text-b621dfd1\"><span class=\"gb-shape\"><svg aria-hidden=\"true\" role=\"img\" height=\"1em\" width=\"1em\" viewBox=\"0 0 512 512\" xmlns=\"http:\/\/www.w3.org\/2000\/svg\"><path fill=\"currentColor\" d=\"M504 256c0 136.967-111.033 248-248 248S8 392.967 8 256 119.033 8 256 8s248 111.033 248 248zM227.314 387.314l184-184c6.248-6.248 6.248-16.379 0-22.627l-22.627-22.627c-6.248-6.249-16.379-6.249-22.628 0L216 308.118l-70.059-70.059c-6.248-6.248-16.379-6.248-22.628 0l-22.627 22.627c-6.248 6.248-6.248 16.379 0 22.627l104 104c6.249 6.249 16.379 6.249 22.628.001z\"><\/path><\/svg><\/span><span class=\"gb-text\"><strong>Valitse oikea verkkotunnus (.fi, .ax, .com, .eu jne.)<\/strong><\/span><\/p>\n\n\n\n<p class=\"gb-text gb-text-6c00448a\">Ajattele kohderyhm\u00e4\u00e4si. Esimerkiksi suomalaiset yritykset saattavat suosia .fi-p\u00e4\u00e4tett\u00e4, kun taas kansainv\u00e4liset sivustot k\u00e4ytt\u00e4v\u00e4t usein .com-p\u00e4\u00e4tett\u00e4.<\/p>\n<\/div>\n\n\n\n<div>\n<p class=\"gb-text-457db41c\"><span class=\"gb-shape\"><svg aria-hidden=\"true\" role=\"img\" height=\"1em\" width=\"1em\" viewBox=\"0 0 512 512\" xmlns=\"http:\/\/www.w3.org\/2000\/svg\"><path fill=\"currentColor\" d=\"M504 256c0 136.967-111.033 248-248 248S8 392.967 8 256 119.033 8 256 8s248 111.033 248 248zM227.314 387.314l184-184c6.248-6.248 6.248-16.379 0-22.627l-22.627-22.627c-6.248-6.249-16.379-6.249-22.628 0L216 308.118l-70.059-70.059c-6.248-6.248-16.379-6.248-22.628 0l-22.627 22.627c-6.248 6.248-6.248 16.379 0 22.627l104 104c6.249 6.249 16.379 6.249 22.628.001z\"><\/path><\/svg><\/span><span class=\"gb-text\"><strong>Suojaa br\u00e4ndi\u00e4si<\/strong><\/span><\/p>\n\n\n\n<p class=\"gb-text gb-text-b0bbeede\">Rekister\u00f6i useita muunnelmia ja yleisi\u00e4 kirjoitusvirheit\u00e4 domain-nimest\u00e4si, jotta kilpailijat tai huijarit eiv\u00e4t voi kaapata niit\u00e4.<\/p>\n<\/div>\n\n\n\n<div>\n<p class=\"gb-text-7bbca8d6\"><span class=\"gb-shape\"><svg aria-hidden=\"true\" role=\"img\" height=\"1em\" width=\"1em\" viewBox=\"0 0 512 512\" xmlns=\"http:\/\/www.w3.org\/2000\/svg\"><path fill=\"currentColor\" d=\"M504 256c0 136.967-111.033 248-248 248S8 392.967 8 256 119.033 8 256 8s248 111.033 248 248zM227.314 387.314l184-184c6.248-6.248 6.248-16.379 0-22.627l-22.627-22.627c-6.248-6.249-16.379-6.249-22.628 0L216 308.118l-70.059-70.059c-6.248-6.248-16.379-6.248-22.628 0l-22.627 22.627c-6.248 6.248-6.248 16.379 0 22.627l104 104c6.249 6.249 16.379 6.249 22.628.001z\"><\/path><\/svg><\/span><span class=\"gb-text\"><strong>Tarkista oikeinkirjoitus kahdesti<\/strong><\/span><\/p>\n\n\n\n<p class=\"gb-text gb-text-25f47f8a\">Varmista, ett\u00e4 olet kirjoittanut verkkotunnuksen oikein. Kun verkkotunnus on rekister\u00f6ity, sit\u00e4 ei voi peruuttaa.<\/p>\n<\/div>\n<\/div>\n<\/div>\n<\/div>\n\n\n\n<div class=\"gb-element-d5967276\">\n<div class=\"gb-element-d737c081\">\n<h3 class=\"gb-text gb-text-6e1fffc9\">Tarvitsetko apua sopivan ORG-verkkotunnuksen l\u00f6yt\u00e4misess\u00e4? Ota meihin yhteytt\u00e4, autamme mielell\u00e4mme.<\/h3>\n\n\n\n<div class=\"gb-element-3132d391\">\n<a class=\"gb-text gb-text-643cc267\" href=\"https:\/\/hostingfinland.fi\/fi\/ota-yhteytta\/\">Ota yhteytt\u00e4<\/a>\n<\/div>\n<\/div>\n<\/div>\n","protected":false},"excerpt":{"rendered":"<p>Rekister\u00f6i ja osta ORG-verkkotunnus ORG-verkkotunnus on verkkotunnus, joka p\u00e4\u00e4ttyy .org. Verkkotunnus .org luotiin alun perin voittoa tavoittelemattomille organisaatioille, mutta my\u00f6hemmin sen k\u00e4ytt\u00f6 laajennettiin koskemaan kaikenlaisia organisaatioita. NET-verkkotunnus voi olla vaihtoehto, jos vastaava com- tai net-verkkotunnus on jo rekister\u00f6ity. ORG-verkkotunnuksen voi rekister\u00f6id\u00e4 1\u201310 vuodeksi. ORG-verkkotunnuksen rekister\u00f6imiseen ei ole rajoituksia. Sek\u00e4 yksityishenkil\u00f6t ett\u00e4 organisaatiot voivat rekister\u00f6id\u00e4 ORG-verkkotunnuksen. &#8230; <a title=\"ORG-verkkotunnus\" class=\"read-more\" href=\"https:\/\/hostingfinland.fi\/fi\/verkkotunnus\/org\/\" aria-label=\"Read more about ORG-verkkotunnus\">Read more<\/a><\/p>\n","protected":false},"author":1,"featured_media":0,"parent":2303,"menu_order":0,"comment_status":"closed","ping_status":"closed","template":"","meta":{"slim_seo":{"title":"Rekister\u00f6i ja osta ORG-verkkotunnus - Hosting Finland","description":"Rekister\u00f6i ja osta ORG-verkkotunnus ORG-verkkotunnus on verkkotunnus, joka p\u00e4\u00e4ttyy .org. Verkkotunnus .org luotiin alun perin voittoa tavoittelemattomille organ"},"footnotes":""},"class_list":["post-2367","page","type-page","status-publish"],"_links":{"self":[{"href":"https:\/\/hostingfinland.fi\/fi\/wp-json\/wp\/v2\/pages\/2367","targetHints":{"allow":["GET"]}}],"collection":[{"href":"https:\/\/hostingfinland.fi\/fi\/wp-json\/wp\/v2\/pages"}],"about":[{"href":"https:\/\/hostingfinland.fi\/fi\/wp-json\/wp\/v2\/types\/page"}],"author":[{"embeddable":true,"href":"https:\/\/hostingfinland.fi\/fi\/wp-json\/wp\/v2\/users\/1"}],"replies":[{"embeddable":true,"href":"https:\/\/hostingfinland.fi\/fi\/wp-json\/wp\/v2\/comments?post=2367"}],"version-history":[{"count":1,"href":"https:\/\/hostingfinland.fi\/fi\/wp-json\/wp\/v2\/pages\/2367\/revisions"}],"predecessor-version":[{"id":3402,"href":"https:\/\/hostingfinland.fi\/fi\/wp-json\/wp\/v2\/pages\/2367\/revisions\/3402"}],"up":[{"embeddable":true,"href":"https:\/\/hostingfinland.fi\/fi\/wp-json\/wp\/v2\/pages\/2303"}],"wp:attachment":[{"href":"https:\/\/hostingfinland.fi\/fi\/wp-json\/wp\/v2\/media?parent=2367"}],"curies":[{"name":"wp","href":"https:\/\/api.w.org\/{rel}","templated":true}]}}