{"id":2385,"date":"2025-09-10T15:12:41","date_gmt":"2025-09-10T12:12:41","guid":{"rendered":"https:\/\/hostingfinland.fi\/?page_id=2385"},"modified":"2026-03-10T09:18:04","modified_gmt":"2026-03-10T07:18:04","slug":"ostoehdot","status":"publish","type":"page","link":"https:\/\/hostingfinland.fi\/fi\/ostoehdot\/","title":{"rendered":"Ostoehdot"},"content":{"rendered":"\n<div class=\"gb-element-92bfd678\">\n<div class=\"gb-element-c4a95806\">\n<h1 class=\"gb-text\">Ostoehdot<\/h1>\n\n\n\n<p class=\"gb-text\"><strong>Yleist\u00e4<\/strong><br>N\u00e4m\u00e4 ehdot koskevat verkkokaupastamme teht\u00e4vi\u00e4 ostoksia. Hosting Finland (FI35504698) on suomalainen webhotelli. Verkkokaupastamme voit ostaa webhotellin, verkkotunnuksen ja muita IT-palveluita.<br><br><strong>Hinnat<\/strong><br>Ennen kuin olet luonut tilin, hinnat n\u00e4kyv\u00e4t ilman arvonlis\u00e4veroa. Kun olet luonut tilin, hinnat n\u00e4kyv\u00e4t sis\u00e4lt\u00e4en 25,5 %:n arvonlis\u00e4veron. EU:n alueella toimivat yritykset voivat v\u00e4hent\u00e4\u00e4 arvonlis\u00e4veron kassalla ilmoittamalla arvonlis\u00e4verotunnisteensa.<br><br><strong>Tili<\/strong><br>Jotta voit tehd\u00e4 ostoksia verkkokaupastamme, sinun on luotava tili. Ilman tili\u00e4 et voi tehd\u00e4 ostoksia. S\u00e4hk\u00f6postin vahvistus vaaditaan maksun suorittamiseksi.<br><br><strong>Maksu<\/strong><br>Maksut palveluistamme suoritetaan Stripe-maksupalvelun kautta. Stripen kautta voit valita maksutavaksi korttimaksun, Apple Payn, Google Payn, Linkin, Mobile Payn, PayPalin tai Klarnan.<br><br>Kassalla voit itse valita, mill\u00e4 valuutalla haluat maksaa. Voit valita seuraavista: EUR, SEK, NOK, DKK ja USD. Huomaa, ett\u00e4 perushinta on aina EUR, riippumatta siit\u00e4, mill\u00e4 valuutalla p\u00e4\u00e4t\u00e4t maksaa.<br><br><strong>Peruuttamisoikeus<\/strong><br>Asiakkaana sinulla on 14 p\u00e4iv\u00e4n peruuttamisoikeus. T\u00e4m\u00e4 koskee tilauksen tekemisest\u00e4 l\u00e4htien. Huomaa, ett\u00e4 t\u00e4m\u00e4 ei koske verkkotunnuksia, koska niit\u00e4 ei teknisist\u00e4 syist\u00e4 voi peruuttaa, kun ne on kerran rekister\u00f6ity.<br><br><strong>Vastuurajoitus<\/strong><br>Pyrimme siihen, ett\u00e4 palvelumme ovat mahdollisimman hyvin k\u00e4ytett\u00e4viss\u00e4. T\u00e4st\u00e4 huolimatta emme voi taata, ett\u00e4 palvelumme ovat aina k\u00e4ytett\u00e4viss\u00e4. Emme ole vastuussa mahdollisista tietojen menetyksist\u00e4, jotka voivat johtua teknisist\u00e4 ongelmista tai vastaavista syist\u00e4. Asiakas on aina vastuussa verkkohotellissamme julkaistavasta ja jaettavasta sis\u00e4ll\u00f6st\u00e4.<br><br>Verkkotunnuksen k\u00e4ytt\u00e4j\u00e4 on itse vastuussa siit\u00e4, ett\u00e4 rekister\u00f6idyt verkkotunnukset noudattavat valittujen yl\u00e4tunnusten s\u00e4\u00e4nt\u00f6j\u00e4 ja ehtoja. Hosting Finland ei ole vastuussa verkkotunnuksista, jotka eiv\u00e4t t\u00e4yt\u00e4 n\u00e4it\u00e4 vaatimuksia. Voimme \u00e4\u00e4rimm\u00e4isiss\u00e4 tapauksissa poistaa rekister\u00f6innin verkkotunnuksista, jotka rikkovat n\u00e4it\u00e4 s\u00e4\u00e4nt\u00f6j\u00e4.<br><br><strong>Muuta<\/strong><br>Pid\u00e4t\u00e4mme oikeuden sulkea tilit, jotka v\u00e4\u00e4rink\u00e4ytt\u00e4v\u00e4t palveluitamme tai rikkovat Suomen lakia. Maksun laiminly\u00f6nnin vuoksi meill\u00e4 on oikeus keskeytt\u00e4\u00e4 tilatut palvelut v\u00e4liaikaisesti tai kokonaan. Jos emme saa maksua toistuvista muistutuksista huolimatta, meill\u00e4 on oikeus sulkea tilisi pysyv\u00e4sti.<br><br><strong>Yhteystiedot<\/strong><br>Hosting Finland (FI35504698)<br>Niilontie 6,<br>65610 Mustasaari,<br>Finland<br><br>Puhelin: +358 440 948 294<br>S\u00e4hk\u00f6posti: support@hostingfinland.fi<\/p>\n\n\n\n<div class=\"gb-element-fe098d46\">\n<div class=\"gb-element-73796c79\">\n<img loading=\"lazy\" decoding=\"async\" width=\"936\" height=\"445\" class=\"gb-media-2b111a0d\" alt=\"\" src=\"https:\/\/hostingfinland.fi\/wp-content\/uploads\/Stripe-wordmark-Blurple-Small.png\" title=\"Stripe wordmark - Blurple - Small\" srcset=\"https:\/\/hostingfinland.fi\/wp-content\/uploads\/Stripe-wordmark-Blurple-Small.png 936w, https:\/\/hostingfinland.fi\/wp-content\/uploads\/Stripe-wordmark-Blurple-Small-300x143.png 300w, https:\/\/hostingfinland.fi\/wp-content\/uploads\/Stripe-wordmark-Blurple-Small-768x365.png 768w\" sizes=\"auto, (max-width: 936px) 100vw, 936px\" \/>\n<\/div>\n\n\n\n<div class=\"gb-element-2c489e47\">\n<img loading=\"lazy\" decoding=\"async\" width=\"166\" height=\"106\" class=\"gb-media-bb63df25\" alt=\"\" src=\"https:\/\/hostingfinland.fi\/wp-content\/uploads\/Apple_Pay_Mark_RGB_041619.png\" title=\"Apple_Pay_Mark_RGB_041619\"\/>\n<\/div>\n\n\n\n<div class=\"gb-element-0bda5137\">\n<img loading=\"lazy\" decoding=\"async\" width=\"752\" height=\"400\" class=\"gb-media-28c2f3c4\" alt=\"\" src=\"https:\/\/hostingfinland.fi\/wp-content\/uploads\/GPay_Acceptance_Mark_800.png\" title=\"GPay_Acceptance_Mark_800\" srcset=\"https:\/\/hostingfinland.fi\/wp-content\/uploads\/GPay_Acceptance_Mark_800.png 752w, https:\/\/hostingfinland.fi\/wp-content\/uploads\/GPay_Acceptance_Mark_800-300x160.png 300w\" sizes=\"auto, (max-width: 752px) 100vw, 752px\" \/>\n<\/div>\n\n\n\n<div class=\"gb-element-c5eae21c\">\n<img loading=\"lazy\" decoding=\"async\" width=\"2000\" height=\"670\" class=\"gb-media-267352a6\" alt=\"\" src=\"https:\/\/hostingfinland.fi\/wp-content\/uploads\/link-by-stripe-seeklogo.png\" title=\"link-by-stripe-seeklogo\" srcset=\"https:\/\/hostingfinland.fi\/wp-content\/uploads\/link-by-stripe-seeklogo.png 2000w, https:\/\/hostingfinland.fi\/wp-content\/uploads\/link-by-stripe-seeklogo-300x101.png 300w, https:\/\/hostingfinland.fi\/wp-content\/uploads\/link-by-stripe-seeklogo-1024x343.png 1024w, https:\/\/hostingfinland.fi\/wp-content\/uploads\/link-by-stripe-seeklogo-768x257.png 768w, https:\/\/hostingfinland.fi\/wp-content\/uploads\/link-by-stripe-seeklogo-1536x515.png 1536w\" sizes=\"auto, (max-width: 2000px) 100vw, 2000px\" \/>\n<\/div>\n\n\n\n<div class=\"gb-element-8f10127e\">\n<img loading=\"lazy\" decoding=\"async\" width=\"1482\" height=\"287\" class=\"gb-media-bde5a31c\" alt=\"\" src=\"https:\/\/hostingfinland.fi\/wp-content\/uploads\/MobilePay_paymark_logo.png\" title=\"MobilePay_paymark_logo\" srcset=\"https:\/\/hostingfinland.fi\/wp-content\/uploads\/MobilePay_paymark_logo.png 1482w, https:\/\/hostingfinland.fi\/wp-content\/uploads\/MobilePay_paymark_logo-300x58.png 300w, https:\/\/hostingfinland.fi\/wp-content\/uploads\/MobilePay_paymark_logo-1024x198.png 1024w, https:\/\/hostingfinland.fi\/wp-content\/uploads\/MobilePay_paymark_logo-768x149.png 768w\" sizes=\"auto, (max-width: 1482px) 100vw, 1482px\" \/>\n<\/div>\n\n\n\n<div class=\"gb-element-e36cbecd\">\n<img loading=\"lazy\" decoding=\"async\" width=\"2000\" height=\"485\" class=\"gb-media-932c7e31\" alt=\"\" src=\"https:\/\/hostingfinland.fi\/wp-content\/uploads\/paypal-seeklogo.png\" title=\"paypal-seeklogo\" srcset=\"https:\/\/hostingfinland.fi\/wp-content\/uploads\/paypal-seeklogo.png 2000w, https:\/\/hostingfinland.fi\/wp-content\/uploads\/paypal-seeklogo-300x73.png 300w, https:\/\/hostingfinland.fi\/wp-content\/uploads\/paypal-seeklogo-1024x248.png 1024w, https:\/\/hostingfinland.fi\/wp-content\/uploads\/paypal-seeklogo-768x186.png 768w, https:\/\/hostingfinland.fi\/wp-content\/uploads\/paypal-seeklogo-1536x372.png 1536w\" sizes=\"auto, (max-width: 2000px) 100vw, 2000px\" \/>\n<\/div>\n\n\n\n<div class=\"gb-element-7615a239\">\n<img loading=\"lazy\" decoding=\"async\" width=\"2000\" height=\"1111\" class=\"gb-media-f04b5b35\" alt=\"\" src=\"https:\/\/hostingfinland.fi\/wp-content\/uploads\/klarna-seeklogo.png\" title=\"klarna-seeklogo\" srcset=\"https:\/\/hostingfinland.fi\/wp-content\/uploads\/klarna-seeklogo.png 2000w, https:\/\/hostingfinland.fi\/wp-content\/uploads\/klarna-seeklogo-300x167.png 300w, https:\/\/hostingfinland.fi\/wp-content\/uploads\/klarna-seeklogo-1024x569.png 1024w, https:\/\/hostingfinland.fi\/wp-content\/uploads\/klarna-seeklogo-768x427.png 768w, https:\/\/hostingfinland.fi\/wp-content\/uploads\/klarna-seeklogo-1536x853.png 1536w\" sizes=\"auto, (max-width: 2000px) 100vw, 2000px\" \/>\n<\/div>\n<\/div>\n<\/div>\n<\/div>\n","protected":false},"excerpt":{"rendered":"<p>Ostoehdot Yleist\u00e4N\u00e4m\u00e4 ehdot koskevat verkkokaupastamme teht\u00e4vi\u00e4 ostoksia. Hosting Finland (FI35504698) on suomalainen webhotelli. Verkkokaupastamme voit ostaa webhotellin, verkkotunnuksen ja muita IT-palveluita. HinnatEnnen kuin olet luonut tilin, hinnat n\u00e4kyv\u00e4t ilman arvonlis\u00e4veroa. Kun olet luonut tilin, hinnat n\u00e4kyv\u00e4t sis\u00e4lt\u00e4en 25,5 %:n arvonlis\u00e4veron. EU:n alueella toimivat yritykset voivat v\u00e4hent\u00e4\u00e4 arvonlis\u00e4veron kassalla ilmoittamalla arvonlis\u00e4verotunnisteensa. TiliJotta voit tehd\u00e4 ostoksia verkkokaupastamme, &#8230; <a title=\"Ostoehdot\" class=\"read-more\" href=\"https:\/\/hostingfinland.fi\/fi\/ostoehdot\/\" aria-label=\"Read more about Ostoehdot\">Read more<\/a><\/p>\n","protected":false},"author":1,"featured_media":0,"parent":0,"menu_order":0,"comment_status":"closed","ping_status":"closed","template":"","meta":{"slim_seo":{"noindex":"1","title":"Ostoehdot - Hosting Finland","description":"Ostoehdot Yleist\u00e4 N\u00e4m\u00e4 ehdot koskevat verkkokaupastamme teht\u00e4vi\u00e4 ostoksia. Hosting Finland (FI35504698) on suomalainen webhotelli. Verkkokaupastamme voit ostaa"},"footnotes":""},"class_list":["post-2385","page","type-page","status-publish"],"_links":{"self":[{"href":"https:\/\/hostingfinland.fi\/fi\/wp-json\/wp\/v2\/pages\/2385","targetHints":{"allow":["GET"]}}],"collection":[{"href":"https:\/\/hostingfinland.fi\/fi\/wp-json\/wp\/v2\/pages"}],"about":[{"href":"https:\/\/hostingfinland.fi\/fi\/wp-json\/wp\/v2\/types\/page"}],"author":[{"embeddable":true,"href":"https:\/\/hostingfinland.fi\/fi\/wp-json\/wp\/v2\/users\/1"}],"replies":[{"embeddable":true,"href":"https:\/\/hostingfinland.fi\/fi\/wp-json\/wp\/v2\/comments?post=2385"}],"version-history":[{"count":1,"href":"https:\/\/hostingfinland.fi\/fi\/wp-json\/wp\/v2\/pages\/2385\/revisions"}],"predecessor-version":[{"id":2387,"href":"https:\/\/hostingfinland.fi\/fi\/wp-json\/wp\/v2\/pages\/2385\/revisions\/2387"}],"wp:attachment":[{"href":"https:\/\/hostingfinland.fi\/fi\/wp-json\/wp\/v2\/media?parent=2385"}],"curies":[{"name":"wp","href":"https:\/\/api.w.org\/{rel}","templated":true}]}}