{"id":2392,"date":"2025-11-28T10:27:45","date_gmt":"2025-11-28T08:27:45","guid":{"rendered":"https:\/\/hostingfinland.fi\/?page_id=2392"},"modified":"2026-03-10T09:19:17","modified_gmt":"2026-03-10T07:19:17","slug":"ota-yhteytta","status":"publish","type":"page","link":"https:\/\/hostingfinland.fi\/fi\/ota-yhteytta\/","title":{"rendered":"Ota yhteytt\u00e4"},"content":{"rendered":"\n<div class=\"gb-element-dae5d001\">\n<div class=\"gb-element-98230803\">\n<div class=\"gb-element-0369ee0e\">\n<div class=\"gb-element-e5a9499f\">\n<h1 class=\"gb-text\"><strong>Ota yhteytt\u00e4<\/strong><\/h1>\n\n\n\n<p class=\"gb-text gb-text-fe15df73\">Riippumatta siit\u00e4, onko ongelmasi suuri vai pieni, olemme t\u00e4\u00e4ll\u00e4 sinua varten. Pyyd\u00e4mme sinua tarkistamaan ensin dokumentaatiomme. Siell\u00e4 on vastauksia moniin yleisiin ongelmiin. Pyrimme p\u00e4ivitt\u00e4m\u00e4\u00e4n dokumentaatiotamme jatkuvasti.<br><br>Jos olet jo asiakkaamme, voit l\u00e4hett\u00e4\u00e4 viestin portaalimme kautta. Anna mahdollisimman paljon tietoa, jotta voimme helpommin ratkaista ongelmasi. Jos et ole asiakkaamme, l\u00f6yd\u00e4t yhteystietomme alla.<\/p>\n<\/div>\n\n\n\n<div class=\"gb-element-898e35ac\">\n<p class=\"gb-text-a9985018\"><span class=\"gb-shape\"><svg xmlns=\"http:\/\/www.w3.org\/2000\/svg\" id=\"Layer_1\" width=\"800\" height=\"800\" data-name=\"Layer 1\" viewBox=\"0 0 64 64\"><defs><style>.cls-4{fill:#a3cef1}.cls-5{fill:#dda15e}.cls-6{fill:#6096ba}.cls-7{fill:#274c77}<\/style><\/defs><path d=\"m25.58 36.04-3 1.29c-1.01.43-2.15.43-3.15 0l-3-1.29a4 4 0 0 1-2.42-3.68V27c0-3.31 2.69-6 6-6h2c3.31 0 6 2.69 6 6v5.36c0 1.6-.95 3.05-2.42 3.68Z\" class=\"cls-5\"><\/path><path d=\"M34.14 42c-1.82-1.85-4.35-3-7.14-3h-3c0 1.66-1.34 3-3 3s-3-1.34-3-3h-3C9.48 39 5 43.48 5 49v7h22l4-14z\" class=\"cls-7\"><\/path><path d=\"M16 52h2c1.1 0 2 .9 2 2v2h-4z\" class=\"cls-5\"><\/path><path d=\"M11 28.73c-.29.17-.64.27-1 .27-1.1 0-2-.9-2-2s.9-2 2-2c.42 0 .81.13 1.14.36M31 28.73c.29.17.64.27 1 .27 1.1 0 2-.9 2-2s-.9-2-2-2c-.42 0-.81.13-1.14.36\" class=\"cls-7\"><\/path><path d=\"m18 36.71 1.42.61c1.01.44 2.15.44 3.16 0l1.42-.61V39c0 1.66-1.34 3-3 3s-3-1.34-3-3z\" style=\"fill:#bc6c25\"><\/path><path d=\"m27 56 4-14h22l-4 14\" style=\"fill:#8b8c89\"><\/path><path d=\"M27.4 24.38h-.01c-.57-.23-1.23-.38-2.06-.38-4.33 0-4.33 4-8.67 4-1.13 0-1.97-.27-2.66-.67V27c0-3.31 2.69-6 6-6h2a5.99 5.99 0 0 1 5.39 3.38z\" class=\"cls-7\"><\/path><path d=\"M28 31.6V27c0-3.31-2.69-6-6-6h-2c-3.31 0-6 2.69-6 6v4h-2c-.55 0-1-.45-1-1v-3c0-5.52 4.48-10 10-10 2.76 0 5.26 1.12 7.07 2.93S31 24.24 31 27v3.18c0 .48-.34.89-.8.98z\" style=\"fill:#e7ecef\"><\/path><path d=\"M40 48c.55 0 1 .45 1 1s-.45 1-1 1z\" class=\"cls-4\"><\/path><path d=\"M21 33c-.11-.54.24-1.07.78-1.18L30 30.18v-2.86c0-4.79-3.61-8.98-8.38-9.3C16.38 17.67 12 21.83 12 27v3h2v2h-2c-1.1 0-2-.9-2-2v-2.68c0-5.72 4.24-10.74 9.94-11.27C26.48 15.43 32 20.58 32 27v3.18a2 2 0 0 1-1.61 1.96l-8.22 1.64c-.54.11-1.07-.24-1.18-.78ZM21 56h-2v-2c0-.55-.45-1-1-1h-7c-.55 0-1-.45-1-1v-4c0-.27.11-.52.29-.71L11.58 46a.996.996 0 1 1 1.41 1.41l-1 1V51h6c1.66 0 3 1.34 3 3v2Z\" class=\"cls-6\"><\/path><path d=\"M3 56h50v2H3z\" class=\"cls-4\"><\/path><path d=\"M41 19.71 35 24l1-5h-2c-.55 0-1-.45-1-1V7c0-.55.45-1 1-1h14c.55 0 1 .45 1 1v6h-7c-.55 0-1 .45-1 1z\" class=\"cls-6\"><\/path><path d=\"M61 14v14c0 .55-.45 1-1 1h-3l1 6-7-6h-9c-.55 0-1-.45-1-1V14c0-.55.45-1 1-1h18c.55 0 1 .45 1 1\" class=\"cls-7\"><\/path><\/svg><\/span><\/p>\n<\/div>\n<\/div>\n<\/div>\n<\/div>\n\n\n\n<div class=\"gb-element-bfcb6514\">\n<div class=\"gb-element-2e63d91e\">\n<div class=\"gb-element-5f6885c8\">\n<div class=\"gb-element-65b46734\">\n<h2 class=\"gb-text\"><strong>Portaali<\/strong><\/h2>\n\n\n\n<p class=\"gb-text\">Oletko jo asiakkaamme? Siin\u00e4 tapauksessa suosittelemme, ett\u00e4 kirjaudut tilillesi ja l\u00e4het\u00e4t viestin sen kautta.<\/p>\n\n\n\n<div class=\"gb-element-3f1a98b0\">\n<a class=\"gb-text gb-text-968b5df9\" href=\"https:\/\/my.hostingfinland.fi\/client\/login\/\" target=\"_blank\" rel=\"noopener\">Portaaliin<\/a>\n<\/div>\n<\/div>\n\n\n\n<div class=\"gb-element-222d23e9\">\n<h2 class=\"gb-text\"><strong>Dokumentaatio<\/strong><\/h2>\n\n\n\n<p class=\"gb-text\">Pyrimme siihen, ett\u00e4 dokumentaatiomme olisi mahdollisimman kattava. Dokumentaatiosivullamme on selitetty monia yleisi\u00e4 ongelmia.<\/p>\n\n\n\n<div class=\"gb-element-ea57f82f\">\n<a class=\"gb-text gb-text-ed5c75b2\" href=\"https:\/\/my.hostingfinland.fi\/client\/plugin\/support_manager\/knowledgebase\/\" target=\"_blank\" rel=\"noopener\">Dokumentaatioon<\/a>\n<\/div>\n<\/div>\n\n\n\n<div class=\"gb-element-8f90e719 ticss-d8e7ba8e\">\n<h2 class=\"gb-text\"><strong>Yhteystiedot<\/strong><\/h2>\n\n\n\n<div class=\"gb-element-5afd4b6b\">\n<p class=\"gb-text gb-text-d8dd7bf4\">Katso yhteystietomme alla, jos haluat ottaa meihin yhteytt\u00e4. Tutustu dokumentaatioomme ennen kuin otat meihin yhteytt\u00e4.<\/p>\n\n\n\n<p class=\"gb-text-82af11ba\"><span class=\"gb-shape\"><svg xmlns=\"http:\/\/www.w3.org\/2000\/svg\" viewBox=\"0 0 512 512\"><!--!Font Awesome Free 6.7.2 by @fontawesome - https:\/\/fontawesome.com License - https:\/\/fontawesome.com\/license\/free Copyright 2025 Fonticons, Inc.--><path d=\"M256 8C119 8 8 119 8 256s111 248 248 248 248-111 248-248S393 8 256 8zm92.5 313-20 25a16 16 0 0 1-22.5 2.5l-67-49.7a40 40 0 0 1-15-31.2V112a16 16 0 0 1 16-16h32a16 16 0 0 1 16 16v144l58 42.5a16 16 0 0 1 2.5 22.5z\"><\/path><\/svg><\/span><span class=\"gb-text\">Ma\u2013pe 08:00\u201316:00<\/span><\/p>\n\n\n\n<p class=\"gb-text-3d0839e0\"><span class=\"gb-shape\"><svg xmlns=\"http:\/\/www.w3.org\/2000\/svg\" viewBox=\"0 0 448 512\"><!--!Font Awesome Free 5.15.4 by @fontawesome - https:\/\/fontawesome.com License - https:\/\/fontawesome.com\/license\/free Copyright 2025 Fonticons, Inc.--><path d=\"M436 480h-20V24c0-13.255-10.745-24-24-24H56C42.745 0 32 10.745 32 24v456H12c-6.627 0-12 5.373-12 12v20h448v-20c0-6.627-5.373-12-12-12M128 76c0-6.627 5.373-12 12-12h40c6.627 0 12 5.373 12 12v40c0 6.627-5.373 12-12 12h-40c-6.627 0-12-5.373-12-12zm0 96c0-6.627 5.373-12 12-12h40c6.627 0 12 5.373 12 12v40c0 6.627-5.373 12-12 12h-40c-6.627 0-12-5.373-12-12zm52 148h-40c-6.627 0-12-5.373-12-12v-40c0-6.627 5.373-12 12-12h40c6.627 0 12 5.373 12 12v40c0 6.627-5.373 12-12 12m76 160h-64v-84c0-6.627 5.373-12 12-12h40c6.627 0 12 5.373 12 12zm64-172c0 6.627-5.373 12-12 12h-40c-6.627 0-12-5.373-12-12v-40c0-6.627 5.373-12 12-12h40c6.627 0 12 5.373 12 12zm0-96c0 6.627-5.373 12-12 12h-40c-6.627 0-12-5.373-12-12v-40c0-6.627 5.373-12 12-12h40c6.627 0 12 5.373 12 12zm0-96c0 6.627-5.373 12-12 12h-40c-6.627 0-12-5.373-12-12V76c0-6.627 5.373-12 12-12h40c6.627 0 12 5.373 12 12z\"><\/path><\/svg><\/span><span class=\"gb-text\"><a href=\"https:\/\/www.ytj.fi\/sv\/index\/y-tunnus.html\">Y-tunnus<\/a>: 3550469-8<\/span><\/p>\n\n\n\n<p class=\"gb-text-31fe0f2b\"><span class=\"gb-shape\"><svg xmlns=\"http:\/\/www.w3.org\/2000\/svg\" viewBox=\"0 0 512 512\"><!--!Font Awesome Free 6.7.2 by @fontawesome - https:\/\/fontawesome.com License - https:\/\/fontawesome.com\/license\/free Copyright 2025 Fonticons, Inc.--><path d=\"m497.4 361.8-112-48a24 24 0 0 0-28 6.9l-49.6 60.6a370.7 370.7 0 0 1-177.2-177.2l60.6-49.6a23.9 23.9 0 0 0 6.9-28l-48-112A24.2 24.2 0 0 0 122.6.6l-104 24A24 24 0 0 0 0 48c0 256.5 207.9 464 464 464a24 24 0 0 0 23.4-18.6l24-104a24.3 24.3 0 0 0-14-27.6z\"><\/path><\/svg><\/span><span class=\"gb-text\">+358 440 948 294<\/span><\/p>\n\n\n\n<p class=\"gb-text-d84eee62\"><span class=\"gb-shape\"><svg xmlns=\"http:\/\/www.w3.org\/2000\/svg\" viewBox=\"0 0 512 512\"><!--!Font Awesome Free 6.6.0 by @fontawesome - https:\/\/fontawesome.com License - https:\/\/fontawesome.com\/license\/free Copyright 2024 Fonticons, Inc.--><path d=\"M48 64C21.5 64 0 85.5 0 112c0 15.1 7.1 29.3 19.2 38.4l217.6 163.2c11.4 8.5 27 8.5 38.4 0l217.6-163.2c12.1-9.1 19.2-23.3 19.2-38.4 0-26.5-21.5-48-48-48H48zM0 176v208c0 35.3 28.7 64 64 64h384c35.3 0 64-28.7 64-64V176L294.4 339.2a63.9 63.9 0 0 1-76.8 0L0 176z\"><\/path><\/svg><\/span><span class=\"gb-text\">support@hostingfinland.fi<\/span><\/p>\n<\/div>\n<\/div>\n<\/div>\n<\/div>\n<\/div>\n","protected":false},"excerpt":{"rendered":"<p>Ota yhteytt\u00e4 Riippumatta siit\u00e4, onko ongelmasi suuri vai pieni, olemme t\u00e4\u00e4ll\u00e4 sinua varten. Pyyd\u00e4mme sinua tarkistamaan ensin dokumentaatiomme. Siell\u00e4 on vastauksia moniin yleisiin ongelmiin. Pyrimme p\u00e4ivitt\u00e4m\u00e4\u00e4n dokumentaatiotamme jatkuvasti. Jos olet jo asiakkaamme, voit l\u00e4hett\u00e4\u00e4 viestin portaalimme kautta. Anna mahdollisimman paljon tietoa, jotta voimme helpommin ratkaista ongelmasi. Jos et ole asiakkaamme, l\u00f6yd\u00e4t yhteystietomme alla. Portaali Oletko &#8230; <a title=\"Ota yhteytt\u00e4\" class=\"read-more\" href=\"https:\/\/hostingfinland.fi\/fi\/ota-yhteytta\/\" aria-label=\"Read more about Ota yhteytt\u00e4\">Read more<\/a><\/p>\n","protected":false},"author":1,"featured_media":0,"parent":0,"menu_order":0,"comment_status":"closed","ping_status":"closed","template":"","meta":{"slim_seo":{"title":"Ota yhteytt\u00e4 - Hosting Finland","description":"Ota yhteytt\u00e4 Riippumatta siit\u00e4, onko ongelmasi suuri vai pieni, olemme t\u00e4\u00e4ll\u00e4 sinua varten. Pyyd\u00e4mme sinua tarkistamaan ensin dokumentaatiomme. Siell\u00e4 on vastau"},"footnotes":""},"class_list":["post-2392","page","type-page","status-publish"],"_links":{"self":[{"href":"https:\/\/hostingfinland.fi\/fi\/wp-json\/wp\/v2\/pages\/2392","targetHints":{"allow":["GET"]}}],"collection":[{"href":"https:\/\/hostingfinland.fi\/fi\/wp-json\/wp\/v2\/pages"}],"about":[{"href":"https:\/\/hostingfinland.fi\/fi\/wp-json\/wp\/v2\/types\/page"}],"author":[{"embeddable":true,"href":"https:\/\/hostingfinland.fi\/fi\/wp-json\/wp\/v2\/users\/1"}],"replies":[{"embeddable":true,"href":"https:\/\/hostingfinland.fi\/fi\/wp-json\/wp\/v2\/comments?post=2392"}],"version-history":[{"count":1,"href":"https:\/\/hostingfinland.fi\/fi\/wp-json\/wp\/v2\/pages\/2392\/revisions"}],"predecessor-version":[{"id":2393,"href":"https:\/\/hostingfinland.fi\/fi\/wp-json\/wp\/v2\/pages\/2392\/revisions\/2393"}],"wp:attachment":[{"href":"https:\/\/hostingfinland.fi\/fi\/wp-json\/wp\/v2\/media?parent=2392"}],"curies":[{"name":"wp","href":"https:\/\/api.w.org\/{rel}","templated":true}]}}