{"id":2805,"date":"2026-04-22T14:57:40","date_gmt":"2026-04-22T11:57:40","guid":{"rendered":"https:\/\/hostingfinland.fi\/?page_id=2805"},"modified":"2026-04-22T15:09:04","modified_gmt":"2026-04-22T12:09:04","slug":"dns","status":"publish","type":"page","link":"https:\/\/hostingfinland.fi\/fi\/webhotelli\/dns\/","title":{"rendered":"Dns"},"content":{"rendered":"\n<div class=\"gb-element-e8db4a0a\">\n<div class=\"gb-element-63cc5588\">\n<div class=\"gb-element-12915970\">\n<div class=\"gb-element-fa589ab7 ticss-c2aaecd2\">\n<h1 class=\"gb-text\"><strong>DNS-palvelu ja hosting verkkotunnuksellesi<\/strong><\/h1>\n\n\n\n<p class=\"gb-text\">DNS (Domain Name Service) on internetpalvelu, jota tarvitaan, jotta verkkotunnuksesi toimii. Se on verrattavissa internetin postipalveluun. Se ohjaa liikenteen oikeaan paikkaan, kun vierailet verkkosivustolla tai l\u00e4het\u00e4t s\u00e4hk\u00f6postiviestin.<br><br>DNS sis\u00e4ltyy kaikkiin muihin paketteihimme, joten tarvitset DNS-palveluamme vain, jos k\u00e4yt\u00e4t ulkoisia palveluita tai haluat ohjata liikenteen toiselle palvelimelle. Oletko ep\u00e4varma? Ota meihin yhteytt\u00e4, niin autamme sinua.<\/p>\n\n\n\n<div>\n<a class=\"gb-text gb-text-e593e986 smooth-scroll\" href=\"https:\/\/my.hostingfinland.fi\/order\/main\/index\/dns\" target=\"_blank\" rel=\"noopener\">Tilaa<\/a>\n<\/div>\n<\/div>\n\n\n\n<div class=\"gb-element-71b72f70\">\n<p class=\"gb-text-1116c0d1\"><span class=\"gb-shape\"><svg xmlns=\"http:\/\/www.w3.org\/2000\/svg\" width=\"800\" height=\"800\" viewBox=\"0 0 32 32\"><path d=\"M16 2a8 8 0 1 0 8 8 8.01 8.01 0 0 0-8-8m5.91 7h-2.438a15.3 15.3 0 0 0-.791-4.36A6.01 6.01 0 0 1 21.91 9m-5.888 6.999h-.008c-.38-.12-1.309-1.821-1.479-4.999h2.93c-.17 3.176-1.094 4.877-1.443 4.999M14.535 9c.17-3.176 1.094-4.877 1.443-4.999h.008c.38.12 1.309 1.821 1.479 4.999ZM13.32 4.64A15.3 15.3 0 0 0 12.528 9H10.09a6.01 6.01 0 0 1 3.23-4.36M10.09 11h2.437a15.3 15.3 0 0 0 .792 4.36A6.01 6.01 0 0 1 10.09 11m8.59 4.36a15.3 15.3 0 0 0 .792-4.36h2.438a6.01 6.01 0 0 1-3.23 4.36ZM28 30H4a2 2 0 0 1-2-2v-6a2 2 0 0 1 2-2h24a2 2 0 0 1 2 2v6a2 2 0 0 1-2 2M4 22v6h24v-6Z\"><\/path><circle cx=\"7\" cy=\"25\" r=\"1\"><\/circle><path d=\"M0 0h32v32H0z\" data-name=\"&lt;Transparent Rectangle&gt;\" style=\"fill:none\"><\/path><\/svg><\/span><\/p>\n<\/div>\n<\/div>\n<\/div>\n<\/div>\n\n\n\n<div class=\"gb-element-1340a869\">\n<div class=\"gb-element-d4239fe1\">\n<h2 class=\"gb-text gb-text-efd34328\"><strong>Yleisesti esiintyv\u00e4t DNS-tietueet<\/strong><\/h2>\n\n\n\n<div class=\"gb-element-abbc5cdb\">\n<div>\n<h3 class=\"gb-text gb-text-92964234\"><strong>A-<strong>tietue<\/strong><\/strong><\/h3>\n\n\n\n<p class=\"gb-text\">Yhdist\u00e4\u00e4 verkkotunnuksesi IPv4-osoitteeseen. Yleens\u00e4 sit\u00e4 k\u00e4ytet\u00e4\u00e4n p\u00e4\u00e4verkkotunnukselle tai saman palvelimen aliverkkotunnukselle.<\/p>\n<\/div>\n\n\n\n<div>\n<h3 class=\"gb-text gb-text-b23b527e\"><strong>AAAA-<strong>tietue<\/strong><\/strong><\/h3>\n\n\n\n<p class=\"gb-text\">Yhdist\u00e4\u00e4 verkkotunnuksen IPv6-osoitteeseen. Sama kuin A-tietue, mutta modernilla versioilla internetosoitteista.<\/p>\n<\/div>\n\n\n\n<div>\n<h3 class=\"gb-text gb-text-fb277288\"><strong>CNAME-<strong>tietue<\/strong><\/strong><\/h3>\n\n\n\n<p class=\"gb-text\">Luo pikakuvakkeita, jotka ohjaavat yhden verkkotunnuksen toiseen verkkotunnukseen. K\u00e4ytet\u00e4\u00e4n usein aliverkkotunnuksissa ja www-osoitteissa.<\/p>\n<\/div>\n\n\n\n<div>\n<h3 class=\"gb-text gb-text-803b14da\"><strong>MX-<strong>tietue<\/strong><\/strong><\/h3>\n\n\n\n<p class=\"gb-text\">Styr vart e-posten f\u00f6r dom\u00e4nen levereras, oavsett om du anv\u00e4nder v\u00e5r e-posttj\u00e4nst eller externa tj\u00e4nster som Gmail eller Office365.<\/p>\n<\/div>\n\n\n\n<div>\n<h3 class=\"gb-text gb-text-c4a2e196\"><strong>NS-<strong>tietue<\/strong><\/strong><\/h3>\n\n\n\n<p class=\"gb-text\">Ilmoittaa, mit\u00e4 DNS-palvelimia verkkotunnus k\u00e4ytt\u00e4\u00e4. Yleens\u00e4 sinun ei tarvitse muuttaa mit\u00e4\u00e4n, hoidamme kaiken automaattisesti. Tarvittaessa t\u00e4t\u00e4 voidaan kuitenkin muuttaa.<\/p>\n<\/div>\n\n\n\n<div>\n<h3 class=\"gb-text gb-text-777f7893\"><strong>TXT-<strong>tietue<\/strong><\/strong><\/h3>\n\n\n\n<p class=\"gb-text\">Tarvitaan joskus palvelujen vahvistamiseen ja varmistamiseen, esimerkiksi Google Search Console ja Google Analytics.<\/p>\n<\/div>\n<\/div>\n\n\n\n<p class=\"gb-text gb-text-328b82df\">Ole varovainen, kun muutat DNS-tietueita. Virheelliset asetukset voivat vaikuttaa verkkotunnuksesi toimintaan. Ota meihin yhteytt\u00e4, jos tarvitset apua. Autamme mielell\u00e4mme.<\/p>\n<\/div>\n<\/div>\n\n\n\n<div class=\"gb-element-2159a5e3\" id=\"webbhotell\">\n<div class=\"gb-element-3ee7b350\">\n<div class=\"gb-element-fe3c3c46\">\n<div class=\"gb-element-08adf322\">\n<h2 class=\"gb-text gb-text-92488679\"><strong>DNS<\/strong><\/h2>\n\n\n\n<p class=\"gb-text gb-text-377b53d9\">DNS-palvelu ilman web- ja s\u00e4hk\u00f6postitilaa<\/p>\n\n\n\n<h4 class=\"gb-text gb-text-045907dc\"><strong>3,00 \u20ac \/ kuukausi<\/strong><\/h4>\n\n\n\n<p class=\"gb-text\">alv 0%<\/p>\n\n\n\n<div class=\"gb-element-ea91b8dd\">\n<a class=\"gb-text gb-text-dd6331b3\" target=\"_blank\" rel=\"noopener\" href=\"https:\/\/my.hostingfinland.fi\/order\/main\/index\/dns\">Tilaa<\/a>\n<\/div>\n<\/div>\n\n\n\n<div class=\"gb-element-51e57189\">\n<h1 class=\"gb-text gb-text-fda45ef8\"><strong>DNS-palvelumme<\/strong><\/h1>\n\n\n\n<p class=\"gb-text gb-text-062ab803\">Klikkaa tilaa-painiketta tilataksesi DNS-palvelumme. Huomaa, ett\u00e4 web- ja s\u00e4hk\u00f6postitilaa ei sis\u00e4lly hintaan, vaan niiden tilaaminen edellytt\u00e4\u00e4 webhotellin tilaamista.<br><br>Voit itse valita, haluatko maksaa 12, 6, 3 vai 1 kuukauden kerrallaan. Kirjautumistiedot toimitetaan heti maksun suorittamisen j\u00e4lkeen. T\u00e4m\u00e4n j\u00e4lkeen voit muokata ja lis\u00e4t\u00e4 DNS-tietueita paneelimme kautta.<\/p>\n<\/div>\n<\/div>\n<\/div>\n<\/div>\n","protected":false},"excerpt":{"rendered":"<p>DNS-palvelu ja hosting verkkotunnuksellesi DNS (Domain Name Service) on internetpalvelu, jota tarvitaan, jotta verkkotunnuksesi toimii. Se on verrattavissa internetin postipalveluun. Se ohjaa liikenteen oikeaan paikkaan, kun vierailet verkkosivustolla tai l\u00e4het\u00e4t s\u00e4hk\u00f6postiviestin. DNS sis\u00e4ltyy kaikkiin muihin paketteihimme, joten tarvitset DNS-palveluamme vain, jos k\u00e4yt\u00e4t ulkoisia palveluita tai haluat ohjata liikenteen toiselle palvelimelle. Oletko ep\u00e4varma? Ota meihin yhteytt\u00e4, &#8230; <a title=\"Dns\" class=\"read-more\" href=\"https:\/\/hostingfinland.fi\/fi\/webhotelli\/dns\/\" aria-label=\"Read more about Dns\">Read more<\/a><\/p>\n","protected":false},"author":1,"featured_media":0,"parent":2390,"menu_order":0,"comment_status":"closed","ping_status":"closed","template":"","meta":{"_seopress_robots_primary_cat":"","_seopress_titles_title":"DNS-palvelu ja hosting verkkotunnuksellesi","_seopress_titles_desc":"DNS on internetpalvelu, joka on v\u00e4ltt\u00e4m\u00e4t\u00f6n verkkotunnuksesi toiminnalle. DNS-palvelun avulla voit hallita verkkotunnustasi helposti paneelimme kautta.","_seopress_robots_index":"","footnotes":""},"class_list":["post-2805","page","type-page","status-publish"],"_links":{"self":[{"href":"https:\/\/hostingfinland.fi\/fi\/wp-json\/wp\/v2\/pages\/2805","targetHints":{"allow":["GET"]}}],"collection":[{"href":"https:\/\/hostingfinland.fi\/fi\/wp-json\/wp\/v2\/pages"}],"about":[{"href":"https:\/\/hostingfinland.fi\/fi\/wp-json\/wp\/v2\/types\/page"}],"author":[{"embeddable":true,"href":"https:\/\/hostingfinland.fi\/fi\/wp-json\/wp\/v2\/users\/1"}],"replies":[{"embeddable":true,"href":"https:\/\/hostingfinland.fi\/fi\/wp-json\/wp\/v2\/comments?post=2805"}],"version-history":[{"count":1,"href":"https:\/\/hostingfinland.fi\/fi\/wp-json\/wp\/v2\/pages\/2805\/revisions"}],"predecessor-version":[{"id":4067,"href":"https:\/\/hostingfinland.fi\/fi\/wp-json\/wp\/v2\/pages\/2805\/revisions\/4067"}],"up":[{"embeddable":true,"href":"https:\/\/hostingfinland.fi\/fi\/wp-json\/wp\/v2\/pages\/2390"}],"wp:attachment":[{"href":"https:\/\/hostingfinland.fi\/fi\/wp-json\/wp\/v2\/media?parent=2805"}],"curies":[{"name":"wp","href":"https:\/\/api.w.org\/{rel}","templated":true}]}}