{"id":2888,"date":"2026-01-16T09:23:37","date_gmt":"2026-01-16T07:23:37","guid":{"rendered":"https:\/\/hostingfinland.fi\/?page_id=2888"},"modified":"2026-03-10T09:36:13","modified_gmt":"2026-03-10T07:36:13","slug":"sahkoposti","status":"publish","type":"page","link":"https:\/\/hostingfinland.fi\/fi\/webhotelli\/sahkoposti\/","title":{"rendered":"S\u00e4hk\u00f6posti"},"content":{"rendered":"\n<div class=\"gb-element-0c65dc6b\">\n<div class=\"gb-element-1e7c27fe\">\n<div class=\"gb-element-dfb56b3e\">\n<div class=\"gb-element-f9c92d94 ticss-eaf9c92d\">\n<h1 class=\"gb-text\"><strong>Ammattimainen s\u00e4hk\u00f6posti omalla verkkotunnuksella<\/strong><\/h1>\n\n\n\n<p class=\"gb-text\">L\u00e4het\u00e4 s\u00e4hk\u00f6postia omalla verkkotunnuksella ja anna ammattimaisempi vaikutelma. Vakaan s\u00e4hk\u00f6postipalvelumme ansiosta voit olla varma, ett\u00e4 viestisi saapuvat aina perille. Tietosi tallennetaan turvallisesti Suomen datakeskuksessa.<\/p>\n\n\n\n<div>\n<a class=\"gb-text gb-text-99077269 smooth-scroll\" target=\"_blank\" rel=\"noopener\" href=\"https:\/\/my.hostingfinland.fi\/order\/main\/packages\/mail\">Tilaa<\/a>\n<\/div>\n<\/div>\n\n\n\n<div class=\"gb-element-40a4c680\">\n<p class=\"gb-text-a2e90de5\"><span class=\"gb-shape\"><svg xmlns=\"http:\/\/www.w3.org\/2000\/svg\" viewBox=\"0 0 512 512\"><!--!Font Awesome Free 6.6.0 by @fontawesome - https:\/\/fontawesome.com License - https:\/\/fontawesome.com\/license\/free Copyright 2024 Fonticons, Inc.--><path d=\"M48 64C21.5 64 0 85.5 0 112c0 15.1 7.1 29.3 19.2 38.4l217.6 163.2c11.4 8.5 27 8.5 38.4 0l217.6-163.2c12.1-9.1 19.2-23.3 19.2-38.4 0-26.5-21.5-48-48-48zM0 176v208c0 35.3 28.7 64 64 64h384c35.3 0 64-28.7 64-64V176L294.4 339.2a63.9 63.9 0 0 1-76.8 0z\"><\/path><\/svg><\/span><\/p>\n<\/div>\n<\/div>\n<\/div>\n<\/div>\n\n\n\n<div class=\"gb-element-2bd65f13\">\n<div class=\"gb-element-a435f51f\">\n<h2 class=\"gb-text gb-text-f9e63f2e\"><strong><strong>Miksi valita s\u00e4hk\u00f6posti, jossa on oma verkkotunnus?<\/strong><\/strong><\/h2>\n\n\n\n<div class=\"gb-element-cfd1fbeb\">\n<div>\n<h3 class=\"gb-text gb-text-08c5fe7d\"><strong><strong>Vahvista br\u00e4ndi\u00e4si<\/strong><\/strong><\/h3>\n\n\n\n<p class=\"gb-text\">Anna ammattimainen vaikutelma asiakkaille ja yhteisty\u00f6kumppaneille. S\u00e4hk\u00f6postiosoite, kuten @minundomainini.fi, her\u00e4tt\u00e4\u00e4 huomattavasti enemm\u00e4n luottamusta kuin ilmainen Gmail- tai Outlook-osoite.<\/p>\n<\/div>\n\n\n\n<div>\n<h3 class=\"gb-text gb-text-037365fc\"><strong><strong>Turvallisuus ja tietosuoja<\/strong><\/strong><\/h3>\n\n\n\n<p class=\"gb-text\">Meille on t\u00e4rke\u00e4\u00e4, ett\u00e4 yksityisyytesi s\u00e4ilyy. Toisin kuin monet ilmaispalvelut, emme myy tietojasi emmek\u00e4 skannaa s\u00e4hk\u00f6postejasi mainostarkoituksiin. Kaikki tiedot s\u00e4ilytet\u00e4\u00e4n turvallisesti Suomessa.<\/p>\n<\/div>\n\n\n\n<div>\n<h3 class=\"gb-text gb-text-41e6d23b\"><strong><strong>Synkronointi kaikkien laitteiden v\u00e4lill\u00e4<\/strong><\/strong><\/h3>\n\n\n\n<p class=\"gb-text\">K\u00e4yt\u00e4 s\u00e4hk\u00f6postia miss\u00e4 tahansa. IMAP-, SMTP- ja POP3-protokollien t\u00e4yden tuen ansiosta viestisi synkronoidaan saumattomasti puhelimen, tabletin ja tietokoneen v\u00e4lill\u00e4.<\/p>\n<\/div>\n\n\n\n<div>\n<h3 class=\"gb-text gb-text-0c02003d\"><strong><strong>Suojaa roskapostilta ja viruksilta<\/strong><\/strong><\/h3>\n\n\n\n<p class=\"gb-text\">V\u00e4lt\u00e4 turhaa roskaa postilaatikossasi. Edistyksellinen suodattimemme est\u00e4\u00e4 tehokkaasti haitalliset ohjelmat ja ei-toivotut s\u00e4hk\u00f6postit ennen kuin ne edes ehtiv\u00e4t sinulle. Voit s\u00e4\u00e4t\u00e4\u00e4 suodattimen herkkyytt\u00e4 tarpeidesi mukaan.<\/p>\n<\/div>\n\n\n\n<div>\n<h3 class=\"gb-text gb-text-b898969a\"><strong><strong>P\u00e4ivitt\u00e4inen varmuuskopiointi<\/strong><\/strong><\/h3>\n\n\n\n<p class=\"gb-text\">Teemme p\u00e4ivitt\u00e4in varmuuskopion kaikista s\u00e4hk\u00f6postitileist\u00e4si ja viesteist\u00e4si 30 p\u00e4iv\u00e4n ajan. Jos sattuu jotain ik\u00e4v\u00e4\u00e4, voit palauttaa koko s\u00e4hk\u00f6postisi aikaisempaan tilaan suoraan ohjauspaneelistamme.<\/p>\n<\/div>\n\n\n\n<div>\n<h3 class=\"gb-text gb-text-4300743b\"><strong><strong>Autamme sinua muutossa<\/strong><\/strong><\/h3>\n\n\n\n<p class=\"gb-text\">\u00c4l\u00e4 anna tekniikan est\u00e4\u00e4 sinua. Tarjoamme ilmaisen siirtopalvelun, jossa huolehdimme vanhojen s\u00e4hk\u00f6postiviestiesi ja kansioidesi siirt\u00e4misest\u00e4 uuteen osoitteeseesi ilman ongelmia.<\/p>\n<\/div>\n<\/div>\n<\/div>\n<\/div>\n\n\n\n<div class=\"gb-element-52d57a39\" id=\"webbhotell\">\n<div class=\"gb-element-7477db40\">\n<div class=\"gb-element-8323f3e1\">\n<div class=\"gb-element-6dee4994\">\n<h2 class=\"gb-text gb-text-6472809d\"><strong>Mail<\/strong><\/h2>\n\n\n\n<p class=\"gb-text gb-text-d49bf742\">S\u00e4hk\u00f6posti omalla verkkotunnuksella ilman kotisivua<\/p>\n\n\n\n<h4 class=\"gb-text gb-text-3cc78f24\"><strong>4,00 \u20ac \/ kuukausi<\/strong><\/h4>\n\n\n\n<p class=\"gb-text\">alv 0%<\/p>\n\n\n\n<p class=\"gb-text-47f88dcd\"><span class=\"gb-shape\"><svg aria-hidden=\"true\" role=\"img\" height=\"1em\" width=\"1em\" viewBox=\"0 0 512 512\" xmlns=\"http:\/\/www.w3.org\/2000\/svg\"><path fill=\"currentColor\" d=\"M504 256c0 136.967-111.033 248-248 248S8 392.967 8 256 119.033 8 256 8s248 111.033 248 248zM227.314 387.314l184-184c6.248-6.248 6.248-16.379 0-22.627l-22.627-22.627c-6.248-6.249-16.379-6.249-22.628 0L216 308.118l-70.059-70.059c-6.248-6.248-16.379-6.248-22.628 0l-22.627 22.627c-6.248 6.248-6.248 16.379 0 22.627l104 104c6.249 6.249 16.379 6.249 22.628.001z\"><\/path><\/svg><\/span><span class=\"gb-text\">2 s\u00e4hk\u00f6postitili\u00e4<\/span><\/p>\n\n\n\n<p class=\"gb-text-bf87f50c\"><span class=\"gb-shape\"><svg aria-hidden=\"true\" role=\"img\" height=\"1em\" width=\"1em\" viewBox=\"0 0 512 512\" xmlns=\"http:\/\/www.w3.org\/2000\/svg\"><path fill=\"currentColor\" d=\"M504 256c0 136.967-111.033 248-248 248S8 392.967 8 256 119.033 8 256 8s248 111.033 248 248zM227.314 387.314l184-184c6.248-6.248 6.248-16.379 0-22.627l-22.627-22.627c-6.248-6.249-16.379-6.249-22.628 0L216 308.118l-70.059-70.059c-6.248-6.248-16.379-6.248-22.628 0l-22.627 22.627c-6.248 6.248-6.248 16.379 0 22.627l104 104c6.249 6.249 16.379 6.249 22.628.001z\"><\/path><\/svg><\/span><span class=\"gb-text\">1 Gt NVMe-tallennustilaa per tili<\/span><\/p>\n\n\n\n<p class=\"gb-text-70b8a027\"><span class=\"gb-shape\"><svg aria-hidden=\"true\" role=\"img\" height=\"1em\" width=\"1em\" viewBox=\"0 0 512 512\" xmlns=\"http:\/\/www.w3.org\/2000\/svg\"><path fill=\"currentColor\" d=\"M504 256c0 136.967-111.033 248-248 248S8 392.967 8 256 119.033 8 256 8s248 111.033 248 248zM227.314 387.314l184-184c6.248-6.248 6.248-16.379 0-22.627l-22.627-22.627c-6.248-6.249-16.379-6.249-22.628 0L216 308.118l-70.059-70.059c-6.248-6.248-16.379-6.248-22.628 0l-22.627 22.627c-6.248 6.248-6.248 16.379 0 22.627l104 104c6.249 6.249 16.379 6.249 22.628.001z\"><\/path><\/svg><\/span><span class=\"gb-text\">P\u00e4ivitt\u00e4inen varmuuskopiointi (30 p\u00e4iv\u00e4\u00e4)<\/span><\/p>\n\n\n\n<p class=\"gb-text-18eddb8b\"><span class=\"gb-shape\"><svg aria-hidden=\"true\" role=\"img\" height=\"1em\" width=\"1em\" viewBox=\"0 0 512 512\" xmlns=\"http:\/\/www.w3.org\/2000\/svg\"><path fill=\"currentColor\" d=\"M504 256c0 136.967-111.033 248-248 248S8 392.967 8 256 119.033 8 256 8s248 111.033 248 248zM227.314 387.314l184-184c6.248-6.248 6.248-16.379 0-22.627l-22.627-22.627c-6.248-6.249-16.379-6.249-22.628 0L216 308.118l-70.059-70.059c-6.248-6.248-16.379-6.248-22.628 0l-22.627 22.627c-6.248 6.248-6.248 16.379 0 22.627l104 104c6.249 6.249 16.379 6.249 22.628.001z\"><\/path><\/svg><\/span><span class=\"gb-text\">Tuki suomeksi<\/span><\/p>\n\n\n\n<div class=\"gb-element-a076e638\">\n<a class=\"gb-text gb-text-44248055\" target=\"_blank\" rel=\"noopener\" href=\"https:\/\/my.hostingfinland.fi\/order\/main\/packages\/mail\">Tilaa<\/a>\n<\/div>\n<\/div>\n\n\n\n<div class=\"gb-element-72ea1a6f\">\n<h1 class=\"gb-text gb-text-8f9edbd9\"><strong>S\u00e4hk\u00f6postipalvelumme<\/strong><\/h1>\n\n\n\n<p class=\"gb-text gb-text-602632c3\">Klikkaa tilaa-painiketta tilataksesi s\u00e4hk\u00f6postipalvelumme. Huomaa, ett\u00e4 kotisivu ei sis\u00e4lly hintaan, vaan se edellytt\u00e4\u00e4 webhotellin tilaamista.<br><br>Voit itse valita, haluatko maksaa 12, 6, 3 vai 1 kuukauden kerrallaan. Kirjautumistiedot toimitetaan heti maksun suorittamisen j\u00e4lkeen. T\u00e4m\u00e4n j\u00e4lkeen voit muokata ja lis\u00e4t\u00e4 s\u00e4hk\u00f6postitilej\u00e4 ja DNS-tietueita paneelimme kautta.<\/p>\n<\/div>\n<\/div>\n<\/div>\n<\/div>\n","protected":false},"excerpt":{"rendered":"<p>Ammattimainen s\u00e4hk\u00f6posti omalla verkkotunnuksella L\u00e4het\u00e4 s\u00e4hk\u00f6postia omalla verkkotunnuksella ja anna ammattimaisempi vaikutelma. Vakaan s\u00e4hk\u00f6postipalvelumme ansiosta voit olla varma, ett\u00e4 viestisi saapuvat aina perille. Tietosi tallennetaan turvallisesti Suomen datakeskuksessa. Tilaa Miksi valita s\u00e4hk\u00f6posti, jossa on oma verkkotunnus? Vahvista br\u00e4ndi\u00e4si Anna ammattimainen vaikutelma asiakkaille ja yhteisty\u00f6kumppaneille. S\u00e4hk\u00f6postiosoite, kuten @minundomainini.fi, her\u00e4tt\u00e4\u00e4 huomattavasti enemm\u00e4n luottamusta kuin ilmainen Gmail- tai &#8230; <a title=\"S\u00e4hk\u00f6posti\" class=\"read-more\" href=\"https:\/\/hostingfinland.fi\/fi\/webhotelli\/sahkoposti\/\" aria-label=\"Read more about S\u00e4hk\u00f6posti\">Read more<\/a><\/p>\n","protected":false},"author":1,"featured_media":0,"parent":2390,"menu_order":0,"comment_status":"closed","ping_status":"closed","template":"","meta":{"slim_seo":{"title":"S\u00e4hk\u00f6posti omalla verkkotunnuksella - Hosting Finland","description":"L\u00e4het\u00e4 s\u00e4hk\u00f6postia omalla verkkotunnuksella ja anna ammattimaisempi vaikutelma. S\u00e4hk\u00f6postipalvelumme avulla voit olla varma ett\u00e4 viestisi saapuvat aina perille."},"footnotes":""},"class_list":["post-2888","page","type-page","status-publish"],"_links":{"self":[{"href":"https:\/\/hostingfinland.fi\/fi\/wp-json\/wp\/v2\/pages\/2888","targetHints":{"allow":["GET"]}}],"collection":[{"href":"https:\/\/hostingfinland.fi\/fi\/wp-json\/wp\/v2\/pages"}],"about":[{"href":"https:\/\/hostingfinland.fi\/fi\/wp-json\/wp\/v2\/types\/page"}],"author":[{"embeddable":true,"href":"https:\/\/hostingfinland.fi\/fi\/wp-json\/wp\/v2\/users\/1"}],"replies":[{"embeddable":true,"href":"https:\/\/hostingfinland.fi\/fi\/wp-json\/wp\/v2\/comments?post=2888"}],"version-history":[{"count":1,"href":"https:\/\/hostingfinland.fi\/fi\/wp-json\/wp\/v2\/pages\/2888\/revisions"}],"predecessor-version":[{"id":2964,"href":"https:\/\/hostingfinland.fi\/fi\/wp-json\/wp\/v2\/pages\/2888\/revisions\/2964"}],"up":[{"embeddable":true,"href":"https:\/\/hostingfinland.fi\/fi\/wp-json\/wp\/v2\/pages\/2390"}],"wp:attachment":[{"href":"https:\/\/hostingfinland.fi\/fi\/wp-json\/wp\/v2\/media?parent=2888"}],"curies":[{"name":"wp","href":"https:\/\/api.w.org\/{rel}","templated":true}]}}