{"id":3518,"date":"2026-02-11T13:20:43","date_gmt":"2026-02-11T11:20:43","guid":{"rendered":"https:\/\/hostingfinland.fi\/verkkotunnus\/app\/"},"modified":"2026-03-10T09:22:09","modified_gmt":"2026-03-10T07:22:09","slug":"app","status":"publish","type":"page","link":"https:\/\/hostingfinland.fi\/fi\/verkkotunnus\/app\/","title":{"rendered":"APP-verkkotunnus"},"content":{"rendered":"\n<div class=\"gb-element-21ca30ef\">\n<div class=\"gb-element-da9c2050\">\n<div class=\"gb-element-093a1807\">\n<div class=\"gb-element-0450c601\">\n<h1 class=\"gb-text\"><strong>Rekister\u00f6i ja osta APP-verkkotunnus<\/strong><\/h1>\n\n\n\n<p class=\"gb-text gb-text-6d669d04\">.app-verkkotunnus on verkkotunnus, joka p\u00e4\u00e4ttyy .app. APP-verkkotunnus tarkoittaa sovellusta (application) ja on tarkoitettu p\u00e4\u00e4asiassa mobiili- ja verkkosovelluksille. Jos olet kehitt\u00e4j\u00e4, .app-verkkotunnus voi olla vaihtoehto tai lis\u00e4 muille verkkotunnuksille.<br><br>.app-verkkotunnuksen voi rekister\u00f6id\u00e4 1\u201310 vuodeksi. Huomaa, ett\u00e4 .app-verkkotunnus vaatii SSL-varmenteen toimiakseen. Verkkotunnus voidaan varata ilman SSL-varmennetta, mutta sen k\u00e4ytt\u00e4miseksi on aktivoitava SSL-varmenne. Jos k\u00e4yt\u00e4t webhotelliamme, t\u00e4m\u00e4 hoidetaan automaattisesti, jotta verkkotunnuksesi on suojattu alusta alkaen.<\/p>\n<\/div>\n\n\n\n<div class=\"gb-element-cbebf4dc\">\n<p class=\"gb-text-cc1d2191\"><span class=\"gb-shape\"><svg xmlns=\"http:\/\/www.w3.org\/2000\/svg\" id=\"Layer_1\" data-name=\"Layer 1\" viewBox=\"0 0 960 960\"><defs><style>.cls-2,.cls-3,.cls-5{stroke-width:0}.cls-2{fill:#f24234}.cls-3{fill:#969797}.cls-5{fill:#fefdfd}<\/style><\/defs><path d=\"M783.59 372.81c2.69-3.24 4.93-6.08 7.31-8.8 9.3-10.61 21.06-16.97 34.7-20.22 9.38-2.23 18.89-2.75 28.44-2.22 15.47.86 29.88 4.99 42.29 14.7 11.57 9.05 18.94 20.99 23.75 34.67 4.94 14.03 7.17 28.49 6.85 43.36-.19 8.73.28 17.51-.47 26.18-1.31 15.09-5.41 29.48-12.95 42.77-5.76 10.15-13.4 18.58-23.12 25.06-8.58 5.72-18.16 8.79-28.29 10.48-6.68 1.12-13.37 1.77-20.11 1.28-15.19-1.11-29.64-4.56-42.11-13.97-5.79-4.37-10.73-9.51-14.77-15.53-.67-1-1.48-1.91-2.37-3.05.27 37.65.54 74.89.81 112.51h-4.91c-3.63 0-7.26-.11-10.89.01-2 .06-2.63-.53-2.63-2.63.06-30.28.03-60.56.02-90.84V348.22c0-.52.06-1.04 0-1.55-.18-1.55.46-2.04 2.02-1.99 3.7.11 7.41.16 11.11-.01 1.97-.09 2.63.71 2.8 2.48.76 8.02 1.56 16.04 2.34 24.05.03.34.08.69.18 1.62Zm64.3 151.36c2.51-.24 6.92-.3 11.17-1.13 17.22-3.36 29.83-13.06 38.1-28.46 7.8-14.54 10.5-30.37 11.09-46.58.31-8.38-.28-16.82-.87-25.2-.72-10.21-2.91-20.14-6.63-29.73-7.72-19.89-21.98-31.65-43.16-34.56-12.52-1.72-24.97-.62-36.99 3.37-13.38 4.44-23.11 13.13-28.96 26.07-5.58 12.34-7.81 25.45-8.13 38.8-.28 11.59.19 23.21.79 34.79a94.9 94.9 0 0 0 6.68 30.39c4.07 10.2 10.58 18.45 20.26 23.92 10.78 6.1 22.58 8.09 36.64 8.32ZM708.68 401.21c-3.54-14.28-9.27-27.4-19.56-38.26-8.75-9.22-19.24-15.48-31.49-18.58-11.45-2.91-23.11-3.71-34.93-2.41-10.55 1.16-20.62 3.66-29.96 8.88-8.11 4.52-14.68 10.68-20.2 18.06-.83 1.1-1.82 2.09-3.08 3.54-.23-1.21-.35-1.7-.41-2.19-.86-7.71-1.76-15.42-2.54-23.13-.19-1.82-.79-2.57-2.75-2.48-3.62.17-7.26.14-10.88.02-1.61-.05-2.16.49-2 2.02.07.66 0 1.33 0 2 0 48.48-.02 96.97 0 145.46 0 19.17.05 38.34.08 57.52-.02.66-.07 1.33-.07 1.99v51.05c0 4.51.07 9.02.03 13.54 0 1.31.39 1.89 1.79 1.8 1.91-.11 3.84-.08 5.76-.12 2.51 0 5.02.01 7.53.01 3.06.23 3.07.21 3.07-2.64 0-14.85.01-29.71 0-44.56 0-.96-.08-1.91-.13-2.87.04-.29.11-.59.1-.88-.16-14.87-.32-29.75-.49-44.62 0-.37-.1-.74-.1-1.11-.01-5.21-.01-10.42-.01-15.53.4.49 1.08 1.23 1.65 2.05 3.7 5.4 7.96 10.27 13.02 14.47 13.07 10.82 28.57 14.78 45.04 15.81 4.55.29 9.17-.07 13.72-.49 12.49-1.16 24.27-4.6 34.75-11.7 14-9.49 23.08-22.74 28.87-38.38 4.51-12.17 6.66-24.86 7.04-37.78.49-16.94.27-33.87-3.84-50.49Zm-19.51 77.47c-3.94 13.94-10.82 26.05-22.57 34.95-7.75 5.86-16.62 8.94-26.22 9.99-11.02 1.2-21.84.2-32.47-3-13.48-4.06-23.4-12.19-29.61-24.93-5.02-10.29-7.43-21.26-8.19-32.49-.82-12.24-1.23-24.55-.86-36.8.38-12.94 2.29-25.73 7.71-37.78 5.88-13.1 15.48-22 29-26.67 7.39-2.56 15.08-3.49 22.86-4 8-.53 15.86.33 23.48 2.47 12.72 3.57 22.5 11.28 29.22 22.72 6.88 11.72 10.03 24.55 11.22 37.94.59 6.62 1.12 13.25 1.45 17.11-.33 15.54-1.55 28.17-5.02 40.49M489.53 533.82c-.17-2.65-.09-5.32-.09-7.99-.1-41.45-.18-82.9-.3-124.35-.02-8.72-1.64-17.18-4.49-25.43-5.14-14.84-15.25-24.89-29.93-30.01-12.31-4.3-25.16-5.18-38.13-3.93-12.56 1.22-24.87 3.64-36.72 8.06-5.26 1.96-10.45 4.08-15.92 6.23l6.79 15.92c.76-.3 1.29-.5 1.82-.74 4.58-2.07 9.08-4.35 13.76-6.18 16.38-6.38 33.29-9.56 50.86-6.92 9.67 1.45 18.38 5.2 24.57 13.28 4.97 6.48 7.67 13.94 9.17 21.88 1.76 9.38 1.28 18.87 1.41 28.32.03 1.94-.61 2.64-2.47 2.7-7.52.25-15.03.72-22.54.84-12.65.22-25.3.09-37.84 2.23-13.04 2.22-25.8 5.2-37.36 12.01-7.11 4.19-13.56 9.23-18.07 16.11-9.19 14.01-11.09 29.33-6.98 45.5 2.32 9.08 6.39 17.16 13.26 23.68 6.13 5.82 13.31 9.93 21.5 11.94 4.99 1.23 10.15 1.73 15.24 2.55 1.78.19 3.56.37 5.34.55h4.89c1.49-.1 2.98-.21 4.48-.31.43-.06.86-.13 1.3-.19 1.48-.16 2.96-.32 4.44-.47 1.78-.3 3.56-.59 5.34-.89.45-.1.89-.2 1.33-.3 1.07-.23 2.13-.46 3.19-.69 1.63-.45 3.26-.9 4.88-1.36.57-.21 1.14-.42 1.71-.64 6.05-1.59 11.27-4.82 16.26-8.41 7.17-5.16 13.18-11.56 18.85-18.29.87-.66 1.74-1.31 2.75-2.07.2.62.3.82.33 1.02 1.25 8.85 2.5 17.7 3.73 26.56.2 1.44.77 2.23 2.43 2.15 2.96-.13 5.93-.11 8.89-.07 1.65.03 2.45-.42 2.32-2.29m-18.37-65.45c-1.35 16.14-7.61 30.1-20.22 40.8-1.11.94-2.15 1.96-3.22 2.95-.29.13-.59.26-.88.39-.94.59-1.89 1.18-2.83 1.77-.54.3-1.07.61-1.61.91-.29.15-.59.3-.89.45-.35.19-.7.38-1.06.57-7.01 3.27-14.26 5.91-21.96 6.73-12.31 1.33-24.58 1.57-36.01-4.36-11-5.69-16.55-15.08-17.75-27.14-.74-7.47-.2-14.8 2.83-21.89 3.93-9.18 10.81-15.14 19.64-19.21 10.77-4.97 22.31-6.85 33.94-7.93 11.85-1.09 23.75-1.52 35.63-2.23 4.92-.29 9.83-.56 14.87-.85.08.78.17 1.28.17 1.77-.18 9.09.11 18.23-.65 27.27\" class=\"cls-3\"><\/path><path d=\"M300.19 523.53c.13 4.07-.79 8.46-3.85 12.08-3.81 4.51-8.98 5.2-14.4 4.31-5.89-.97-8.97-4.96-10.41-10.5-1.56-6.02-1.14-11.91 1.43-17.53 2.8-6.1 7.04-6.6 12.12-6.7.14 0 .29.09.43.08 10.15-.81 14.43 7.07 14.66 16.57v1.69Z\" style=\"fill:#959596;stroke-width:0\"><\/path><path d=\"M203.94 358.62c0-2.58-1.59-5.17-2.45-7.76-1.07-1.1-2.13-2.19-3.21-3.29s.02 0 .02 0c-2.68-2.65-6.1-2.9-9.57-2.9H47.46c-9.94 0-15.49 5.49-15.51 15.32v10.99c.03 21.34.07 42.68.1 64.02-.03 13.64-.13 27.27 0 40.91.01 1.9 1.14 3.8 1.76 5.69l.57.84-.08-.05c.29.41.58.84.87 1.25.39.4.78.82 1.17 1.23.37.31.74.63 1.11.94l.09.1c.84.6 1.66 1.21 2.49 1.81l.09.07c.49.34.99.67 1.48 1 .97.73 1.97 1.46 2.95 2.2l.1.07c.49.33.98.67 1.48 1l-.03-.03c.37.29.76.58 1.14.87l.2-.02-.2.05c.5.35 1 .69 1.49 1.05.98.72 1.95 1.45 2.93 2.18l.1.08c.5.33.99.66 1.48.99l-.03-.03c.98.74 1.96 1.48 2.94 2.21l.13.1c.85.6 1.69 1.21 2.54 1.81l.06.06c.58.43 1.17.85 1.75 1.28l.17.12c.81.6 1.64 1.21 2.46 1.8l.13.09c1.36.97 2.72 1.93 4.08 2.9l-.03-.03c1.51 1.09 3.03 2.19 4.54 3.29v-.02c.88.64 1.75 1.29 2.63 1.92l2.97 2.19.05.06c.5.34.99.68 1.49 1.02l-.02-.03c.97.73 1.96 1.47 2.94 2.21l.14.09 4.07 2.9c.99.72 1.97 1.46 2.95 2.19l.1.07c.48.34.97.67 1.47 1.01l-.03-.03c.88.64 1.76 1.29 2.65 1.93.97.72 1.95 1.45 2.93 2.18l.09.08c.5.33.99.67 1.49 1l-.03-.04 2.64 1.94-.03-.03c1.61 1.18 3.2 2.36 4.8 3.54l.18.12c.72.51 1.45 1.02 2.17 1.53 6.99 6.16 13.78 6.16 20.77 0l2.17-1.53.19-.12 4.77-3.51s.02-.01.03-.02l2.13-1.5.2-.14 1.72-1.24.12-.08c.98-.74 1.96-1.47 2.94-2.21l-.03.03 2.65-1.93-.03.03c.49-.34.98-.67 1.47-1.01l.11-.07c.83-.6 1.65-1.2 2.48-1.81l.2-.13c1.6-1.17 3.19-2.35 4.79-3.54l-.02.02 2.17-1.51.2-.13c.58-.43 1.15-.85 1.72-1.28l.08-.05c.98-.73 1.97-1.46 2.95-2.19.72-.5 1.45-1.01 2.17-1.52l.2-.13c.58-.41 1.15-.83 1.72-1.24l.12-.08c.98-.74 1.97-1.47 2.95-2.21l-.03.03c1.51-1.09 3.01-2.17 4.51-3.26.72-.51 1.45-1.02 2.17-1.53l.19-.12c1.58-1.17 3.17-2.35 4.76-3.52 0 0 .02-.01.03-.02.72-.5 1.42-1 2.14-1.49l.21-.14c.57-.41 1.14-.83 1.71-1.24l.12-.08c.98-.74 1.96-1.47 2.94-2.21l-.03.03c.88-.65 1.76-1.29 2.64-1.94l-.02.03c.64-.45 1.28-.91 1.92-1.37l-.03.03c.72-.51 1.45-1.02 2.17-1.53l.2-.13c1.44-1.05 2.89-2.09 4.33-3.14l.12-.09c.36-.32.72-.63 1.08-.95.18-.17.36-.35.54-.52.22-.26.44-.53.66-.8l-.02.05c.29-.4.57-.81.86-1.2l-.06.05c.17-.26.33-.54.5-.8v-.02c.21-.43.44-.88.65-1.31.41-1.75 1.17-3.5 1.18-5.24.06-38.82.1-77.63-.07-116.45ZM77.18 387.75c8.37.07 16.74 0 25.11.06.93 0 1.85.4 2.77.62.24 1.5.48 2.99.71 4.5v2.59l-.12 19.36c-.02 4.43-.22 4.63-4.51 4.66-6.45.04-12.91.08-19.36.13-.1-.02-.21-.05-.32-.06q-7.55-.4-7.55-7.98c0-6.76.05-13.53-.04-20.29-.03-2.38.72-3.61 3.3-3.59Zm28.5 84.71c.14 2.95-1.2 3.96-4.03 3.93-6.84-.07-13.68.04-20.52.09q-7.22-.48-7.22-7.83c0-6.99.07-13.98-.04-20.97-.04-2.4.85-3.17 3.16-3.15 8.38.08 16.78.08 25.16 0 2.5-.03 3.49 1.03 3.48 3.46-.02 5.81.07 11.61.11 17.41-.04 2.35-.2 4.71-.1 7.05Zm90.66-.8c0 1.97-.71 3.08-2.3 4.16-14.41 9.74-28.76 19.56-43.11 29.39-9.82 6.72-19.62 13.51-29.45 20.25-.94.65-1.97 1.17-3.47 2.05V369.65c0-2.58.2-5.17-.04-7.72-.28-3.03.65-4.03 3.84-4 16.42.16 32.84.07 49.26.07h.64c7.01 0 14.01.09 21.02-.04 2.6-.05 3.62.71 3.62 3.47-.07 36.75-.06 73.49 0 110.24Z\" style=\"stroke-width:0;fill:#f94e40\"><\/path><path d=\"M191.41 351.41h-.02v-.01z\" style=\"stroke-width:0;fill:#f34d40\"><\/path><path d=\"M72.09 515.89v-.02.01ZM191.41 351.41h-.02v-.01z\" class=\"cls-2\"><\/path><path d=\"M72.09 515.89v-.02.01Z\" style=\"stroke-width:0;fill:#d54b40\"><\/path><path d=\"M105.77 392.93v2.59l-.12 19.36c-.02 4.43-.22 4.63-4.51 4.66-6.45.04-12.91.08-19.36.13-.1-.02-.21-.05-.32-.06q-7.55-.4-7.55-7.98c0-6.76.05-13.53-.04-20.29-.03-2.38.72-3.61 3.3-3.59 8.37.07 16.74 0 25.11.06.93 0 1.85.4 2.77.62.24 1.5.48 2.99.71 4.5Z\" class=\"cls-5\"><\/path><path d=\"M105.68 472.46c.14 2.95-1.2 3.96-4.03 3.93-6.84-.07-13.68.04-20.52.09q-7.22-.48-7.22-7.83c0-6.99.07-13.98-.04-20.97-.04-2.4.85-3.17 3.16-3.15 8.38.08 16.78.08 25.16 0 2.5-.03 3.49 1.03 3.48 3.46-.02 5.81.07 11.61.11 17.41-.04 2.35-.2 4.71-.1 7.05Z\" style=\"stroke-width:0;fill:#fefdfc\"><\/path><path d=\"M196.34 361.42c0-2.76-1.02-3.52-3.62-3.47-7 .13-14.01.04-21.02.04h-.64c-16.42 0-32.85.08-49.26-.07-3.19-.03-4.13.97-3.84 4 .24 2.55.04 5.15.04 7.72V527.5c1.51-.88 2.54-1.4 3.47-2.05 9.83-6.74 19.62-13.52 29.45-20.25 14.35-9.83 28.71-19.65 43.11-29.39 1.6-1.08 2.3-2.19 2.3-4.16-.06-36.75-.07-73.49 0-110.24Zm-34.19 111.12c.04 2.79-.94 3.87-3.75 3.84-8.08-.1-16.17-.1-24.25 0-2.81.03-3.82-1.11-3.79-3.86.09-8.83.04-17.68.04-26.52.61-.5 1.21-1 1.82-1.5 8.73.02 17.46.12 26.19.02 2.81-.03 3.8.95 3.75 3.77-.14 8.09-.13 16.17 0 24.25Zm.11-80.9c-.04 8.07-.19 16.13-.09 24.19.03 2.8-.93 3.9-3.75 3.76-2.89-.14-5.8.04-8.7.09-5.15-.05-10.31-.2-15.46-.1-2.71.05-3.92-.85-3.89-3.7.1-8.16.08-16.33 0-24.5-.03-2.62 1.04-3.66 3.66-3.63 7.95.08 15.91.14 23.85-.03 2.98-.07 4.5.85 4.38 3.92\" style=\"stroke-width:0;fill:#e33d39\"><\/path><path d=\"M162.15 472.54c.05 2.79-.94 3.88-3.75 3.84-8.08-.1-16.17-.1-24.25 0-2.81.03-3.82-1.11-3.79-3.86.09-8.84.04-17.68.04-26.52.61-.5 1.21-1 1.82-1.51 8.73.02 17.46.12 26.19.02 2.81-.03 3.8.95 3.75 3.77-.14 8.09-.13 16.17 0 24.25Z\" style=\"stroke-width:0;fill:#fefcfc\"><\/path><path d=\"M162.26 391.64c-.05 8.07-.19 16.13-.1 24.19.03 2.8-.92 3.9-3.75 3.76-2.89-.14-5.8.05-8.7.09-5.16-.05-10.31-.19-15.46-.1-2.71.05-3.92-.85-3.89-3.7.1-8.16.08-16.33 0-24.51-.03-2.62 1.03-3.66 3.65-3.63 7.95.08 15.91.14 23.85-.03 2.98-.06 4.5.85 4.38 3.92Z\" class=\"cls-5\"><\/path><\/svg><\/span><\/p>\n<\/div>\n<\/div>\n<\/div>\n<\/div>\n\n\n\n<div class=\"gb-element-b12aa690\" id=\"doman\">\n<div class=\"gb-element-5611a0d2\">\n<h1 class=\"gb-text gb-text-dd36dd13\"><strong>Osta APP-verkkotunnus muutamassa minuutissa<\/strong><\/h1>\n\n\n\n<p class=\"gb-text gb-text-69c8ccee\">Verkkokaupastamme voit helposti tarkistaa, onko haluamasi verkkotunnus vapaa. Hinta n\u00e4kyy, kun verkkotunnuksen saatavuus on tarkistettu. Jos se on vapaa, voit rekister\u00f6id\u00e4 sen suoraan muutamassa minuutissa.<br><br>Jos sinulla on jo verkkotunnus, jonka haluat siirt\u00e4\u00e4 meille, toimi samalla tavalla: kirjoita verkkotunnus hakukentt\u00e4\u00e4n ja valitse sen siirto. Tarvitset siirtokoodin (jota kutsutaan my\u00f6s auth-koodiksi tai EPP-koodiksi), jotta siirto voidaan suorittaa. Kun on aika uusia domainnimi, saat muistutuksen s\u00e4hk\u00f6postitse. Huomaa, ett\u00e4 voidaksesi k\u00e4ytt\u00e4\u00e4 domainnime\u00e4si, sinun on ostettava my\u00f6s <a href=\"https:\/\/hostingfinland.fi\/fi\/webhotelli\/\" target=\"_blank\" rel=\"noopener\" title=\"Webhotelli\"><strong>webhotelli<\/strong><\/a>.<\/p>\n\n\n\n<div class=\"gb-element-d20a3816\">\n<a class=\"gb-text gb-text-e448dcf4 smooth-scroll\" href=\"https:\/\/my.hostingfinland.fi\/order\/config\/preconfig\/doman\" target=\"_blank\" rel=\"noopener\">Tarkista saatavuus<\/a>\n<\/div>\n<\/div>\n<\/div>\n\n\n\n<div class=\"gb-element-0ec0bbdf\">\n<div class=\"gb-element-3fd725df\">\n<h2 class=\"gb-text gb-text-5fcad46a\"><strong>Vinkkej\u00e4 verkkotunnuksen rekister\u00f6intiin<\/strong><\/h2>\n\n\n\n<div class=\"gb-element-31b7b1d5\">\n<div>\n<p class=\"gb-text-11056f34\"><span class=\"gb-shape\"><svg aria-hidden=\"true\" role=\"img\" height=\"1em\" width=\"1em\" viewBox=\"0 0 512 512\" xmlns=\"http:\/\/www.w3.org\/2000\/svg\"><path fill=\"currentColor\" d=\"M504 256c0 136.967-111.033 248-248 248S8 392.967 8 256 119.033 8 256 8s248 111.033 248 248zM227.314 387.314l184-184c6.248-6.248 6.248-16.379 0-22.627l-22.627-22.627c-6.248-6.249-16.379-6.249-22.628 0L216 308.118l-70.059-70.059c-6.248-6.248-16.379-6.248-22.628 0l-22.627 22.627c-6.248 6.248-6.248 16.379 0 22.627l104 104c6.249 6.249 16.379 6.249 22.628.001z\"><\/path><\/svg><\/span><span class=\"gb-text\"><strong>Valitse lyhyt nimi, joka on helppo muistaa:<\/strong><\/span><\/p>\n\n\n\n<p class=\"gb-text gb-text-f18dd183\">Lyhyemm\u00e4t verkkotunnukset ovat k\u00e4vij\u00f6iden helpompi kirjoittaa ja muistaa. V\u00e4lt\u00e4 tarpeettomia numeroita tai yhdysmerkkej\u00e4.<\/p>\n<\/div>\n\n\n\n<div>\n<p class=\"gb-text-90dcb070\"><span class=\"gb-shape\"><svg aria-hidden=\"true\" role=\"img\" height=\"1em\" width=\"1em\" viewBox=\"0 0 512 512\" xmlns=\"http:\/\/www.w3.org\/2000\/svg\"><path fill=\"currentColor\" d=\"M504 256c0 136.967-111.033 248-248 248S8 392.967 8 256 119.033 8 256 8s248 111.033 248 248zM227.314 387.314l184-184c6.248-6.248 6.248-16.379 0-22.627l-22.627-22.627c-6.248-6.249-16.379-6.249-22.628 0L216 308.118l-70.059-70.059c-6.248-6.248-16.379-6.248-22.628 0l-22.627 22.627c-6.248 6.248-6.248 16.379 0 22.627l104 104c6.249 6.249 16.379 6.249 22.628.001z\"><\/path><\/svg><\/span><span class=\"gb-text\"><strong>K\u00e4yt\u00e4 relevanttia ja selke\u00e4\u00e4 nime\u00e4:<\/strong><\/span><\/p>\n\n\n\n<p class=\"gb-text gb-text-f87416fd\">Nimen tulisi kuvastaa yrityst\u00e4si, br\u00e4ndi\u00e4si tai toimintaasi, jotta k\u00e4vij\u00e4t ymm\u00e4rt\u00e4v\u00e4t heti, mist\u00e4 sivulla on kyse.<\/p>\n<\/div>\n\n\n\n<div>\n<p class=\"gb-text-63e837b0\"><span class=\"gb-shape\"><svg aria-hidden=\"true\" role=\"img\" height=\"1em\" width=\"1em\" viewBox=\"0 0 512 512\" xmlns=\"http:\/\/www.w3.org\/2000\/svg\"><path fill=\"currentColor\" d=\"M504 256c0 136.967-111.033 248-248 248S8 392.967 8 256 119.033 8 256 8s248 111.033 248 248zM227.314 387.314l184-184c6.248-6.248 6.248-16.379 0-22.627l-22.627-22.627c-6.248-6.249-16.379-6.249-22.628 0L216 308.118l-70.059-70.059c-6.248-6.248-16.379-6.248-22.628 0l-22.627 22.627c-6.248 6.248-6.248 16.379 0 22.627l104 104c6.249 6.249 16.379 6.249 22.628.001z\"><\/path><\/svg><\/span><span class=\"gb-text\"><strong>Tarkista saatavuus sosiaalisessa mediassa:<\/strong><\/span><\/p>\n\n\n\n<p class=\"gb-text gb-text-e4532295\">Jos aiot k\u00e4ytt\u00e4\u00e4 sosiaalista mediaa markkinointiin, varmista, ett\u00e4 sama nimi on vapaana siell\u00e4, jotta profiilisi on yhdenmukainen.<\/p>\n<\/div>\n\n\n\n<div>\n<p class=\"gb-text-b621dfd1\"><span class=\"gb-shape\"><svg aria-hidden=\"true\" role=\"img\" height=\"1em\" width=\"1em\" viewBox=\"0 0 512 512\" xmlns=\"http:\/\/www.w3.org\/2000\/svg\"><path fill=\"currentColor\" d=\"M504 256c0 136.967-111.033 248-248 248S8 392.967 8 256 119.033 8 256 8s248 111.033 248 248zM227.314 387.314l184-184c6.248-6.248 6.248-16.379 0-22.627l-22.627-22.627c-6.248-6.249-16.379-6.249-22.628 0L216 308.118l-70.059-70.059c-6.248-6.248-16.379-6.248-22.628 0l-22.627 22.627c-6.248 6.248-6.248 16.379 0 22.627l104 104c6.249 6.249 16.379 6.249 22.628.001z\"><\/path><\/svg><\/span><span class=\"gb-text\"><strong>Valitse oikea verkkotunnus (.fi, .ax, .com, .eu jne.)<\/strong><\/span><\/p>\n\n\n\n<p class=\"gb-text gb-text-6c00448a\">Ajattele kohderyhm\u00e4\u00e4si. Esimerkiksi suomalaiset yritykset saattavat suosia .fi-p\u00e4\u00e4tett\u00e4, kun taas kansainv\u00e4liset sivustot k\u00e4ytt\u00e4v\u00e4t usein .com-p\u00e4\u00e4tett\u00e4.<\/p>\n<\/div>\n\n\n\n<div>\n<p class=\"gb-text-457db41c\"><span class=\"gb-shape\"><svg aria-hidden=\"true\" role=\"img\" height=\"1em\" width=\"1em\" viewBox=\"0 0 512 512\" xmlns=\"http:\/\/www.w3.org\/2000\/svg\"><path fill=\"currentColor\" d=\"M504 256c0 136.967-111.033 248-248 248S8 392.967 8 256 119.033 8 256 8s248 111.033 248 248zM227.314 387.314l184-184c6.248-6.248 6.248-16.379 0-22.627l-22.627-22.627c-6.248-6.249-16.379-6.249-22.628 0L216 308.118l-70.059-70.059c-6.248-6.248-16.379-6.248-22.628 0l-22.627 22.627c-6.248 6.248-6.248 16.379 0 22.627l104 104c6.249 6.249 16.379 6.249 22.628.001z\"><\/path><\/svg><\/span><span class=\"gb-text\"><strong>Suojaa br\u00e4ndi\u00e4si<\/strong><\/span><\/p>\n\n\n\n<p class=\"gb-text gb-text-b0bbeede\">Rekister\u00f6i useita muunnelmia ja yleisi\u00e4 kirjoitusvirheit\u00e4 domain-nimest\u00e4si, jotta kilpailijat tai huijarit eiv\u00e4t voi kaapata niit\u00e4.<\/p>\n<\/div>\n\n\n\n<div>\n<p class=\"gb-text-7bbca8d6\"><span class=\"gb-shape\"><svg aria-hidden=\"true\" role=\"img\" height=\"1em\" width=\"1em\" viewBox=\"0 0 512 512\" xmlns=\"http:\/\/www.w3.org\/2000\/svg\"><path fill=\"currentColor\" d=\"M504 256c0 136.967-111.033 248-248 248S8 392.967 8 256 119.033 8 256 8s248 111.033 248 248zM227.314 387.314l184-184c6.248-6.248 6.248-16.379 0-22.627l-22.627-22.627c-6.248-6.249-16.379-6.249-22.628 0L216 308.118l-70.059-70.059c-6.248-6.248-16.379-6.248-22.628 0l-22.627 22.627c-6.248 6.248-6.248 16.379 0 22.627l104 104c6.249 6.249 16.379 6.249 22.628.001z\"><\/path><\/svg><\/span><span class=\"gb-text\"><strong>Tarkista oikeinkirjoitus kahdesti<\/strong><\/span><\/p>\n\n\n\n<p class=\"gb-text gb-text-25f47f8a\">Varmista, ett\u00e4 olet kirjoittanut verkkotunnuksen oikein. Kun verkkotunnus on rekister\u00f6ity, sit\u00e4 ei voi peruuttaa.<\/p>\n<\/div>\n<\/div>\n<\/div>\n<\/div>\n\n\n\n<div class=\"gb-element-201a5e9d\">\n<div class=\"gb-element-f704efa4\">\n<h3 class=\"gb-text gb-text-5d359903\">Tarvitsetko apua sopivan APP-verkkotunnuksen l\u00f6yt\u00e4misess\u00e4? Ota meihin yhteytt\u00e4, autamme mielell\u00e4mme.<\/h3>\n\n\n\n<div class=\"gb-element-3132d391\">\n<a class=\"gb-text gb-text-643cc267\" href=\"https:\/\/hostingfinland.fi\/fi\/ota-yhteytta\/\">Ota yhteytt\u00e4<\/a>\n<\/div>\n<\/div>\n<\/div>\n","protected":false},"excerpt":{"rendered":"<p>Rekister\u00f6i ja osta APP-verkkotunnus .app-verkkotunnus on verkkotunnus, joka p\u00e4\u00e4ttyy .app. APP-verkkotunnus tarkoittaa sovellusta (application) ja on tarkoitettu p\u00e4\u00e4asiassa mobiili- ja verkkosovelluksille. Jos olet kehitt\u00e4j\u00e4, .app-verkkotunnus voi olla vaihtoehto tai lis\u00e4 muille verkkotunnuksille. .app-verkkotunnuksen voi rekister\u00f6id\u00e4 1\u201310 vuodeksi. Huomaa, ett\u00e4 .app-verkkotunnus vaatii SSL-varmenteen toimiakseen. Verkkotunnus voidaan varata ilman SSL-varmennetta, mutta sen k\u00e4ytt\u00e4miseksi on aktivoitava SSL-varmenne. Jos &#8230; <a title=\"APP-verkkotunnus\" class=\"read-more\" href=\"https:\/\/hostingfinland.fi\/fi\/verkkotunnus\/app\/\" aria-label=\"Read more about APP-verkkotunnus\">Read more<\/a><\/p>\n","protected":false},"author":1,"featured_media":0,"parent":2303,"menu_order":0,"comment_status":"closed","ping_status":"closed","template":"","meta":{"slim_seo":{"title":"Rekister\u00f6i ja osta APP-verkkotunnus - Hosting Finland","description":"APP-verkkotunnus on verkkotunnus, joka p\u00e4\u00e4ttyy .app. Verkkotunnuksen p\u00e4\u00e4te on tarkoitettu mobiili- ja verkkosovelluksille ja voi rekister\u00f6id\u00e4 1\u201310 vuodeksi."},"footnotes":""},"class_list":["post-3518","page","type-page","status-publish"],"_links":{"self":[{"href":"https:\/\/hostingfinland.fi\/fi\/wp-json\/wp\/v2\/pages\/3518","targetHints":{"allow":["GET"]}}],"collection":[{"href":"https:\/\/hostingfinland.fi\/fi\/wp-json\/wp\/v2\/pages"}],"about":[{"href":"https:\/\/hostingfinland.fi\/fi\/wp-json\/wp\/v2\/types\/page"}],"author":[{"embeddable":true,"href":"https:\/\/hostingfinland.fi\/fi\/wp-json\/wp\/v2\/users\/1"}],"replies":[{"embeddable":true,"href":"https:\/\/hostingfinland.fi\/fi\/wp-json\/wp\/v2\/comments?post=3518"}],"version-history":[{"count":1,"href":"https:\/\/hostingfinland.fi\/fi\/wp-json\/wp\/v2\/pages\/3518\/revisions"}],"predecessor-version":[{"id":3521,"href":"https:\/\/hostingfinland.fi\/fi\/wp-json\/wp\/v2\/pages\/3518\/revisions\/3521"}],"up":[{"embeddable":true,"href":"https:\/\/hostingfinland.fi\/fi\/wp-json\/wp\/v2\/pages\/2303"}],"wp:attachment":[{"href":"https:\/\/hostingfinland.fi\/fi\/wp-json\/wp\/v2\/media?parent=3518"}],"curies":[{"name":"wp","href":"https:\/\/api.w.org\/{rel}","templated":true}]}}